{"id":1034,"date":"2024-11-12T14:42:13","date_gmt":"2024-11-12T06:42:13","guid":{"rendered":"https:\/\/www.vapecigwholesale.com\/?post_type=product&#038;p=1034"},"modified":"2025-09-22T14:03:45","modified_gmt":"2025-09-22T06:03:45","slug":"lavie-cube-20000-puffs-disposable-vape-free-shipping","status":"publish","type":"product","link":"https:\/\/www.vapecigwholesale.com\/pl\/product\/lavie-cube-20000-puff-jednorazowe-vape-darmowa-wysylka\/","title":{"rendered":"LAVIE Cube 20000 Puffs Jednorazowe Vape Darmowa wysy\u0142ka"},"content":{"rendered":"<p>LAVIE Cube 20000 Puffs to jednorazowe urz\u0105dzenie vape wyposa\u017cone w wy\u015bwietlacz poziomu baterii i ejuice. Wyposa\u017cony w wysokowydajn\u0105 bateri\u0119 o pojemno\u015bci 600 mAh, kt\u00f3ra zapewnia d\u0142ug\u0105 \u017cywotno\u015b\u0107 baterii, pozwalaj\u0105c cieszy\u0107 si\u0119 waporyzacj\u0105 bez konieczno\u015bci cz\u0119stego \u0142adowania. Jednocze\u015bnie zbiornik paliwa o pojemno\u015bci 28 ml zapewnia wyd\u0142u\u017cony czas palenia, aby\u015b m\u00f3g\u0142 cieszy\u0107 si\u0119 nim w pe\u0142ni. Lavie Cube 20000 oferuje r\u00f3wnie\u017c r\u00f3\u017cne opcje zawarto\u015bci nikotyny 2%\/5%, aby zaspokoi\u0107 potrzeby wszystkich typ\u00f3w palaczy. Zr\u00f3\u017cnicowany wyb\u00f3r smak\u00f3w jest r\u00f3wnie imponuj\u0105cy, z 16 klasycznymi orze\u017awiaj\u0105cymi smakami, od tradycyjnego tytoniu po owocowe mieszanki, dzi\u0119ki czemu ka\u017cdy znajdzie co\u015b dla siebie.<\/p>\n<h2><strong>LAVIE Cube 20000 Puffs Szczeg\u00f3\u0142y:<\/strong><\/h2>\n<ul>\n<li>Puffy: 20000 puff\u00f3w<\/li>\n<li>Pojemno\u015b\u0107 p\u0142ynu: 28 ml<\/li>\n<li>Bateria: 600 mAh<\/li>\n<li>S\u00f3l Nic.2%, 5%.OEM<\/li>\n<li>Cewka siatkowa: Podw\u00f3jna cewka siatkowa<\/li>\n<li>Materia\u0142: PC, METAL<\/li>\n<li>Wytrzyma\u0142o\u015b\u0107: 1,0\u03a9<\/li>\n<li>Typ: ekran wy\u015bwietlacza<\/li>\n<li>Rozmiar: 112*40*17,5 mm<\/li>\n<li>Waga netto: 74 g<\/li>\n<\/ul>\n<h2><strong>LAVIE Cube 20000 Puffs Dost\u0119pne smaki:<\/strong><\/h2>\n<ol>\n<li>L\u00f3d truskawkowy z kiwi<\/li>\n<li>Aloesowy l\u00f3d winogronowy<\/li>\n<li>Arbuz truskawkowy<\/li>\n<li>L\u00f3d je\u017cynowo-wi\u015bniowy<\/li>\n<li>L\u00f3d winogronowy<\/li>\n<li>L\u00f3d mi\u0119towy<\/li>\n<li>Bacco<\/li>\n<li>Potw\u00f3r z mango<\/li>\n<li>Jagoda malina winogrono<\/li>\n<li>Marakuja kiwi guawa<\/li>\n<li>Podw\u00f3jne jab\u0142ko<\/li>\n<li>Cola cytrynowa<\/li>\n<li>Truskawkowy l\u00f3d liczi<\/li>\n<li>L\u00f3d arbuzowy<\/li>\n<li>Jagoda malina guma balonowa<\/li>\n<li>Lody Taro<\/li>\n<\/ol>\n<h2><strong>Lista pakowania:<\/strong><\/h2>\n<p>1 sztuka ka\u017cdego ma\u0142ego pude\u0142ka<br \/>\n10 sztuk w ka\u017cdym \u015brodkowym pude\u0142ku<br \/>\n200 sztuk w kartonie<\/p>\n<figure id=\"attachment_1016\" aria-describedby=\"caption-attachment-1016\" style=\"width: 800px\" class=\"wp-caption alignnone\"><img fetchpriority=\"high\" decoding=\"async\" class=\"wp-image-1016 size-full\" title=\"LAVIE Cube 20000 Puffs Jednorazowe Vape Darmowa wysy\u0142ka 4\" src=\"https:\/\/www.vapecigwholesale.com\/wp-content\/uploads\/2024\/11\/LAVIE-Cube-20000-Puffs-Disposable-Vape-Free-Shipping-4.webp\" alt=\"LAVIE Cube 20000 Puffs Jednorazowe Vape Darmowa wysy\u0142ka 4\" width=\"800\" height=\"800\" srcset=\"https:\/\/www.vapecigwholesale.com\/wp-content\/uploads\/2024\/11\/LAVIE-Cube-20000-Puffs-Disposable-Vape-Free-Shipping-4.webp 800w, https:\/\/www.vapecigwholesale.com\/wp-content\/uploads\/2024\/11\/LAVIE-Cube-20000-Puffs-Disposable-Vape-Free-Shipping-4-300x300.webp 300w, https:\/\/www.vapecigwholesale.com\/wp-content\/uploads\/2024\/11\/LAVIE-Cube-20000-Puffs-Disposable-Vape-Free-Shipping-4-150x150.webp 150w, https:\/\/www.vapecigwholesale.com\/wp-content\/uploads\/2024\/11\/LAVIE-Cube-20000-Puffs-Disposable-Vape-Free-Shipping-4-768x768.webp 768w, https:\/\/www.vapecigwholesale.com\/wp-content\/uploads\/2024\/11\/LAVIE-Cube-20000-Puffs-Disposable-Vape-Free-Shipping-4-12x12.webp 12w, https:\/\/www.vapecigwholesale.com\/wp-content\/uploads\/2024\/11\/LAVIE-Cube-20000-Puffs-Disposable-Vape-Free-Shipping-4-575x575.webp 575w, https:\/\/www.vapecigwholesale.com\/wp-content\/uploads\/2024\/11\/LAVIE-Cube-20000-Puffs-Disposable-Vape-Free-Shipping-4-380x380.webp 380w, https:\/\/www.vapecigwholesale.com\/wp-content\/uploads\/2024\/11\/LAVIE-Cube-20000-Puffs-Disposable-Vape-Free-Shipping-4-50x50.webp 50w, https:\/\/www.vapecigwholesale.com\/wp-content\/uploads\/2024\/11\/LAVIE-Cube-20000-Puffs-Disposable-Vape-Free-Shipping-4-26x26.webp 26w, https:\/\/www.vapecigwholesale.com\/wp-content\/uploads\/2024\/11\/LAVIE-Cube-20000-Puffs-Disposable-Vape-Free-Shipping-4-420x420.webp 420w, https:\/\/www.vapecigwholesale.com\/wp-content\/uploads\/2024\/11\/LAVIE-Cube-20000-Puffs-Disposable-Vape-Free-Shipping-4-100x100.webp 100w, https:\/\/www.vapecigwholesale.com\/wp-content\/uploads\/2024\/11\/LAVIE-Cube-20000-Puffs-Disposable-Vape-Free-Shipping-4-80x80.webp 80w\" sizes=\"(max-width: 800px) 100vw, 800px\" \/><figcaption id=\"caption-attachment-1016\" class=\"wp-caption-text\">LAVIE Cube 20000 Puffs Jednorazowe Vape Darmowa wysy\u0142ka 4<\/figcaption><\/figure>\n<figure id=\"attachment_1017\" aria-describedby=\"caption-attachment-1017\" style=\"width: 800px\" class=\"wp-caption alignnone\"><img decoding=\"async\" class=\"wp-image-1017 size-full\" title=\"LAVIE Cube 20000 Puffs Jednorazowe Vape Darmowa wysy\u0142ka 5\" src=\"https:\/\/www.vapecigwholesale.com\/wp-content\/uploads\/2024\/11\/LAVIE-Cube-20000-Puffs-Disposable-Vape-Free-Shipping-5.webp\" alt=\"LAVIE Cube 20000 Puffs Jednorazowe Vape Darmowa wysy\u0142ka 5\" width=\"800\" height=\"566\" srcset=\"https:\/\/www.vapecigwholesale.com\/wp-content\/uploads\/2024\/11\/LAVIE-Cube-20000-Puffs-Disposable-Vape-Free-Shipping-5.webp 800w, https:\/\/www.vapecigwholesale.com\/wp-content\/uploads\/2024\/11\/LAVIE-Cube-20000-Puffs-Disposable-Vape-Free-Shipping-5-300x212.webp 300w, https:\/\/www.vapecigwholesale.com\/wp-content\/uploads\/2024\/11\/LAVIE-Cube-20000-Puffs-Disposable-Vape-Free-Shipping-5-768x543.webp 768w, https:\/\/www.vapecigwholesale.com\/wp-content\/uploads\/2024\/11\/LAVIE-Cube-20000-Puffs-Disposable-Vape-Free-Shipping-5-18x12.webp 18w, https:\/\/www.vapecigwholesale.com\/wp-content\/uploads\/2024\/11\/LAVIE-Cube-20000-Puffs-Disposable-Vape-Free-Shipping-5-575x407.webp 575w, https:\/\/www.vapecigwholesale.com\/wp-content\/uploads\/2024\/11\/LAVIE-Cube-20000-Puffs-Disposable-Vape-Free-Shipping-5-380x269.webp 380w, https:\/\/www.vapecigwholesale.com\/wp-content\/uploads\/2024\/11\/LAVIE-Cube-20000-Puffs-Disposable-Vape-Free-Shipping-5-80x57.webp 80w\" sizes=\"(max-width: 800px) 100vw, 800px\" \/><figcaption id=\"caption-attachment-1017\" class=\"wp-caption-text\">LAVIE Cube 20000 Puffs Jednorazowe Vape Darmowa wysy\u0142ka 5<\/figcaption><\/figure>\n<p>&nbsp;<\/p>","protected":false},"excerpt":{"rendered":"<p>Cena tylko za 1 sztuk\u0119 Darmowa wysy\u0142ka<\/p>\n<p>(<strong>2%\uff0c3%\uff0c5% <\/strong>)\u00a0 <strong>Czas wysy\u0142ki: 2 tygodnie<\/strong><\/p>","protected":false},"featured_media":1014,"comment_status":"open","ping_status":"closed","template":"","meta":{"om_disable_all_campaigns":false,"_monsterinsights_skip_tracking":false,"_monsterinsights_sitenote_active":false,"_monsterinsights_sitenote_note":"","_monsterinsights_sitenote_category":0},"product_brand":[],"product_cat":[15],"product_tag":[],"class_list":{"0":"post-1034","1":"product","2":"type-product","3":"status-publish","4":"has-post-thumbnail","6":"product_cat-disposable-vape","8":"first","9":"instock","10":"sale","11":"featured","12":"shipping-taxable","13":"purchasable","14":"product-type-variable","15":"has-default-attributes"},"aioseo_notices":[],"_links":{"self":[{"href":"https:\/\/www.vapecigwholesale.com\/pl\/wp-json\/wp\/v2\/product\/1034","targetHints":{"allow":["GET"]}}],"collection":[{"href":"https:\/\/www.vapecigwholesale.com\/pl\/wp-json\/wp\/v2\/product"}],"about":[{"href":"https:\/\/www.vapecigwholesale.com\/pl\/wp-json\/wp\/v2\/types\/product"}],"replies":[{"embeddable":true,"href":"https:\/\/www.vapecigwholesale.com\/pl\/wp-json\/wp\/v2\/comments?post=1034"}],"wp:featuredmedia":[{"embeddable":true,"href":"https:\/\/www.vapecigwholesale.com\/pl\/wp-json\/wp\/v2\/media\/1014"}],"wp:attachment":[{"href":"https:\/\/www.vapecigwholesale.com\/pl\/wp-json\/wp\/v2\/media?parent=1034"}],"wp:term":[{"taxonomy":"product_brand","embeddable":true,"href":"https:\/\/www.vapecigwholesale.com\/pl\/wp-json\/wp\/v2\/product_brand?post=1034"},{"taxonomy":"product_cat","embeddable":true,"href":"https:\/\/www.vapecigwholesale.com\/pl\/wp-json\/wp\/v2\/product_cat?post=1034"},{"taxonomy":"product_tag","embeddable":true,"href":"https:\/\/www.vapecigwholesale.com\/pl\/wp-json\/wp\/v2\/product_tag?post=1034"}],"curies":[{"name":"wp","href":"https:\/\/api.w.org\/{rel}","templated":true}]}}