{"id":1079,"date":"2024-11-14T15:39:24","date_gmt":"2024-11-14T07:39:24","guid":{"rendered":"https:\/\/www.vapecigwholesale.com\/?post_type=product&#038;p=1079"},"modified":"2025-02-19T14:26:52","modified_gmt":"2025-02-19T06:26:52","slug":"lavie-cyber-20000-puffs-double-flavors-disposable-vape-free-shipping","status":"publish","type":"product","link":"https:\/\/www.vapecigwholesale.com\/pl\/product\/lavie-cyber-20000-puffow-podwojne-smaki-jednorazowe-vape-darmowa-wysylka\/","title":{"rendered":"LAVIE Cyber 20000 Puffs Podw\u00f3jne smaki Jednorazowe Vape Darmowa wysy\u0142ka"},"content":{"rendered":"<p>LAVIE Cyber 20000 Puffs Double Flavors Disposable to jednorazowy vape z wy\u015bwietlaczem LED o podw\u00f3jnych smakach, kt\u00f3ry mo\u017ce pokazywa\u0107 moc i poziom e-soku. Zawiera 20 ml e-soku z sol\u0105 nikotynow\u0105 2%\/5% i obs\u0142uguje do 20000 zaci\u0105gni\u0119\u0107. Do wyboru jest 10 podw\u00f3jnych smak\u00f3w. Port \u0142adowania w dolnej cz\u0119\u015bci urz\u0105dzenia gwarantuje doko\u0144czenie ostatniej kropli e-soku w zbiorniku przez ca\u0142y czas.<\/p>\n<p>LAVIE Cyber 20000 Puffs Jest wyposa\u017cony w podw\u00f3jne smaki, aby zmieni\u0107 aktualny smak vape, podnie\u015b ustnik i obr\u00f3\u0107 go, jest \u0142atwy w obs\u0142udze.<\/p>\n<h2><strong>LAVIE Cyber 20000 Puffs Podw\u00f3jne smaki Szczeg\u00f3\u0142y:<\/strong><\/h2>\n<ul>\n<li>Akumulator 700 mAh<br \/>\n(600 mAh na rynek korea\u0144ski)<\/li>\n<li>Wst\u0119pnie nape\u0142niony e-liquid 25 ml<\/li>\n<li>Moc nikotyny 2\/5%<\/li>\n<li>Zasi\u0119g do 20000 zaci\u0105gni\u0119\u0107<\/li>\n<li>Cewka siatkowa 1,0 ohm<\/li>\n<li>Podw\u00f3jny zbiornik (podw\u00f3jne smaki)<\/li>\n<li>Port \u0142adowania typu C<\/li>\n<\/ul>\n<h2><strong>LAVIE Cyber 20000 Puffs Dost\u0119pne smaki:<\/strong><\/h2>\n<ol>\n<li>Lemon Cola &amp; Passion FruitGuava<\/li>\n<li>Aloe Grape &amp; Blueberry Raspberry Bubblegum<\/li>\n<li>Bacco &amp; Mango lce<\/li>\n<li>Grape lce &amp; Mint lce<\/li>\n<li>Double Apple &amp; Love 66<\/li>\n<li>Truskawka, kiwi i marakuja, guawa<\/li>\n<li>Owoce liczi i arbuza<\/li>\n<li>Truskawkowy arbuz i je\u017cynowy l\u00f3d wi\u015bniowy<\/li>\n<li>Matcha i l\u00f3d kawowy<\/li>\n<li>Pineapple lce &amp; Taro lce<\/li>\n<\/ol>\n<h2><strong>Lista pakowania:<\/strong><\/h2>\n<p>1 sztuka ka\u017cdego ma\u0142ego pude\u0142ka<br \/>\n10 sztuk w ka\u017cdym \u015brodkowym pude\u0142ku<br \/>\n200 sztuk w kartonie<\/p>\n<p><img fetchpriority=\"high\" decoding=\"async\" class=\"wp-image-1068 size-full\" title=\"LAVIE Cyber 20000 Puffs Podw\u00f3jne smaki Jednorazowe Vape Darmowa wysy\u0142ka 4\" src=\"https:\/\/www.vapecigwholesale.com\/wp-content\/uploads\/2024\/11\/LAVIE-Cyber-20000-Puffs-Double-Flavors-Disposable-Vape-Free-Shipping-4.webp\" alt=\"LAVIE Cyber 20000 Puffs Podw\u00f3jne smaki Jednorazowe Vape Darmowa wysy\u0142ka 4\" width=\"800\" height=\"520\" srcset=\"https:\/\/www.vapecigwholesale.com\/wp-content\/uploads\/2024\/11\/LAVIE-Cyber-20000-Puffs-Double-Flavors-Disposable-Vape-Free-Shipping-4.webp 800w, https:\/\/www.vapecigwholesale.com\/wp-content\/uploads\/2024\/11\/LAVIE-Cyber-20000-Puffs-Double-Flavors-Disposable-Vape-Free-Shipping-4-300x195.webp 300w, https:\/\/www.vapecigwholesale.com\/wp-content\/uploads\/2024\/11\/LAVIE-Cyber-20000-Puffs-Double-Flavors-Disposable-Vape-Free-Shipping-4-768x499.webp 768w, https:\/\/www.vapecigwholesale.com\/wp-content\/uploads\/2024\/11\/LAVIE-Cyber-20000-Puffs-Double-Flavors-Disposable-Vape-Free-Shipping-4-18x12.webp 18w, https:\/\/www.vapecigwholesale.com\/wp-content\/uploads\/2024\/11\/LAVIE-Cyber-20000-Puffs-Double-Flavors-Disposable-Vape-Free-Shipping-4-575x374.webp 575w, https:\/\/www.vapecigwholesale.com\/wp-content\/uploads\/2024\/11\/LAVIE-Cyber-20000-Puffs-Double-Flavors-Disposable-Vape-Free-Shipping-4-380x247.webp 380w, https:\/\/www.vapecigwholesale.com\/wp-content\/uploads\/2024\/11\/LAVIE-Cyber-20000-Puffs-Double-Flavors-Disposable-Vape-Free-Shipping-4-80x52.webp 80w\" sizes=\"(max-width: 800px) 100vw, 800px\" \/><\/p>\n<p><img decoding=\"async\" class=\"wp-image-1066 size-large\" title=\"LAVIE Cyber 20000 Puffs Podw\u00f3jne smaki Jednorazowe Vape Darmowa wysy\u0142ka 2\" src=\"https:\/\/www.vapecigwholesale.com\/wp-content\/uploads\/2024\/11\/LAVIE-Cyber-20000-Puffs-Double-Flavors-Disposable-Vape-Free-Shipping-2-1024x724.webp\" alt=\"LAVIE Cyber 20000 Puffs Podw\u00f3jne smaki Jednorazowe Vape Darmowa wysy\u0142ka 2\" width=\"1024\" height=\"724\" srcset=\"https:\/\/www.vapecigwholesale.com\/wp-content\/uploads\/2024\/11\/LAVIE-Cyber-20000-Puffs-Double-Flavors-Disposable-Vape-Free-Shipping-2-1024x724.webp 1024w, https:\/\/www.vapecigwholesale.com\/wp-content\/uploads\/2024\/11\/LAVIE-Cyber-20000-Puffs-Double-Flavors-Disposable-Vape-Free-Shipping-2-300x212.webp 300w, https:\/\/www.vapecigwholesale.com\/wp-content\/uploads\/2024\/11\/LAVIE-Cyber-20000-Puffs-Double-Flavors-Disposable-Vape-Free-Shipping-2-768x543.webp 768w, https:\/\/www.vapecigwholesale.com\/wp-content\/uploads\/2024\/11\/LAVIE-Cyber-20000-Puffs-Double-Flavors-Disposable-Vape-Free-Shipping-2-1536x1086.webp 1536w, https:\/\/www.vapecigwholesale.com\/wp-content\/uploads\/2024\/11\/LAVIE-Cyber-20000-Puffs-Double-Flavors-Disposable-Vape-Free-Shipping-2-2048x1448.webp 2048w, https:\/\/www.vapecigwholesale.com\/wp-content\/uploads\/2024\/11\/LAVIE-Cyber-20000-Puffs-Double-Flavors-Disposable-Vape-Free-Shipping-2-18x12.webp 18w, https:\/\/www.vapecigwholesale.com\/wp-content\/uploads\/2024\/11\/LAVIE-Cyber-20000-Puffs-Double-Flavors-Disposable-Vape-Free-Shipping-2-1140x806.webp 1140w, https:\/\/www.vapecigwholesale.com\/wp-content\/uploads\/2024\/11\/LAVIE-Cyber-20000-Puffs-Double-Flavors-Disposable-Vape-Free-Shipping-2-920x650.webp 920w, https:\/\/www.vapecigwholesale.com\/wp-content\/uploads\/2024\/11\/LAVIE-Cyber-20000-Puffs-Double-Flavors-Disposable-Vape-Free-Shipping-2-575x406.webp 575w, https:\/\/www.vapecigwholesale.com\/wp-content\/uploads\/2024\/11\/LAVIE-Cyber-20000-Puffs-Double-Flavors-Disposable-Vape-Free-Shipping-2-380x269.webp 380w, https:\/\/www.vapecigwholesale.com\/wp-content\/uploads\/2024\/11\/LAVIE-Cyber-20000-Puffs-Double-Flavors-Disposable-Vape-Free-Shipping-2-800x566.webp 800w, https:\/\/www.vapecigwholesale.com\/wp-content\/uploads\/2024\/11\/LAVIE-Cyber-20000-Puffs-Double-Flavors-Disposable-Vape-Free-Shipping-2-80x57.webp 80w\" sizes=\"(max-width: 1024px) 100vw, 1024px\" \/><\/p>\n<figure id=\"attachment_1067\" aria-describedby=\"caption-attachment-1067\" style=\"width: 800px\" class=\"wp-caption alignnone\"><img decoding=\"async\" class=\"wp-image-1067 size-full\" title=\"LAVIE Cyber 20000 Puff\u00f3w Podw\u00f3jne Smaki Jednorazowe Vape Darmowa Wysy\u0142ka 3\" src=\"https:\/\/www.vapecigwholesale.com\/wp-content\/uploads\/2024\/11\/LAVIE-Cyber-20000-Puffs-Double-Flavors-Disposable-Vape-Free-Shipping-3.webp\" alt=\"LAVIE Cyber 20000 Puff\u00f3w Podw\u00f3jne Smaki Jednorazowe Vape Darmowa Wysy\u0142ka 3\" width=\"800\" height=\"570\" srcset=\"https:\/\/www.vapecigwholesale.com\/wp-content\/uploads\/2024\/11\/LAVIE-Cyber-20000-Puffs-Double-Flavors-Disposable-Vape-Free-Shipping-3.webp 800w, https:\/\/www.vapecigwholesale.com\/wp-content\/uploads\/2024\/11\/LAVIE-Cyber-20000-Puffs-Double-Flavors-Disposable-Vape-Free-Shipping-3-300x214.webp 300w, https:\/\/www.vapecigwholesale.com\/wp-content\/uploads\/2024\/11\/LAVIE-Cyber-20000-Puffs-Double-Flavors-Disposable-Vape-Free-Shipping-3-768x547.webp 768w, https:\/\/www.vapecigwholesale.com\/wp-content\/uploads\/2024\/11\/LAVIE-Cyber-20000-Puffs-Double-Flavors-Disposable-Vape-Free-Shipping-3-18x12.webp 18w, https:\/\/www.vapecigwholesale.com\/wp-content\/uploads\/2024\/11\/LAVIE-Cyber-20000-Puffs-Double-Flavors-Disposable-Vape-Free-Shipping-3-575x410.webp 575w, https:\/\/www.vapecigwholesale.com\/wp-content\/uploads\/2024\/11\/LAVIE-Cyber-20000-Puffs-Double-Flavors-Disposable-Vape-Free-Shipping-3-380x271.webp 380w, https:\/\/www.vapecigwholesale.com\/wp-content\/uploads\/2024\/11\/LAVIE-Cyber-20000-Puffs-Double-Flavors-Disposable-Vape-Free-Shipping-3-80x57.webp 80w\" sizes=\"(max-width: 800px) 100vw, 800px\" \/><figcaption id=\"caption-attachment-1067\" class=\"wp-caption-text\">LAVIE Cyber 20000 Puff\u00f3w Podw\u00f3jne Smaki Jednorazowe Vape Darmowa Wysy\u0142ka 3<\/figcaption><\/figure>","protected":false},"excerpt":{"rendered":"<p>Cena tylko za 1 sztuk\u0119 Darmowa wysy\u0142ka<\/p>\n<p>(<strong>2%, 5% Nic<\/strong>)\u00a0 \u00a0 \u00a0 <strong>Czas wysy\u0142ki: 2 tygodnie<\/strong><\/p>","protected":false},"featured_media":1065,"comment_status":"open","ping_status":"closed","template":"","meta":{"om_disable_all_campaigns":false,"_monsterinsights_skip_tracking":false,"_monsterinsights_sitenote_active":false,"_monsterinsights_sitenote_note":"","_monsterinsights_sitenote_category":0},"product_brand":[],"product_cat":[15],"product_tag":[],"class_list":{"0":"post-1079","1":"product","2":"type-product","3":"status-publish","4":"has-post-thumbnail","6":"product_cat-disposable-vape","8":"first","9":"instock","10":"featured","11":"shipping-taxable","12":"purchasable","13":"product-type-variable","14":"has-default-attributes"},"aioseo_notices":[],"_links":{"self":[{"href":"https:\/\/www.vapecigwholesale.com\/pl\/wp-json\/wp\/v2\/product\/1079","targetHints":{"allow":["GET"]}}],"collection":[{"href":"https:\/\/www.vapecigwholesale.com\/pl\/wp-json\/wp\/v2\/product"}],"about":[{"href":"https:\/\/www.vapecigwholesale.com\/pl\/wp-json\/wp\/v2\/types\/product"}],"replies":[{"embeddable":true,"href":"https:\/\/www.vapecigwholesale.com\/pl\/wp-json\/wp\/v2\/comments?post=1079"}],"wp:featuredmedia":[{"embeddable":true,"href":"https:\/\/www.vapecigwholesale.com\/pl\/wp-json\/wp\/v2\/media\/1065"}],"wp:attachment":[{"href":"https:\/\/www.vapecigwholesale.com\/pl\/wp-json\/wp\/v2\/media?parent=1079"}],"wp:term":[{"taxonomy":"product_brand","embeddable":true,"href":"https:\/\/www.vapecigwholesale.com\/pl\/wp-json\/wp\/v2\/product_brand?post=1079"},{"taxonomy":"product_cat","embeddable":true,"href":"https:\/\/www.vapecigwholesale.com\/pl\/wp-json\/wp\/v2\/product_cat?post=1079"},{"taxonomy":"product_tag","embeddable":true,"href":"https:\/\/www.vapecigwholesale.com\/pl\/wp-json\/wp\/v2\/product_tag?post=1079"}],"curies":[{"name":"wp","href":"https:\/\/api.w.org\/{rel}","templated":true}]}}