{"id":1110,"date":"2024-11-15T15:40:33","date_gmt":"2024-11-15T07:40:33","guid":{"rendered":"https:\/\/www.vapecigwholesale.com\/?post_type=product&#038;p=1110"},"modified":"2025-02-19T14:25:46","modified_gmt":"2025-02-19T06:25:46","slug":"zooy-30000-puffs-double-flavors-disposable-vape-free-shipping","status":"publish","type":"product","link":"https:\/\/www.vapecigwholesale.com\/pl\/product\/zooy-30000-puffow-podwojne-smaki-jednorazowe-vape-darmowa-wysylka\/","title":{"rendered":"ZOOY 30000 Puffs Double Flavors Jednorazowe Vape Darmowa wysy\u0142ka"},"content":{"rendered":"<p>ZOOY 30000 Puffs to naprawd\u0119 stylowy jednorazowy e-papieros, kt\u00f3ry idealnie mie\u015bci si\u0119 w d\u0142oni. Jego doskona\u0142a konstrukcja sprawia, \u017ce jest \u0142atwy do przenoszenia. Jego smak zaskoczy Ci\u0119, gdy zakochasz si\u0119 w jego g\u0142adkim, solidnym wygl\u0105dzie.<\/p>\n<p>E-papieros ZOOY 30000 Puffs jest przeznaczony dla entuzjast\u00f3w; posiada regulowan\u0105 kontrol\u0119 przep\u0142ywu powietrza na dole i du\u017cy ekran, na kt\u00f3rym mo\u017cna \u015bledzi\u0107 swoje nawyki waporyzacyjne. ZOOY 30000 PUFFS posiada podw\u00f3jn\u0105 cewk\u0119 z podw\u00f3jn\u0105 siatk\u0105 z ustawieniami mocy w zakresie od 12W do 28W. Ten p\u00f3\u0142przewodnikowy e-papieros jest dost\u0119pny w dziesi\u0119ciu smakach i jest wyposa\u017cony w akumulator o pojemno\u015bci 650 mAh.<\/p>\n<p>Jednorazowy e-papieros ZOOY 30000 PUFFS posiada z\u0142\u0105cze \u0142adowania USB-C i regulowany system przep\u0142ywu powietrza. Posiada podw\u00f3jn\u0105 cewk\u0119 siatkow\u0105, jest kompaktowy, lekki i mo\u017cna go waporyzowa\u0107. Dost\u0119pnych jest dziesi\u0119\u0107 smak\u00f3w. Jest to pyszny smak i wydycha bogate chmury z ka\u017cdym zaci\u0105gni\u0119ciem. W dw\u00f3ch zbiornikach e-liquidu, kt\u00f3re s\u0105 \u0142adowane przez interfejs USB-C, mo\u017cna przechowywa\u0107 do 36 ml wst\u0119pnie na\u0142adowanego soku z e-papierosa.<\/p>\n<p>ZOOY 30000 PUFFS posiada wy\u015bwietlacz LED. Ten e-papieros ma 2% i 5% nikotyny w ka\u017cdym smaku. Wy\u015bwietlacz LED \u015bwieci si\u0119, gdy urz\u0105dzenie jest u\u017cywane, dzi\u0119ki czemu zawsze wida\u0107, ile soku i mocy pozosta\u0142o.<\/p>\n<h2><strong>ZOOY 30000 Puffs Double Flavors Szczeg\u00f3\u0142y\uff1a<\/strong><\/h2>\n<ul>\n<li>Puffy: 30000 Puff\u00f3w<\/li>\n<li>Podw\u00f3jne smaki<\/li>\n<li>Bateria: 850 mAh<\/li>\n<li>Nikotyna: 2% 5%<\/li>\n<li>Pojemno\u015b\u0107: 36 ml<\/li>\n<li>Cewka z podw\u00f3jn\u0105 siatk\u0105<\/li>\n<li>Dost\u0119pnych jest 10 podw\u00f3jnych smak\u00f3w<\/li>\n<li>Inteligentny ekran: wska\u017anik e-juice\/zasilania<\/li>\n<\/ul>\n<h2><strong>ZOOY 30000 Puffs Podw\u00f3jne smaki dost\u0119pne\uff1a<\/strong><\/h2>\n<ol>\n<li>L\u00f3d jagodowy i potr\u00f3jny melon<\/li>\n<li>Winogronowo-mi\u0119towy i truskawkowo-bananowy<\/li>\n<li>Love 66 &amp; Cola Ice<\/li>\n<li>L\u00f3d ananasowo-kokosowo-jab\u0142kowy<\/li>\n<li>Redberry Cherry &amp; Mixed Berries<\/li>\n<li>Red Bull i truskawka kiwi<\/li>\n<li>Lody truskawkowe i koktajl mleczny brzoskwinia-mango<\/li>\n<li>Truskawkowy arbuz i r\u00f3\u017cowa lemoniada<\/li>\n<li>Arbuzowa guma balonowa i l\u00f3d kawowy<\/li>\n<li>Arbuzowy l\u00f3d i niebieska malina z cytryn\u0105<\/li>\n<\/ol>\n<h2><strong>Lista pakowania:<\/strong><\/h2>\n<p>1 sztuka ka\u017cdego ma\u0142ego pude\u0142ka<br \/>\n10 sztuk w ka\u017cdym \u015brodkowym pude\u0142ku<br \/>\n200 sztuk w kartonie<\/p>\n<p><img fetchpriority=\"high\" decoding=\"async\" class=\"wp-image-1097 size-full\" title=\"ZOOY 30000 Puff\u00f3w Podw\u00f3jne Smaki Jednorazowe Vape Darmowa Wysy\u0142ka 4\" src=\"https:\/\/www.vapecigwholesale.com\/wp-content\/uploads\/2024\/11\/ZOOY-30000-Puffs-Double-Flavors-Disposable-Vape-Free-Shipping-4.webp\" alt=\"ZOOY 30000 Puff\u00f3w Podw\u00f3jne Smaki Jednorazowe Vape Darmowa Wysy\u0142ka 4\" width=\"800\" height=\"600\" srcset=\"https:\/\/www.vapecigwholesale.com\/wp-content\/uploads\/2024\/11\/ZOOY-30000-Puffs-Double-Flavors-Disposable-Vape-Free-Shipping-4.webp 800w, https:\/\/www.vapecigwholesale.com\/wp-content\/uploads\/2024\/11\/ZOOY-30000-Puffs-Double-Flavors-Disposable-Vape-Free-Shipping-4-300x225.webp 300w, https:\/\/www.vapecigwholesale.com\/wp-content\/uploads\/2024\/11\/ZOOY-30000-Puffs-Double-Flavors-Disposable-Vape-Free-Shipping-4-768x576.webp 768w, https:\/\/www.vapecigwholesale.com\/wp-content\/uploads\/2024\/11\/ZOOY-30000-Puffs-Double-Flavors-Disposable-Vape-Free-Shipping-4-16x12.webp 16w, https:\/\/www.vapecigwholesale.com\/wp-content\/uploads\/2024\/11\/ZOOY-30000-Puffs-Double-Flavors-Disposable-Vape-Free-Shipping-4-575x431.webp 575w, https:\/\/www.vapecigwholesale.com\/wp-content\/uploads\/2024\/11\/ZOOY-30000-Puffs-Double-Flavors-Disposable-Vape-Free-Shipping-4-380x285.webp 380w, https:\/\/www.vapecigwholesale.com\/wp-content\/uploads\/2024\/11\/ZOOY-30000-Puffs-Double-Flavors-Disposable-Vape-Free-Shipping-4-80x60.webp 80w\" sizes=\"(max-width: 800px) 100vw, 800px\" \/><\/p>\n<p><img decoding=\"async\" class=\"wp-image-1099 size-full\" title=\"ZOOY 30000 Puff\u00f3w Podw\u00f3jne Smaki Jednorazowe Vape Darmowa Wysy\u0142ka 6\" src=\"https:\/\/www.vapecigwholesale.com\/wp-content\/uploads\/2024\/11\/ZOOY-30000-Puffs-Double-Flavors-Disposable-Vape-Free-Shipping-6.webp\" alt=\"ZOOY 30000 Puff\u00f3w Podw\u00f3jne Smaki Jednorazowe Vape Darmowa Wysy\u0142ka 6\" width=\"800\" height=\"280\" srcset=\"https:\/\/www.vapecigwholesale.com\/wp-content\/uploads\/2024\/11\/ZOOY-30000-Puffs-Double-Flavors-Disposable-Vape-Free-Shipping-6.webp 800w, https:\/\/www.vapecigwholesale.com\/wp-content\/uploads\/2024\/11\/ZOOY-30000-Puffs-Double-Flavors-Disposable-Vape-Free-Shipping-6-300x105.webp 300w, https:\/\/www.vapecigwholesale.com\/wp-content\/uploads\/2024\/11\/ZOOY-30000-Puffs-Double-Flavors-Disposable-Vape-Free-Shipping-6-768x269.webp 768w, https:\/\/www.vapecigwholesale.com\/wp-content\/uploads\/2024\/11\/ZOOY-30000-Puffs-Double-Flavors-Disposable-Vape-Free-Shipping-6-18x6.webp 18w, https:\/\/www.vapecigwholesale.com\/wp-content\/uploads\/2024\/11\/ZOOY-30000-Puffs-Double-Flavors-Disposable-Vape-Free-Shipping-6-575x201.webp 575w, https:\/\/www.vapecigwholesale.com\/wp-content\/uploads\/2024\/11\/ZOOY-30000-Puffs-Double-Flavors-Disposable-Vape-Free-Shipping-6-380x133.webp 380w, https:\/\/www.vapecigwholesale.com\/wp-content\/uploads\/2024\/11\/ZOOY-30000-Puffs-Double-Flavors-Disposable-Vape-Free-Shipping-6-80x28.webp 80w\" sizes=\"(max-width: 800px) 100vw, 800px\" \/><\/p>\n<p><img decoding=\"async\" class=\"wp-image-1094 size-full\" title=\"ZOOY 30000 Puffs Podw\u00f3jne smaki Jednorazowe Vape Darmowa wysy\u0142ka 1\" src=\"https:\/\/www.vapecigwholesale.com\/wp-content\/uploads\/2024\/11\/ZOOY-30000-Puffs-Double-Flavors-Disposable-Vape-Free-Shipping-1.webp\" alt=\"ZOOY 30000 Puffs Podw\u00f3jne smaki Jednorazowe Vape Darmowa wysy\u0142ka 1\" width=\"800\" height=\"800\" srcset=\"https:\/\/www.vapecigwholesale.com\/wp-content\/uploads\/2024\/11\/ZOOY-30000-Puffs-Double-Flavors-Disposable-Vape-Free-Shipping-1.webp 800w, https:\/\/www.vapecigwholesale.com\/wp-content\/uploads\/2024\/11\/ZOOY-30000-Puffs-Double-Flavors-Disposable-Vape-Free-Shipping-1-300x300.webp 300w, https:\/\/www.vapecigwholesale.com\/wp-content\/uploads\/2024\/11\/ZOOY-30000-Puffs-Double-Flavors-Disposable-Vape-Free-Shipping-1-150x150.webp 150w, https:\/\/www.vapecigwholesale.com\/wp-content\/uploads\/2024\/11\/ZOOY-30000-Puffs-Double-Flavors-Disposable-Vape-Free-Shipping-1-768x768.webp 768w, https:\/\/www.vapecigwholesale.com\/wp-content\/uploads\/2024\/11\/ZOOY-30000-Puffs-Double-Flavors-Disposable-Vape-Free-Shipping-1-12x12.webp 12w, https:\/\/www.vapecigwholesale.com\/wp-content\/uploads\/2024\/11\/ZOOY-30000-Puffs-Double-Flavors-Disposable-Vape-Free-Shipping-1-575x575.webp 575w, https:\/\/www.vapecigwholesale.com\/wp-content\/uploads\/2024\/11\/ZOOY-30000-Puffs-Double-Flavors-Disposable-Vape-Free-Shipping-1-380x380.webp 380w, https:\/\/www.vapecigwholesale.com\/wp-content\/uploads\/2024\/11\/ZOOY-30000-Puffs-Double-Flavors-Disposable-Vape-Free-Shipping-1-50x50.webp 50w, https:\/\/www.vapecigwholesale.com\/wp-content\/uploads\/2024\/11\/ZOOY-30000-Puffs-Double-Flavors-Disposable-Vape-Free-Shipping-1-26x26.webp 26w, https:\/\/www.vapecigwholesale.com\/wp-content\/uploads\/2024\/11\/ZOOY-30000-Puffs-Double-Flavors-Disposable-Vape-Free-Shipping-1-420x420.webp 420w, https:\/\/www.vapecigwholesale.com\/wp-content\/uploads\/2024\/11\/ZOOY-30000-Puffs-Double-Flavors-Disposable-Vape-Free-Shipping-1-100x100.webp 100w, https:\/\/www.vapecigwholesale.com\/wp-content\/uploads\/2024\/11\/ZOOY-30000-Puffs-Double-Flavors-Disposable-Vape-Free-Shipping-1-80x80.webp 80w\" sizes=\"(max-width: 800px) 100vw, 800px\" \/><\/p>","protected":false},"excerpt":{"rendered":"<p>Cena tylko za 1 sztuk\u0119 Darmowa wysy\u0142ka<\/p>\n<p>(<strong>2%, 5% Nic<\/strong>)\u00a0 \u00a0 \u00a0\u00a0<strong>Czas wysy\u0142ki: 2 tygodnie<\/strong><\/p>","protected":false},"featured_media":1095,"comment_status":"open","ping_status":"closed","template":"","meta":{"om_disable_all_campaigns":false,"_monsterinsights_skip_tracking":false,"_monsterinsights_sitenote_active":false,"_monsterinsights_sitenote_note":"","_monsterinsights_sitenote_category":0},"product_brand":[],"product_cat":[15],"product_tag":[],"class_list":{"0":"post-1110","1":"product","2":"type-product","3":"status-publish","4":"has-post-thumbnail","6":"product_cat-disposable-vape","8":"first","9":"instock","10":"featured","11":"shipping-taxable","12":"purchasable","13":"product-type-variable","14":"has-default-attributes"},"aioseo_notices":[],"_links":{"self":[{"href":"https:\/\/www.vapecigwholesale.com\/pl\/wp-json\/wp\/v2\/product\/1110","targetHints":{"allow":["GET"]}}],"collection":[{"href":"https:\/\/www.vapecigwholesale.com\/pl\/wp-json\/wp\/v2\/product"}],"about":[{"href":"https:\/\/www.vapecigwholesale.com\/pl\/wp-json\/wp\/v2\/types\/product"}],"replies":[{"embeddable":true,"href":"https:\/\/www.vapecigwholesale.com\/pl\/wp-json\/wp\/v2\/comments?post=1110"}],"wp:featuredmedia":[{"embeddable":true,"href":"https:\/\/www.vapecigwholesale.com\/pl\/wp-json\/wp\/v2\/media\/1095"}],"wp:attachment":[{"href":"https:\/\/www.vapecigwholesale.com\/pl\/wp-json\/wp\/v2\/media?parent=1110"}],"wp:term":[{"taxonomy":"product_brand","embeddable":true,"href":"https:\/\/www.vapecigwholesale.com\/pl\/wp-json\/wp\/v2\/product_brand?post=1110"},{"taxonomy":"product_cat","embeddable":true,"href":"https:\/\/www.vapecigwholesale.com\/pl\/wp-json\/wp\/v2\/product_cat?post=1110"},{"taxonomy":"product_tag","embeddable":true,"href":"https:\/\/www.vapecigwholesale.com\/pl\/wp-json\/wp\/v2\/product_tag?post=1110"}],"curies":[{"name":"wp","href":"https:\/\/api.w.org\/{rel}","templated":true}]}}