{"id":1182,"date":"2024-11-16T17:52:00","date_gmt":"2024-11-16T09:52:00","guid":{"rendered":"https:\/\/www.vapecigwholesale.com\/?post_type=product&#038;p=1182"},"modified":"2025-02-19T14:23:02","modified_gmt":"2025-02-19T06:23:02","slug":"vapsolo-dg-18000-puffs-disposable-vape-free-shipping","status":"publish","type":"product","link":"https:\/\/www.vapecigwholesale.com\/pl\/product\/vapsolo-dg-18000-puff-jednorazowe-vape-darmowa-wysylka\/","title":{"rendered":"Vapsolo DG 18000 Puffs Jednorazowe Vape Darmowa wysy\u0142ka"},"content":{"rendered":"<p>Vapsolo DG 18000 Puffs to najnowocze\u015bniejszy jednorazowy vape, kt\u00f3ry stoi na czele innowacji w dziedzinie waporyzacji. Ten wyj\u0105tkowy produkt zosta\u0142 stworzony dla vaper\u00f3w, kt\u00f3rzy wymagaj\u0105 zar\u00f3wno wygody, jak i najwy\u017cszej jako\u015bci. Dzi\u0119ki imponuj\u0105cej pojemno\u015bci do 18 000 zaci\u0105gni\u0119\u0107, oferuje on jedno z najbardziej rozbudowanych do\u015bwiadcze\u0144 vapingu na rynku, co czyni go idealnym wyborem zar\u00f3wno dla sprzedawc\u00f3w detalicznych, jak i hurtownik\u00f3w poszukuj\u0105cych niezawodnego, wysokowydajnego produktu.<\/p>\n<p>Vapsolo DG 18000 Puffs to jednorazowe urz\u0105dzenie vape z akumulatorem i wy\u015bwietlaczem poziomu e-juice. Zawiera 28 ml e-soli nikotynowej 2%\/5% i pozwala na wykonanie do 18000 zaci\u0105gni\u0119\u0107. Do wyboru jest 10 smak\u00f3w. Wyposa\u017cony jest w akumulator o pojemno\u015bci 650 mAh, zapewniaj\u0105cy d\u0142ugotrwa\u0142e u\u017cytkowanie bez uszczerbku dla wydajno\u015bci. Dolna cz\u0119\u015b\u0107 DG18000 jest wyposa\u017cona w regulowany prze\u0142\u0105cznik przep\u0142ywu powietrza, kt\u00f3ry pozwala u\u017cytkownikom dostosowa\u0107 wra\u017cenia z waporyzacji do w\u0142asnych preferencji, niezale\u017cnie od tego, czy wol\u0105 mocniejsze zaci\u0105ganie si\u0119, czy bardziej przewiewny wdech.<\/p>\n<p>Vapsolo DG 18000 Puffs wykorzystuje technologi\u0119 cewki siatkowej z cewk\u0105 siatkow\u0105 0,6\u03a9, kt\u00f3ra zapewnia sp\u00f3jne i bogate, mi\u0119kkie chmury, dzi\u0119ki czemu mo\u017cesz cieszy\u0107 si\u0119 czysto\u015bci\u0105 smaku. Jest to kompaktowy i przeno\u015bny vape box. Aby jeszcze bardziej zwi\u0119kszy\u0107 komfort u\u017cytkowania, DG18000 jest wyposa\u017cony w wy\u015bwietlacz LCD, kt\u00f3ry monitoruje poziom na\u0142adowania baterii i e-p\u0142ynu w czasie rzeczywistym.<\/p>\n<h2><strong>Szczeg\u00f3\u0142y Vapsolo DG 18000 Puffs:<\/strong><\/h2>\n<ul>\n<li>Zasi\u0119g do 18000 zaci\u0105gni\u0119\u0107<\/li>\n<li>Wst\u0119pnie nape\u0142niony e-liquid o pojemno\u015bci 28 ml<\/li>\n<li>Akumulator 650 mAh<\/li>\n<li>Moc nikotyny 2%\/5%<\/li>\n<li>Cewka z podw\u00f3jn\u0105 siatk\u0105<\/li>\n<li>Konstrukcja bez mo\u017cliwo\u015bci ponownego nape\u0142nienia<\/li>\n<li>Port \u0142adowania typu C<\/li>\n<li>Dost\u0119pnych jest 10 smak\u00f3w<\/li>\n<\/ul>\n<h2><strong>Vapsolo DG 18000 Puffs Dost\u0119pne smaki:<\/strong><\/h2>\n<ol>\n<li>Banan truskawkowy<\/li>\n<li>Brzoskwinia Mango Ananas<\/li>\n<li>Passion Fruit Kiwi Ice<\/li>\n<li>Jagoda Wi\u015bnia \u017burawina<\/li>\n<li>Arbuzowy l\u00f3d<\/li>\n<li>Cytryna z limonk\u0105<\/li>\n<li>Truskawka Kiwi<\/li>\n<li>Red Bull<\/li>\n<li>Arbuz truskawkowy Prime<\/li>\n<li>Mixed Berry<\/li>\n<\/ol>\n<h2><strong>Lista pakowania:<\/strong><\/h2>\n<p>1 sztuka ka\u017cdego ma\u0142ego pude\u0142ka<br \/>\n10 sztuk w ka\u017cdym \u015brodkowym pude\u0142ku<br \/>\n200 sztuk w kartonie<\/p>\n<p><img fetchpriority=\"high\" decoding=\"async\" class=\"wp-image-1169 size-full\" title=\"Vapsolo DG 18000 Puffs Jednorazowe Vape Darmowa wysy\u0142ka 3\" src=\"https:\/\/www.vapecigwholesale.com\/wp-content\/uploads\/2024\/11\/Vapsolo-DG-18000-Puffs-Disposable-Vape-Free-Shipping-3.webp\" alt=\"Vapsolo DG 18000 Puffs Jednorazowe Vape Darmowa wysy\u0142ka 3\" width=\"800\" height=\"800\" srcset=\"https:\/\/www.vapecigwholesale.com\/wp-content\/uploads\/2024\/11\/Vapsolo-DG-18000-Puffs-Disposable-Vape-Free-Shipping-3.webp 800w, https:\/\/www.vapecigwholesale.com\/wp-content\/uploads\/2024\/11\/Vapsolo-DG-18000-Puffs-Disposable-Vape-Free-Shipping-3-300x300.webp 300w, https:\/\/www.vapecigwholesale.com\/wp-content\/uploads\/2024\/11\/Vapsolo-DG-18000-Puffs-Disposable-Vape-Free-Shipping-3-150x150.webp 150w, https:\/\/www.vapecigwholesale.com\/wp-content\/uploads\/2024\/11\/Vapsolo-DG-18000-Puffs-Disposable-Vape-Free-Shipping-3-768x768.webp 768w, https:\/\/www.vapecigwholesale.com\/wp-content\/uploads\/2024\/11\/Vapsolo-DG-18000-Puffs-Disposable-Vape-Free-Shipping-3-12x12.webp 12w, https:\/\/www.vapecigwholesale.com\/wp-content\/uploads\/2024\/11\/Vapsolo-DG-18000-Puffs-Disposable-Vape-Free-Shipping-3-575x575.webp 575w, https:\/\/www.vapecigwholesale.com\/wp-content\/uploads\/2024\/11\/Vapsolo-DG-18000-Puffs-Disposable-Vape-Free-Shipping-3-380x380.webp 380w, https:\/\/www.vapecigwholesale.com\/wp-content\/uploads\/2024\/11\/Vapsolo-DG-18000-Puffs-Disposable-Vape-Free-Shipping-3-50x50.webp 50w, https:\/\/www.vapecigwholesale.com\/wp-content\/uploads\/2024\/11\/Vapsolo-DG-18000-Puffs-Disposable-Vape-Free-Shipping-3-26x26.webp 26w, https:\/\/www.vapecigwholesale.com\/wp-content\/uploads\/2024\/11\/Vapsolo-DG-18000-Puffs-Disposable-Vape-Free-Shipping-3-420x420.webp 420w, https:\/\/www.vapecigwholesale.com\/wp-content\/uploads\/2024\/11\/Vapsolo-DG-18000-Puffs-Disposable-Vape-Free-Shipping-3-100x100.webp 100w, https:\/\/www.vapecigwholesale.com\/wp-content\/uploads\/2024\/11\/Vapsolo-DG-18000-Puffs-Disposable-Vape-Free-Shipping-3-80x80.webp 80w\" sizes=\"(max-width: 800px) 100vw, 800px\" \/><\/p>\n<p><img decoding=\"async\" class=\"wp-image-1168 size-full\" title=\"Vapsolo DG 18000 Puffs Jednorazowe Vape Darmowa wysy\u0142ka 2\" src=\"https:\/\/www.vapecigwholesale.com\/wp-content\/uploads\/2024\/11\/Vapsolo-DG-18000-Puffs-Disposable-Vape-Free-Shipping-2.webp\" alt=\"Vapsolo DG 18000 Puffs Jednorazowe Vape Darmowa wysy\u0142ka 2\" width=\"800\" height=\"800\" srcset=\"https:\/\/www.vapecigwholesale.com\/wp-content\/uploads\/2024\/11\/Vapsolo-DG-18000-Puffs-Disposable-Vape-Free-Shipping-2.webp 800w, https:\/\/www.vapecigwholesale.com\/wp-content\/uploads\/2024\/11\/Vapsolo-DG-18000-Puffs-Disposable-Vape-Free-Shipping-2-300x300.webp 300w, https:\/\/www.vapecigwholesale.com\/wp-content\/uploads\/2024\/11\/Vapsolo-DG-18000-Puffs-Disposable-Vape-Free-Shipping-2-150x150.webp 150w, https:\/\/www.vapecigwholesale.com\/wp-content\/uploads\/2024\/11\/Vapsolo-DG-18000-Puffs-Disposable-Vape-Free-Shipping-2-768x768.webp 768w, https:\/\/www.vapecigwholesale.com\/wp-content\/uploads\/2024\/11\/Vapsolo-DG-18000-Puffs-Disposable-Vape-Free-Shipping-2-12x12.webp 12w, https:\/\/www.vapecigwholesale.com\/wp-content\/uploads\/2024\/11\/Vapsolo-DG-18000-Puffs-Disposable-Vape-Free-Shipping-2-575x575.webp 575w, https:\/\/www.vapecigwholesale.com\/wp-content\/uploads\/2024\/11\/Vapsolo-DG-18000-Puffs-Disposable-Vape-Free-Shipping-2-380x380.webp 380w, https:\/\/www.vapecigwholesale.com\/wp-content\/uploads\/2024\/11\/Vapsolo-DG-18000-Puffs-Disposable-Vape-Free-Shipping-2-50x50.webp 50w, https:\/\/www.vapecigwholesale.com\/wp-content\/uploads\/2024\/11\/Vapsolo-DG-18000-Puffs-Disposable-Vape-Free-Shipping-2-26x26.webp 26w, https:\/\/www.vapecigwholesale.com\/wp-content\/uploads\/2024\/11\/Vapsolo-DG-18000-Puffs-Disposable-Vape-Free-Shipping-2-420x420.webp 420w, https:\/\/www.vapecigwholesale.com\/wp-content\/uploads\/2024\/11\/Vapsolo-DG-18000-Puffs-Disposable-Vape-Free-Shipping-2-100x100.webp 100w, https:\/\/www.vapecigwholesale.com\/wp-content\/uploads\/2024\/11\/Vapsolo-DG-18000-Puffs-Disposable-Vape-Free-Shipping-2-80x80.webp 80w\" sizes=\"(max-width: 800px) 100vw, 800px\" \/><\/p>\n<p><img decoding=\"async\" class=\"wp-image-1170 size-full\" title=\"Vapsolo DG 18000 Puffs Jednorazowe Vape Darmowa wysy\u0142ka 4\" src=\"https:\/\/www.vapecigwholesale.com\/wp-content\/uploads\/2024\/11\/Vapsolo-DG-18000-Puffs-Disposable-Vape-Free-Shipping-4.webp\" alt=\"Vapsolo DG 18000 Puffs Jednorazowe Vape Darmowa wysy\u0142ka 4\" width=\"800\" height=\"1067\" srcset=\"https:\/\/www.vapecigwholesale.com\/wp-content\/uploads\/2024\/11\/Vapsolo-DG-18000-Puffs-Disposable-Vape-Free-Shipping-4.webp 800w, https:\/\/www.vapecigwholesale.com\/wp-content\/uploads\/2024\/11\/Vapsolo-DG-18000-Puffs-Disposable-Vape-Free-Shipping-4-225x300.webp 225w, https:\/\/www.vapecigwholesale.com\/wp-content\/uploads\/2024\/11\/Vapsolo-DG-18000-Puffs-Disposable-Vape-Free-Shipping-4-768x1024.webp 768w, https:\/\/www.vapecigwholesale.com\/wp-content\/uploads\/2024\/11\/Vapsolo-DG-18000-Puffs-Disposable-Vape-Free-Shipping-4-9x12.webp 9w, https:\/\/www.vapecigwholesale.com\/wp-content\/uploads\/2024\/11\/Vapsolo-DG-18000-Puffs-Disposable-Vape-Free-Shipping-4-575x767.webp 575w, https:\/\/www.vapecigwholesale.com\/wp-content\/uploads\/2024\/11\/Vapsolo-DG-18000-Puffs-Disposable-Vape-Free-Shipping-4-380x507.webp 380w, https:\/\/www.vapecigwholesale.com\/wp-content\/uploads\/2024\/11\/Vapsolo-DG-18000-Puffs-Disposable-Vape-Free-Shipping-4-75x100.webp 75w\" sizes=\"(max-width: 800px) 100vw, 800px\" \/><\/p>","protected":false},"excerpt":{"rendered":"<p>Cena tylko za 1 sztuk\u0119 Darmowa wysy\u0142ka<\/p>\n<p>(<strong>2%, 5% Nic<\/strong>)\u00a0 \u00a0 \u00a0\u00a0<strong>Czas wysy\u0142ki: 2 tygodnie<\/strong><\/p>","protected":false},"featured_media":1171,"comment_status":"open","ping_status":"closed","template":"","meta":{"om_disable_all_campaigns":false,"_monsterinsights_skip_tracking":false,"_monsterinsights_sitenote_active":false,"_monsterinsights_sitenote_note":"","_monsterinsights_sitenote_category":0},"product_brand":[],"product_cat":[15],"product_tag":[],"class_list":{"0":"post-1182","1":"product","2":"type-product","3":"status-publish","4":"has-post-thumbnail","6":"product_cat-disposable-vape","8":"first","9":"instock","10":"featured","11":"shipping-taxable","12":"purchasable","13":"product-type-variable","14":"has-default-attributes"},"aioseo_notices":[],"_links":{"self":[{"href":"https:\/\/www.vapecigwholesale.com\/pl\/wp-json\/wp\/v2\/product\/1182","targetHints":{"allow":["GET"]}}],"collection":[{"href":"https:\/\/www.vapecigwholesale.com\/pl\/wp-json\/wp\/v2\/product"}],"about":[{"href":"https:\/\/www.vapecigwholesale.com\/pl\/wp-json\/wp\/v2\/types\/product"}],"replies":[{"embeddable":true,"href":"https:\/\/www.vapecigwholesale.com\/pl\/wp-json\/wp\/v2\/comments?post=1182"}],"wp:featuredmedia":[{"embeddable":true,"href":"https:\/\/www.vapecigwholesale.com\/pl\/wp-json\/wp\/v2\/media\/1171"}],"wp:attachment":[{"href":"https:\/\/www.vapecigwholesale.com\/pl\/wp-json\/wp\/v2\/media?parent=1182"}],"wp:term":[{"taxonomy":"product_brand","embeddable":true,"href":"https:\/\/www.vapecigwholesale.com\/pl\/wp-json\/wp\/v2\/product_brand?post=1182"},{"taxonomy":"product_cat","embeddable":true,"href":"https:\/\/www.vapecigwholesale.com\/pl\/wp-json\/wp\/v2\/product_cat?post=1182"},{"taxonomy":"product_tag","embeddable":true,"href":"https:\/\/www.vapecigwholesale.com\/pl\/wp-json\/wp\/v2\/product_tag?post=1182"}],"curies":[{"name":"wp","href":"https:\/\/api.w.org\/{rel}","templated":true}]}}