{"id":1250,"date":"2024-11-18T12:11:02","date_gmt":"2024-11-18T04:11:02","guid":{"rendered":"https:\/\/www.vapecigwholesale.com\/?post_type=product&#038;p=1250"},"modified":"2025-02-19T14:20:24","modified_gmt":"2025-02-19T06:20:24","slug":"bang-king-30k-double-flavors-disposable-vape-free-shipping","status":"publish","type":"product","link":"https:\/\/www.vapecigwholesale.com\/pl\/product\/bang-king-30k-podwojne-smaki-jednorazowe-vape-darmowa-wysylka\/","title":{"rendered":"Bang king 30k Double Flavors jednorazowe Vape darmowa wysy\u0142ka"},"content":{"rendered":"<p>Bang king 30k Double Flavors Disposable Vape to najwy\u017cszej klasy urz\u0105dzenie w \u015bwiecie e-papieros\u00f3w, szczyc\u0105ce si\u0119 imponuj\u0105c\u0105 liczb\u0105 zaci\u0105gni\u0119\u0107, kt\u00f3ra przewy\u017csza wi\u0119kszo\u015b\u0107 jednorazowych waporyzator\u00f3w dost\u0119pnych na rynku. Urz\u0105dzenie to stawia nie tylko na ilo\u015b\u0107, ale tak\u017ce na jako\u015b\u0107, zapewniaj\u0105c, \u017ce ka\u017cde zaci\u0105gni\u0119cie jest r\u00f3wnie satysfakcjonuj\u0105ce jak pierwsze. Dzi\u0119ki du\u017cej pojemno\u015bci 36 ml e-liquidu i innowacyjnej funkcji podw\u00f3jnego prze\u0142\u0105czania smak\u00f3w, waporyzator ten oferuje wszechstronno\u015b\u0107 i wygod\u0119 w jednym eleganckim opakowaniu.<\/p>\n<p>Jednorazowy waporyzator Bang King 30k Double Flavors jest zasilany niezawodnym akumulatorem o pojemno\u015bci 550 mAh, po\u0142\u0105czonym z portem Type-C do szybkiego i wydajnego \u0142adowania. Cyfrowy wy\u015bwietlacz LCD urz\u0105dzenia informuje zar\u00f3wno o \u017cywotno\u015bci baterii, jak i poziomie e-liquidu, zapewniaj\u0105c p\u0142ynne i przyjazne dla u\u017cytkownika wra\u017cenia. Niezale\u017cnie od tego, czy preferujesz st\u0119\u017cenie nikotyny 2%, 3% czy 5%, Bang King 30000 pozwala dostosowa\u0107 waporyzacj\u0119 do w\u0142asnych potrzeb.<\/p>\n<h2>Szczeg\u00f3\u0142y Bang king 30k Double Flavors:<\/h2>\n<ul>\n<li>Puffy: UP do 30000 Puffs<\/li>\n<li>P\u0142yn: wst\u0119pnie nape\u0142niony 36 ml<\/li>\n<li>Podw\u00f3jne smaki<\/li>\n<li>Nikotyna: 0% 2% 3% 5%<\/li>\n<li>Rdze\u0144: Cewka siatkowa 1,0 ohm<\/li>\n<li>Bateria: akumulator typu C o pojemno\u015bci 550 mAh<\/li>\n<\/ul>\n<h2><strong>Bang 30000 Puffs Dost\u0119pne podw\u00f3jne smaki:<\/strong><\/h2>\n<ol>\n<li>Arbuzowy l\u00f3d i jagodowa mi\u0119ta<\/li>\n<li>L\u00f3d arbuzowy oraz truskawka i mango<\/li>\n<li>Truskawka, arbuz i kiwi, marakuja, guawa<\/li>\n<li>L\u00f3d truskawkowy, arbuzowy i winogronowy<\/li>\n<li>Blueberry Ice i Black Dragon Ice<\/li>\n<li>L\u00f3d jagodowy, truskawkowy i bananowy<\/li>\n<li>Red Bull i arbuz jagodowy<\/li>\n<li>Red Bull i arbuzowe cukierki b\u0105belkowe<\/li>\n<li>Jagoda Malina &amp; Brzoskwinia Mango Arbuz<\/li>\n<li>Bor\u00f3wka, malina i mieszanka owoc\u00f3w ple\u015bniowych<\/li>\n<li>L\u00f3d truskawkowo-kiwiowo-brzoskwiniowy<\/li>\n<li>Truskawka Kiwi &amp; Kwa\u015bne Jab\u0142ko Malina<\/li>\n<\/ol>\n<h2><strong>Lista pakowania:<\/strong><\/h2>\n<p>1 sztuka ka\u017cdego ma\u0142ego pude\u0142ka<br \/>\n10 sztuk w ka\u017cdym \u015brodkowym pude\u0142ku<br \/>\n200 sztuk w kartonie<\/p>\n<p><img fetchpriority=\"high\" decoding=\"async\" class=\"alignnone wp-image-1236 size-full\" title=\"Bang king 30k Double Flavors Jednorazowe Vape Darmowa wysy\u0142ka 7\" src=\"https:\/\/www.vapecigwholesale.com\/wp-content\/uploads\/2024\/11\/Bang-king-30k-Double-Flavors-Disposable-Vape-Free-Shipping-7.webp\" alt=\"Bang king 30k Double Flavors Jednorazowe Vape Darmowa wysy\u0142ka 7\" width=\"800\" height=\"800\" srcset=\"https:\/\/www.vapecigwholesale.com\/wp-content\/uploads\/2024\/11\/Bang-king-30k-Double-Flavors-Disposable-Vape-Free-Shipping-7.webp 800w, https:\/\/www.vapecigwholesale.com\/wp-content\/uploads\/2024\/11\/Bang-king-30k-Double-Flavors-Disposable-Vape-Free-Shipping-7-300x300.webp 300w, https:\/\/www.vapecigwholesale.com\/wp-content\/uploads\/2024\/11\/Bang-king-30k-Double-Flavors-Disposable-Vape-Free-Shipping-7-150x150.webp 150w, https:\/\/www.vapecigwholesale.com\/wp-content\/uploads\/2024\/11\/Bang-king-30k-Double-Flavors-Disposable-Vape-Free-Shipping-7-768x768.webp 768w, https:\/\/www.vapecigwholesale.com\/wp-content\/uploads\/2024\/11\/Bang-king-30k-Double-Flavors-Disposable-Vape-Free-Shipping-7-12x12.webp 12w, https:\/\/www.vapecigwholesale.com\/wp-content\/uploads\/2024\/11\/Bang-king-30k-Double-Flavors-Disposable-Vape-Free-Shipping-7-575x575.webp 575w, https:\/\/www.vapecigwholesale.com\/wp-content\/uploads\/2024\/11\/Bang-king-30k-Double-Flavors-Disposable-Vape-Free-Shipping-7-380x380.webp 380w, https:\/\/www.vapecigwholesale.com\/wp-content\/uploads\/2024\/11\/Bang-king-30k-Double-Flavors-Disposable-Vape-Free-Shipping-7-50x50.webp 50w, https:\/\/www.vapecigwholesale.com\/wp-content\/uploads\/2024\/11\/Bang-king-30k-Double-Flavors-Disposable-Vape-Free-Shipping-7-26x26.webp 26w, https:\/\/www.vapecigwholesale.com\/wp-content\/uploads\/2024\/11\/Bang-king-30k-Double-Flavors-Disposable-Vape-Free-Shipping-7-420x420.webp 420w, https:\/\/www.vapecigwholesale.com\/wp-content\/uploads\/2024\/11\/Bang-king-30k-Double-Flavors-Disposable-Vape-Free-Shipping-7-100x100.webp 100w, https:\/\/www.vapecigwholesale.com\/wp-content\/uploads\/2024\/11\/Bang-king-30k-Double-Flavors-Disposable-Vape-Free-Shipping-7-80x80.webp 80w\" sizes=\"(max-width: 800px) 100vw, 800px\" \/><\/p>\n<p><img decoding=\"async\" class=\"wp-image-1231 size-full\" title=\"Bang king 30k Double Flavors Jednorazowe Vape Darmowa wysy\u0142ka 2\" src=\"https:\/\/www.vapecigwholesale.com\/wp-content\/uploads\/2024\/11\/Bang-king-30k-Double-Flavors-Disposable-Vape-Free-Shipping-2.webp\" alt=\"Bang king 30k Double Flavors Jednorazowe Vape Darmowa wysy\u0142ka 2\" width=\"800\" height=\"800\" srcset=\"https:\/\/www.vapecigwholesale.com\/wp-content\/uploads\/2024\/11\/Bang-king-30k-Double-Flavors-Disposable-Vape-Free-Shipping-2.webp 800w, https:\/\/www.vapecigwholesale.com\/wp-content\/uploads\/2024\/11\/Bang-king-30k-Double-Flavors-Disposable-Vape-Free-Shipping-2-300x300.webp 300w, https:\/\/www.vapecigwholesale.com\/wp-content\/uploads\/2024\/11\/Bang-king-30k-Double-Flavors-Disposable-Vape-Free-Shipping-2-150x150.webp 150w, https:\/\/www.vapecigwholesale.com\/wp-content\/uploads\/2024\/11\/Bang-king-30k-Double-Flavors-Disposable-Vape-Free-Shipping-2-768x768.webp 768w, https:\/\/www.vapecigwholesale.com\/wp-content\/uploads\/2024\/11\/Bang-king-30k-Double-Flavors-Disposable-Vape-Free-Shipping-2-12x12.webp 12w, https:\/\/www.vapecigwholesale.com\/wp-content\/uploads\/2024\/11\/Bang-king-30k-Double-Flavors-Disposable-Vape-Free-Shipping-2-575x575.webp 575w, https:\/\/www.vapecigwholesale.com\/wp-content\/uploads\/2024\/11\/Bang-king-30k-Double-Flavors-Disposable-Vape-Free-Shipping-2-380x380.webp 380w, https:\/\/www.vapecigwholesale.com\/wp-content\/uploads\/2024\/11\/Bang-king-30k-Double-Flavors-Disposable-Vape-Free-Shipping-2-50x50.webp 50w, https:\/\/www.vapecigwholesale.com\/wp-content\/uploads\/2024\/11\/Bang-king-30k-Double-Flavors-Disposable-Vape-Free-Shipping-2-26x26.webp 26w, https:\/\/www.vapecigwholesale.com\/wp-content\/uploads\/2024\/11\/Bang-king-30k-Double-Flavors-Disposable-Vape-Free-Shipping-2-420x420.webp 420w, https:\/\/www.vapecigwholesale.com\/wp-content\/uploads\/2024\/11\/Bang-king-30k-Double-Flavors-Disposable-Vape-Free-Shipping-2-100x100.webp 100w, https:\/\/www.vapecigwholesale.com\/wp-content\/uploads\/2024\/11\/Bang-king-30k-Double-Flavors-Disposable-Vape-Free-Shipping-2-80x80.webp 80w\" sizes=\"(max-width: 800px) 100vw, 800px\" \/><\/p>\n<p><img decoding=\"async\" class=\"wp-image-1237 size-full\" title=\"Bang king 30k Double Flavors Jednorazowe Vape Darmowa wysy\u0142ka 8\" src=\"https:\/\/www.vapecigwholesale.com\/wp-content\/uploads\/2024\/11\/Bang-king-30k-Double-Flavors-Disposable-Vape-Free-Shipping-8.webp\" alt=\"Bang king 30k Double Flavors Jednorazowe Vape Darmowa wysy\u0142ka 8\" width=\"800\" height=\"1747\" srcset=\"https:\/\/www.vapecigwholesale.com\/wp-content\/uploads\/2024\/11\/Bang-king-30k-Double-Flavors-Disposable-Vape-Free-Shipping-8.webp 800w, https:\/\/www.vapecigwholesale.com\/wp-content\/uploads\/2024\/11\/Bang-king-30k-Double-Flavors-Disposable-Vape-Free-Shipping-8-137x300.webp 137w, https:\/\/www.vapecigwholesale.com\/wp-content\/uploads\/2024\/11\/Bang-king-30k-Double-Flavors-Disposable-Vape-Free-Shipping-8-469x1024.webp 469w, https:\/\/www.vapecigwholesale.com\/wp-content\/uploads\/2024\/11\/Bang-king-30k-Double-Flavors-Disposable-Vape-Free-Shipping-8-768x1677.webp 768w, https:\/\/www.vapecigwholesale.com\/wp-content\/uploads\/2024\/11\/Bang-king-30k-Double-Flavors-Disposable-Vape-Free-Shipping-8-703x1536.webp 703w, https:\/\/www.vapecigwholesale.com\/wp-content\/uploads\/2024\/11\/Bang-king-30k-Double-Flavors-Disposable-Vape-Free-Shipping-8-5x12.webp 5w, https:\/\/www.vapecigwholesale.com\/wp-content\/uploads\/2024\/11\/Bang-king-30k-Double-Flavors-Disposable-Vape-Free-Shipping-8-575x1256.webp 575w, https:\/\/www.vapecigwholesale.com\/wp-content\/uploads\/2024\/11\/Bang-king-30k-Double-Flavors-Disposable-Vape-Free-Shipping-8-380x830.webp 380w, https:\/\/www.vapecigwholesale.com\/wp-content\/uploads\/2024\/11\/Bang-king-30k-Double-Flavors-Disposable-Vape-Free-Shipping-8-46x100.webp 46w\" sizes=\"(max-width: 800px) 100vw, 800px\" \/><\/p>","protected":false},"excerpt":{"rendered":"<p>Cena tylko za 1 sztuk\u0119 Darmowa wysy\u0142ka<\/p>\n<p>(\u00a0<strong>0% 2% 3% 5% Nic<\/strong>)\u00a0 \u00a0 \u00a0<strong>Czas wysy\u0142ki: 2 tygodnie<\/strong><\/p>","protected":false},"featured_media":1248,"comment_status":"open","ping_status":"closed","template":"","meta":{"om_disable_all_campaigns":false,"_monsterinsights_skip_tracking":false,"_monsterinsights_sitenote_active":false,"_monsterinsights_sitenote_note":"","_monsterinsights_sitenote_category":0},"product_brand":[],"product_cat":[15],"product_tag":[],"class_list":{"0":"post-1250","1":"product","2":"type-product","3":"status-publish","4":"has-post-thumbnail","6":"product_cat-disposable-vape","8":"first","9":"instock","10":"featured","11":"shipping-taxable","12":"purchasable","13":"product-type-variable","14":"has-default-attributes"},"aioseo_notices":[],"_links":{"self":[{"href":"https:\/\/www.vapecigwholesale.com\/pl\/wp-json\/wp\/v2\/product\/1250","targetHints":{"allow":["GET"]}}],"collection":[{"href":"https:\/\/www.vapecigwholesale.com\/pl\/wp-json\/wp\/v2\/product"}],"about":[{"href":"https:\/\/www.vapecigwholesale.com\/pl\/wp-json\/wp\/v2\/types\/product"}],"replies":[{"embeddable":true,"href":"https:\/\/www.vapecigwholesale.com\/pl\/wp-json\/wp\/v2\/comments?post=1250"}],"wp:featuredmedia":[{"embeddable":true,"href":"https:\/\/www.vapecigwholesale.com\/pl\/wp-json\/wp\/v2\/media\/1248"}],"wp:attachment":[{"href":"https:\/\/www.vapecigwholesale.com\/pl\/wp-json\/wp\/v2\/media?parent=1250"}],"wp:term":[{"taxonomy":"product_brand","embeddable":true,"href":"https:\/\/www.vapecigwholesale.com\/pl\/wp-json\/wp\/v2\/product_brand?post=1250"},{"taxonomy":"product_cat","embeddable":true,"href":"https:\/\/www.vapecigwholesale.com\/pl\/wp-json\/wp\/v2\/product_cat?post=1250"},{"taxonomy":"product_tag","embeddable":true,"href":"https:\/\/www.vapecigwholesale.com\/pl\/wp-json\/wp\/v2\/product_tag?post=1250"}],"curies":[{"name":"wp","href":"https:\/\/api.w.org\/{rel}","templated":true}]}}