{"id":1278,"date":"2024-11-18T14:18:13","date_gmt":"2024-11-18T06:18:13","guid":{"rendered":"https:\/\/www.vapecigwholesale.com\/?post_type=product&#038;p=1278"},"modified":"2025-04-13T01:05:57","modified_gmt":"2025-04-12T17:05:57","slug":"bang-box-30000-puffs-disposable-vape-free-shipping","status":"publish","type":"product","link":"https:\/\/www.vapecigwholesale.com\/pl\/product\/bang-box-30000-puff-jednorazowy-vape-darmowa-wysylka\/","title":{"rendered":"Bang Box 30000 Puffs Jednorazowe Vape Darmowa wysy\u0142ka"},"content":{"rendered":"<p>Jednorazowe pi\u00f3ro vape Bang Box 30000 Puffs. To innowacyjne urz\u0105dzenie \u0142\u0105czy w sobie wygod\u0119, styl i wysok\u0105 wydajno\u015b\u0107, dzi\u0119ki czemu jest niezb\u0119dnym wyborem zar\u00f3wno dla zwyk\u0142ych, jak i do\u015bwiadczonych vaper\u00f3w. Bang Box 30000 zosta\u0142 zaprojektowany dla tych, kt\u00f3rzy wymagaj\u0105 tego, co najlepsze.<\/p>\n<p>Bang Box 30000 Puffs dzi\u0119ki niezwyk\u0142ej pojemno\u015bci 35 ml e-liquidu, to pi\u00f3ro vape pozwala na osza\u0142amiaj\u0105ce 30 000 zaci\u0105gni\u0119\u0107, zapewniaj\u0105c d\u0142u\u017csze sesje bez k\u0142opot\u00f3w z cz\u0119stym uzupe\u0142nianiem. Akumulator o pojemno\u015bci 850 mAh nie tylko zapewnia d\u0142ugotrwa\u0142e u\u017cytkowanie, ale jest r\u00f3wnie\u017c wyposa\u017cony w port \u0142adowania USB typu C, kt\u00f3ry umo\u017cliwia szybkie i \u0142atwe \u0142adowanie. Po\u017cegnaj si\u0119 z przestojami i przywitaj si\u0119 z ci\u0105g\u0142\u0105 przyjemno\u015bci\u0105 wapowania!<\/p>\n<h2><strong>Szczeg\u00f3\u0142y Bang Box 30000 Puffs:<\/strong><\/h2>\n<ul>\n<li>Puffy: 30000 Puff\u00f3w<\/li>\n<li>Bateria: 850 mAh<\/li>\n<li>Pojemno\u015b\u0107: 35 ml<\/li>\n<li>Nikotyna: 0% 2% 3% 5%<\/li>\n<li>Cewka z podw\u00f3jn\u0105 siatk\u0105<\/li>\n<li>Inteligentny ekran: wska\u017anik e-juice\/zasilania<\/li>\n<li>12 dost\u0119pnych smak\u00f3w<\/li>\n<\/ul>\n<h2><strong>Bang Box 30000 Puffs Dost\u0119pne smaki:<\/strong><\/h2>\n<ol>\n<li>L\u00f3d jagodowy<\/li>\n<li>Jab\u0142ko Brzoskwinia<\/li>\n<li>Black Burst<\/li>\n<li>Blueberry Pomegrante<\/li>\n<li>L\u00f3d jagodowo-kwa\u015bno-malinowy<\/li>\n<li>Blue Burst<\/li>\n<li>Double Grape<\/li>\n<li>Truskawka Kiwi<\/li>\n<li>Arbuz truskawkowy<\/li>\n<li>Arbuzowy l\u00f3d<\/li>\n<li>Owoc m\u0119czennicy<\/li>\n<li>Jungle Juice<\/li>\n<\/ol>\n<h2><strong>Lista pakowania:<\/strong><\/h2>\n<p>1 sztuka ka\u017cdego ma\u0142ego pude\u0142ka<br \/>\n10 sztuk w ka\u017cdym \u015brodkowym pude\u0142ku<br \/>\n200 sztuk w kartonie<\/p>\n<p><img fetchpriority=\"high\" decoding=\"async\" class=\"wp-image-1263 size-full\" title=\"Bang Box 30000 Puffs Jednorazowe Vape Darmowa wysy\u0142ka 1\" src=\"https:\/\/www.vapecigwholesale.com\/wp-content\/uploads\/2024\/11\/Bang-Box-30000-Puffs-Disposable-Vape-Free-Shipping-1.webp\" alt=\"Bang Box 30000 Puffs Jednorazowe Vape Darmowa wysy\u0142ka 1\" width=\"800\" height=\"1314\" srcset=\"https:\/\/www.vapecigwholesale.com\/wp-content\/uploads\/2024\/11\/Bang-Box-30000-Puffs-Disposable-Vape-Free-Shipping-1.webp 800w, https:\/\/www.vapecigwholesale.com\/wp-content\/uploads\/2024\/11\/Bang-Box-30000-Puffs-Disposable-Vape-Free-Shipping-1-183x300.webp 183w, https:\/\/www.vapecigwholesale.com\/wp-content\/uploads\/2024\/11\/Bang-Box-30000-Puffs-Disposable-Vape-Free-Shipping-1-623x1024.webp 623w, https:\/\/www.vapecigwholesale.com\/wp-content\/uploads\/2024\/11\/Bang-Box-30000-Puffs-Disposable-Vape-Free-Shipping-1-768x1261.webp 768w, https:\/\/www.vapecigwholesale.com\/wp-content\/uploads\/2024\/11\/Bang-Box-30000-Puffs-Disposable-Vape-Free-Shipping-1-7x12.webp 7w, https:\/\/www.vapecigwholesale.com\/wp-content\/uploads\/2024\/11\/Bang-Box-30000-Puffs-Disposable-Vape-Free-Shipping-1-575x944.webp 575w, https:\/\/www.vapecigwholesale.com\/wp-content\/uploads\/2024\/11\/Bang-Box-30000-Puffs-Disposable-Vape-Free-Shipping-1-380x624.webp 380w, https:\/\/www.vapecigwholesale.com\/wp-content\/uploads\/2024\/11\/Bang-Box-30000-Puffs-Disposable-Vape-Free-Shipping-1-61x100.webp 61w\" sizes=\"(max-width: 800px) 100vw, 800px\" \/><\/p>\n<p><img decoding=\"async\" class=\"wp-image-1265 size-full\" title=\"Bang Box 30000 Puffs Jednorazowe Vape Darmowa wysy\u0142ka 3\" src=\"https:\/\/www.vapecigwholesale.com\/wp-content\/uploads\/2024\/11\/Bang-Box-30000-Puffs-Disposable-Vape-Free-Shipping-3.webp\" alt=\"Bang Box 30000 Puffs Jednorazowe Vape Darmowa wysy\u0142ka 3\" width=\"800\" height=\"800\" srcset=\"https:\/\/www.vapecigwholesale.com\/wp-content\/uploads\/2024\/11\/Bang-Box-30000-Puffs-Disposable-Vape-Free-Shipping-3.webp 800w, https:\/\/www.vapecigwholesale.com\/wp-content\/uploads\/2024\/11\/Bang-Box-30000-Puffs-Disposable-Vape-Free-Shipping-3-300x300.webp 300w, https:\/\/www.vapecigwholesale.com\/wp-content\/uploads\/2024\/11\/Bang-Box-30000-Puffs-Disposable-Vape-Free-Shipping-3-150x150.webp 150w, https:\/\/www.vapecigwholesale.com\/wp-content\/uploads\/2024\/11\/Bang-Box-30000-Puffs-Disposable-Vape-Free-Shipping-3-768x768.webp 768w, https:\/\/www.vapecigwholesale.com\/wp-content\/uploads\/2024\/11\/Bang-Box-30000-Puffs-Disposable-Vape-Free-Shipping-3-12x12.webp 12w, https:\/\/www.vapecigwholesale.com\/wp-content\/uploads\/2024\/11\/Bang-Box-30000-Puffs-Disposable-Vape-Free-Shipping-3-575x575.webp 575w, https:\/\/www.vapecigwholesale.com\/wp-content\/uploads\/2024\/11\/Bang-Box-30000-Puffs-Disposable-Vape-Free-Shipping-3-380x380.webp 380w, https:\/\/www.vapecigwholesale.com\/wp-content\/uploads\/2024\/11\/Bang-Box-30000-Puffs-Disposable-Vape-Free-Shipping-3-50x50.webp 50w, https:\/\/www.vapecigwholesale.com\/wp-content\/uploads\/2024\/11\/Bang-Box-30000-Puffs-Disposable-Vape-Free-Shipping-3-26x26.webp 26w, https:\/\/www.vapecigwholesale.com\/wp-content\/uploads\/2024\/11\/Bang-Box-30000-Puffs-Disposable-Vape-Free-Shipping-3-420x420.webp 420w, https:\/\/www.vapecigwholesale.com\/wp-content\/uploads\/2024\/11\/Bang-Box-30000-Puffs-Disposable-Vape-Free-Shipping-3-100x100.webp 100w, https:\/\/www.vapecigwholesale.com\/wp-content\/uploads\/2024\/11\/Bang-Box-30000-Puffs-Disposable-Vape-Free-Shipping-3-80x80.webp 80w\" sizes=\"(max-width: 800px) 100vw, 800px\" \/><\/p>","protected":false},"excerpt":{"rendered":"<p>Cena tylko za 1 sztuk\u0119 Darmowa wysy\u0142ka<\/p>\n<p>(\u00a0<strong>0% 2% 3% 5% Nic<\/strong>)\u00a0 \u00a0 \u00a0<strong>Czas wysy\u0142ki: 2 tygodnie<\/strong><\/p>","protected":false},"featured_media":1271,"comment_status":"open","ping_status":"closed","template":"","meta":{"om_disable_all_campaigns":false,"_monsterinsights_skip_tracking":false,"_monsterinsights_sitenote_active":false,"_monsterinsights_sitenote_note":"","_monsterinsights_sitenote_category":0},"product_brand":[],"product_cat":[15],"product_tag":[],"class_list":{"0":"post-1278","1":"product","2":"type-product","3":"status-publish","4":"has-post-thumbnail","6":"product_cat-disposable-vape","8":"first","9":"instock","10":"featured","11":"shipping-taxable","12":"purchasable","13":"product-type-variable","14":"has-default-attributes"},"aioseo_notices":[],"_links":{"self":[{"href":"https:\/\/www.vapecigwholesale.com\/pl\/wp-json\/wp\/v2\/product\/1278","targetHints":{"allow":["GET"]}}],"collection":[{"href":"https:\/\/www.vapecigwholesale.com\/pl\/wp-json\/wp\/v2\/product"}],"about":[{"href":"https:\/\/www.vapecigwholesale.com\/pl\/wp-json\/wp\/v2\/types\/product"}],"replies":[{"embeddable":true,"href":"https:\/\/www.vapecigwholesale.com\/pl\/wp-json\/wp\/v2\/comments?post=1278"}],"wp:featuredmedia":[{"embeddable":true,"href":"https:\/\/www.vapecigwholesale.com\/pl\/wp-json\/wp\/v2\/media\/1271"}],"wp:attachment":[{"href":"https:\/\/www.vapecigwholesale.com\/pl\/wp-json\/wp\/v2\/media?parent=1278"}],"wp:term":[{"taxonomy":"product_brand","embeddable":true,"href":"https:\/\/www.vapecigwholesale.com\/pl\/wp-json\/wp\/v2\/product_brand?post=1278"},{"taxonomy":"product_cat","embeddable":true,"href":"https:\/\/www.vapecigwholesale.com\/pl\/wp-json\/wp\/v2\/product_cat?post=1278"},{"taxonomy":"product_tag","embeddable":true,"href":"https:\/\/www.vapecigwholesale.com\/pl\/wp-json\/wp\/v2\/product_tag?post=1278"}],"curies":[{"name":"wp","href":"https:\/\/api.w.org\/{rel}","templated":true}]}}