{"id":1343,"date":"2024-11-19T20:58:04","date_gmt":"2024-11-19T12:58:04","guid":{"rendered":"https:\/\/www.vapecigwholesale.com\/?post_type=product&#038;p=1343"},"modified":"2025-02-19T14:16:20","modified_gmt":"2025-02-19T06:16:20","slug":"zooy-shisha-25000-puffs-disposable-vape-free-shipping","status":"publish","type":"product","link":"https:\/\/www.vapecigwholesale.com\/pl\/product\/zooy-shisha-25000-puffow-jednorazowe-vape-darmowa-wysylka\/","title":{"rendered":"ZOOY ShiSha 25000 Puffs Jednorazowe Vape Darmowa wysy\u0142ka"},"content":{"rendered":"<p>ZOOY ShiSha 25000 Puffs to marka elektronicznej shishy, kt\u00f3ra zbiera entuzjastyczne recenzje od klient\u00f3w w Europie. Znana z du\u017cej produkcji pary i g\u0142adkiego smaku, ta elektroniczna shisha szybko staje si\u0119 ulubionym produktem w\u015br\u00f3d entuzjast\u00f3w waporyzacji. W tym artykule om\u00f3wimy kluczowe cechy zooy shisha 25000 i dowiemy si\u0119, dlaczego zdoby\u0142a ona tak pozytywne opinie u\u017cytkownik\u00f3w.<\/p>\n<p>ZOOY ShiSha 25000 Puffs to imponuj\u0105ca produkcja pary. Z ka\u017cdym zaci\u0105gni\u0119ciem u\u017cytkownicy mog\u0105 cieszy\u0107 si\u0119 g\u0119stymi chmurami pary, kt\u00f3re na\u015bladuj\u0105 do\u015bwiadczenie tradycyjnego palenia shishy. Jest to mo\u017cliwe dzi\u0119ki zaawansowanej technologii i wysokiej jako\u015bci komponentom zastosowanym w konstrukcji zooy shisha 25000.<\/p>\n<p>ZOOY ShiSha 25000 Puffs zapewnia r\u00f3wnie\u017c g\u0142adkie i satysfakcjonuj\u0105ce doznania smakowe. Niezale\u017cnie od tego, czy preferujesz smaki owocowe, mi\u0119towe czy klasyczne tytoniowe, zooy shisha 25000 oferuje szerok\u0105 gam\u0119 opcji, kt\u00f3re zaspokoj\u0105 ka\u017cde podniebienie. Smaki zosta\u0142y starannie opracowane, aby zapewni\u0107 autentyczne i przyjemne doznania podczas waporyzacji.<\/p>\n<p>ZOOY ShiSha 25000 Puffs charakteryzuje si\u0119 d\u0142ug\u0105 \u017cywotno\u015bci\u0105 baterii. U\u017cytkownicy mog\u0105 cieszy\u0107 si\u0119 godzinami nieprzerwanego wapowania bez konieczno\u015bci ci\u0105g\u0142ego \u0142adowania urz\u0105dzenia. Dzi\u0119ki temu zooy shisha 25000 idealnie nadaje si\u0119 do u\u017cytku w podr\u00f3\u017cy i zapewnia u\u017cytkownikom mo\u017cliwo\u015b\u0107 cieszenia si\u0119 ulubionymi smakami w dowolnym miejscu i czasie.<\/p>\n<h2><strong>ZOOY ShiSha 25000 Puffs Szczeg\u00f3\u0142y:<\/strong><\/h2>\n<ul>\n<li>Puff: Do 25000 zaci\u0105gni\u0119\u0107<\/li>\n<li>P\u0142yn: wst\u0119pnie nape\u0142niony 28 ml<\/li>\n<li>Rdze\u0144: Cewka siatkowa 0,5 \u03a9<\/li>\n<li>Akumulator: 650 mAh z mo\u017cliwo\u015bci\u0105 \u0142adowania przez port typu C<\/li>\n<li>Nikotyna:2% 5% Nikotyna<\/li>\n<li>Nak\u0142adka przeciwpy\u0142owa<\/li>\n<\/ul>\n<h2><strong>ZOOY ShiSha 25000 Puffs Dost\u0119pne smaki:<\/strong><\/h2>\n<ol>\n<li>L\u00f3d bananowy<\/li>\n<li>L\u00f3d jagodowy<\/li>\n<li>Love 777<\/li>\n<li>Mango Ice<\/li>\n<li>Jagody mieszane<\/li>\n<li>R\u00f3\u017cowa Lemoniada<\/li>\n<li>L\u00f3d truskawkowy<\/li>\n<li>L\u00f3d truskawkowo-malinowy<\/li>\n<li>Arbuz truskawkowy<\/li>\n<li>Arbuzowy l\u00f3d<\/li>\n<\/ol>\n<h2><strong>Lista pakowania:<\/strong><\/h2>\n<p>1 sztuka ka\u017cdego ma\u0142ego pude\u0142ka<br \/>\n10 sztuk w ka\u017cdym \u015brodkowym pude\u0142ku<br \/>\n200 sztuk w kartonie<\/p>\n<p><img fetchpriority=\"high\" decoding=\"async\" class=\"wp-image-1329 size-full\" title=\"ZOOY ShiSha 25000 Puff\u00f3w Jednorazowe Vape Darmowa Wysy\u0142ka 3\" src=\"https:\/\/www.vapecigwholesale.com\/wp-content\/uploads\/2024\/11\/ZOOY-ShiSha-25000-Puffs-Disposable-Vape-Free-Shipping-3.webp\" alt=\"ZOOY ShiSha 25000 Puff\u00f3w Jednorazowe Vape Darmowa Wysy\u0142ka 3\" width=\"800\" height=\"800\" srcset=\"https:\/\/www.vapecigwholesale.com\/wp-content\/uploads\/2024\/11\/ZOOY-ShiSha-25000-Puffs-Disposable-Vape-Free-Shipping-3.webp 800w, https:\/\/www.vapecigwholesale.com\/wp-content\/uploads\/2024\/11\/ZOOY-ShiSha-25000-Puffs-Disposable-Vape-Free-Shipping-3-300x300.webp 300w, https:\/\/www.vapecigwholesale.com\/wp-content\/uploads\/2024\/11\/ZOOY-ShiSha-25000-Puffs-Disposable-Vape-Free-Shipping-3-150x150.webp 150w, https:\/\/www.vapecigwholesale.com\/wp-content\/uploads\/2024\/11\/ZOOY-ShiSha-25000-Puffs-Disposable-Vape-Free-Shipping-3-768x768.webp 768w, https:\/\/www.vapecigwholesale.com\/wp-content\/uploads\/2024\/11\/ZOOY-ShiSha-25000-Puffs-Disposable-Vape-Free-Shipping-3-12x12.webp 12w, https:\/\/www.vapecigwholesale.com\/wp-content\/uploads\/2024\/11\/ZOOY-ShiSha-25000-Puffs-Disposable-Vape-Free-Shipping-3-575x575.webp 575w, https:\/\/www.vapecigwholesale.com\/wp-content\/uploads\/2024\/11\/ZOOY-ShiSha-25000-Puffs-Disposable-Vape-Free-Shipping-3-380x380.webp 380w, https:\/\/www.vapecigwholesale.com\/wp-content\/uploads\/2024\/11\/ZOOY-ShiSha-25000-Puffs-Disposable-Vape-Free-Shipping-3-50x50.webp 50w, https:\/\/www.vapecigwholesale.com\/wp-content\/uploads\/2024\/11\/ZOOY-ShiSha-25000-Puffs-Disposable-Vape-Free-Shipping-3-26x26.webp 26w, https:\/\/www.vapecigwholesale.com\/wp-content\/uploads\/2024\/11\/ZOOY-ShiSha-25000-Puffs-Disposable-Vape-Free-Shipping-3-420x420.webp 420w, https:\/\/www.vapecigwholesale.com\/wp-content\/uploads\/2024\/11\/ZOOY-ShiSha-25000-Puffs-Disposable-Vape-Free-Shipping-3-100x100.webp 100w, https:\/\/www.vapecigwholesale.com\/wp-content\/uploads\/2024\/11\/ZOOY-ShiSha-25000-Puffs-Disposable-Vape-Free-Shipping-3-80x80.webp 80w\" sizes=\"(max-width: 800px) 100vw, 800px\" \/><\/p>\n<p><img decoding=\"async\" class=\"wp-image-1330 size-full\" title=\"ZOOY ShiSha 25000 Puffs Jednorazowe Vape Darmowa wysy\u0142ka 4\" src=\"https:\/\/www.vapecigwholesale.com\/wp-content\/uploads\/2024\/11\/ZOOY-ShiSha-25000-Puffs-Disposable-Vape-Free-Shipping-4.webp\" alt=\"ZOOY ShiSha 25000 Puffs Jednorazowe Vape Darmowa wysy\u0142ka 4\" width=\"800\" height=\"800\" srcset=\"https:\/\/www.vapecigwholesale.com\/wp-content\/uploads\/2024\/11\/ZOOY-ShiSha-25000-Puffs-Disposable-Vape-Free-Shipping-4.webp 800w, https:\/\/www.vapecigwholesale.com\/wp-content\/uploads\/2024\/11\/ZOOY-ShiSha-25000-Puffs-Disposable-Vape-Free-Shipping-4-300x300.webp 300w, https:\/\/www.vapecigwholesale.com\/wp-content\/uploads\/2024\/11\/ZOOY-ShiSha-25000-Puffs-Disposable-Vape-Free-Shipping-4-150x150.webp 150w, https:\/\/www.vapecigwholesale.com\/wp-content\/uploads\/2024\/11\/ZOOY-ShiSha-25000-Puffs-Disposable-Vape-Free-Shipping-4-768x768.webp 768w, https:\/\/www.vapecigwholesale.com\/wp-content\/uploads\/2024\/11\/ZOOY-ShiSha-25000-Puffs-Disposable-Vape-Free-Shipping-4-12x12.webp 12w, https:\/\/www.vapecigwholesale.com\/wp-content\/uploads\/2024\/11\/ZOOY-ShiSha-25000-Puffs-Disposable-Vape-Free-Shipping-4-575x575.webp 575w, https:\/\/www.vapecigwholesale.com\/wp-content\/uploads\/2024\/11\/ZOOY-ShiSha-25000-Puffs-Disposable-Vape-Free-Shipping-4-380x380.webp 380w, https:\/\/www.vapecigwholesale.com\/wp-content\/uploads\/2024\/11\/ZOOY-ShiSha-25000-Puffs-Disposable-Vape-Free-Shipping-4-50x50.webp 50w, https:\/\/www.vapecigwholesale.com\/wp-content\/uploads\/2024\/11\/ZOOY-ShiSha-25000-Puffs-Disposable-Vape-Free-Shipping-4-26x26.webp 26w, https:\/\/www.vapecigwholesale.com\/wp-content\/uploads\/2024\/11\/ZOOY-ShiSha-25000-Puffs-Disposable-Vape-Free-Shipping-4-420x420.webp 420w, https:\/\/www.vapecigwholesale.com\/wp-content\/uploads\/2024\/11\/ZOOY-ShiSha-25000-Puffs-Disposable-Vape-Free-Shipping-4-100x100.webp 100w, https:\/\/www.vapecigwholesale.com\/wp-content\/uploads\/2024\/11\/ZOOY-ShiSha-25000-Puffs-Disposable-Vape-Free-Shipping-4-80x80.webp 80w\" sizes=\"(max-width: 800px) 100vw, 800px\" \/><\/p>\n<p><img decoding=\"async\" class=\"wp-image-1328 size-full\" title=\"ZOOY ShiSha 25000 Puff\u00f3w Jednorazowe Vape Darmowa Wysy\u0142ka 2\" src=\"https:\/\/www.vapecigwholesale.com\/wp-content\/uploads\/2024\/11\/ZOOY-ShiSha-25000-Puffs-Disposable-Vape-Free-Shipping-2.webp\" alt=\"ZOOY ShiSha 25000 Puff\u00f3w Jednorazowe Vape Darmowa Wysy\u0142ka 2\" width=\"800\" height=\"788\" srcset=\"https:\/\/www.vapecigwholesale.com\/wp-content\/uploads\/2024\/11\/ZOOY-ShiSha-25000-Puffs-Disposable-Vape-Free-Shipping-2.webp 800w, https:\/\/www.vapecigwholesale.com\/wp-content\/uploads\/2024\/11\/ZOOY-ShiSha-25000-Puffs-Disposable-Vape-Free-Shipping-2-300x296.webp 300w, https:\/\/www.vapecigwholesale.com\/wp-content\/uploads\/2024\/11\/ZOOY-ShiSha-25000-Puffs-Disposable-Vape-Free-Shipping-2-768x756.webp 768w, https:\/\/www.vapecigwholesale.com\/wp-content\/uploads\/2024\/11\/ZOOY-ShiSha-25000-Puffs-Disposable-Vape-Free-Shipping-2-12x12.webp 12w, https:\/\/www.vapecigwholesale.com\/wp-content\/uploads\/2024\/11\/ZOOY-ShiSha-25000-Puffs-Disposable-Vape-Free-Shipping-2-575x566.webp 575w, https:\/\/www.vapecigwholesale.com\/wp-content\/uploads\/2024\/11\/ZOOY-ShiSha-25000-Puffs-Disposable-Vape-Free-Shipping-2-380x374.webp 380w, https:\/\/www.vapecigwholesale.com\/wp-content\/uploads\/2024\/11\/ZOOY-ShiSha-25000-Puffs-Disposable-Vape-Free-Shipping-2-50x50.webp 50w, https:\/\/www.vapecigwholesale.com\/wp-content\/uploads\/2024\/11\/ZOOY-ShiSha-25000-Puffs-Disposable-Vape-Free-Shipping-2-26x26.webp 26w, https:\/\/www.vapecigwholesale.com\/wp-content\/uploads\/2024\/11\/ZOOY-ShiSha-25000-Puffs-Disposable-Vape-Free-Shipping-2-100x100.webp 100w, https:\/\/www.vapecigwholesale.com\/wp-content\/uploads\/2024\/11\/ZOOY-ShiSha-25000-Puffs-Disposable-Vape-Free-Shipping-2-80x79.webp 80w\" sizes=\"(max-width: 800px) 100vw, 800px\" \/><\/p>","protected":false},"excerpt":{"rendered":"<p>Cena tylko za 1 sztuk\u0119 Darmowa wysy\u0142ka<\/p>\n<p>(\u00a0<strong>0% 2% 3% 5% Nic<\/strong>)\u00a0 \u00a0 \u00a0<strong>Czas wysy\u0142ki: 2 tygodnie<\/strong><\/p>","protected":false},"featured_media":1327,"comment_status":"open","ping_status":"closed","template":"","meta":{"om_disable_all_campaigns":false,"_monsterinsights_skip_tracking":false,"_monsterinsights_sitenote_active":false,"_monsterinsights_sitenote_note":"","_monsterinsights_sitenote_category":0},"product_brand":[],"product_cat":[15],"product_tag":[],"class_list":{"0":"post-1343","1":"product","2":"type-product","3":"status-publish","4":"has-post-thumbnail","6":"product_cat-disposable-vape","8":"first","9":"instock","10":"shipping-taxable","11":"purchasable","12":"product-type-variable","13":"has-default-attributes"},"aioseo_notices":[],"_links":{"self":[{"href":"https:\/\/www.vapecigwholesale.com\/pl\/wp-json\/wp\/v2\/product\/1343","targetHints":{"allow":["GET"]}}],"collection":[{"href":"https:\/\/www.vapecigwholesale.com\/pl\/wp-json\/wp\/v2\/product"}],"about":[{"href":"https:\/\/www.vapecigwholesale.com\/pl\/wp-json\/wp\/v2\/types\/product"}],"replies":[{"embeddable":true,"href":"https:\/\/www.vapecigwholesale.com\/pl\/wp-json\/wp\/v2\/comments?post=1343"}],"wp:featuredmedia":[{"embeddable":true,"href":"https:\/\/www.vapecigwholesale.com\/pl\/wp-json\/wp\/v2\/media\/1327"}],"wp:attachment":[{"href":"https:\/\/www.vapecigwholesale.com\/pl\/wp-json\/wp\/v2\/media?parent=1343"}],"wp:term":[{"taxonomy":"product_brand","embeddable":true,"href":"https:\/\/www.vapecigwholesale.com\/pl\/wp-json\/wp\/v2\/product_brand?post=1343"},{"taxonomy":"product_cat","embeddable":true,"href":"https:\/\/www.vapecigwholesale.com\/pl\/wp-json\/wp\/v2\/product_cat?post=1343"},{"taxonomy":"product_tag","embeddable":true,"href":"https:\/\/www.vapecigwholesale.com\/pl\/wp-json\/wp\/v2\/product_tag?post=1343"}],"curies":[{"name":"wp","href":"https:\/\/api.w.org\/{rel}","templated":true}]}}