{"id":1399,"date":"2024-11-26T14:19:08","date_gmt":"2024-11-26T06:19:08","guid":{"rendered":"https:\/\/www.vapecigwholesale.com\/?post_type=product&#038;p=1399"},"modified":"2025-02-19T14:13:00","modified_gmt":"2025-02-19T06:13:00","slug":"zooy-power-28000-puffs-disposbale-vape-free-shipping","status":"publish","type":"product","link":"https:\/\/www.vapecigwholesale.com\/pl\/product\/zooy-power-28000-puffow-jednorazowe-vape-darmowa-wysylka\/","title":{"rendered":"ZOOY Power 28000 Puffs Disposbale Vape Darmowa wysy\u0142ka"},"content":{"rendered":"<p>ZOOY Power 28000 Puffs Disposbale Vape to rewolucyjne urz\u0105dzenie zaprojektowane dla wymagaj\u0105cych palaczy. Posiada wbudowany inteligentny ekran, kt\u00f3ry \u017cywo prezentuje najwa\u017cniejsze informacje. Dzi\u0119ki technologii szybkiego \u0142adowania TYPE-C sp\u0119dzisz mniej czasu na czekaniu, a wi\u0119cej na wapowaniu. Dotykowy ekran sterowania zasilaniem i funkcja swobodnego prze\u0142\u0105czania zapewniaj\u0105 \u0142atw\u0105 obs\u0142ug\u0119. Ale prawdziwy urok tkwi w regulowanych ustawieniach. Mo\u017cesz dostosowa\u0107 wra\u017cenia z waporyzacji do swoich preferencji, niezale\u017cnie od tego, czy chcesz mocniejszego uderzenia, czy p\u0142ynniejszego zaci\u0105gania si\u0119. To nie tylko e-papieros; to spersonalizowany towarzysz waporyzacji, kt\u00f3ry zapewnia wygod\u0119 i satysfakcj\u0119 z ka\u017cdego zaci\u0105gni\u0119cia.<\/p>\n<p>Jednorazowy papieros elektroniczny ZOOY Power 28000 Puffs, gad\u017cet stworzony w celu przesuni\u0119cia granic technologii jednorazowego wapowania, mo\u017ce rozpocz\u0105\u0107 niesamowit\u0105 przygod\u0119 z wapowaniem. Dzi\u0119ki wytrzyma\u0142emu akumulatorowi typu C o pojemno\u015bci 6500 mAh i niesamowitemu 32 ml wst\u0119pnie na\u0142adowanego e-liquidu, ten e-papieros zapewnia niezr\u00f3wnane 28 000 zaci\u0105gni\u0119\u0107 dla d\u0142ugotrwa\u0142ego, przyjemnego palenia. Nasze produkty obs\u0142uguj\u0105 sprzeda\u017c detaliczn\u0105, minimalna ilo\u015b\u0107 zam\u00f3wienia to 10 sztuk, bezp\u0142atna wysy\u0142ka do g\u0142\u00f3wnych kraj\u00f3w europejskich.<\/p>\n<h2><strong>Szczeg\u00f3\u0142y ZOOY Power 28000 Puffs\uff1a<\/strong><\/h2>\n<ul>\n<li>Regulowane ci\u015bnienie powietrza<\/li>\n<li>St\u0119\u017cenie nikotyny: 2% 5%<\/li>\n<li>Czas pe\u0142nego \u0142adowania: dwie godziny<\/li>\n<li>Mod. mechaniczny Niemechaniczny<\/li>\n<li>Zmienna moc: Niezmienna moc<\/li>\n<li>Pojemno\u015b\u0107: 34 ml<\/li>\n<li>Port \u0142adowania: typ C<\/li>\n<li>Rdze\u0144: Cewka siatkowa 1,0 \u03a9 + 1,0 \u03a9<\/li>\n<li>Animowany ekran<\/li>\n<\/ul>\n<h2><strong>ZOOY Power 28000 Puffs Dost\u0119pne smaki:<\/strong><\/h2>\n<ol>\n<li>Meksyka\u0144skie mango<\/li>\n<li>Bor\u00f3wka Malina<\/li>\n<li>Jagoda<\/li>\n<li>Lody waniliowe<\/li>\n<li>L\u00f3d winogronowy<\/li>\n<li>Owoce mieszane<\/li>\n<li>Owoc m\u0119czennicy<\/li>\n<li>Poncz truskawkowy<\/li>\n<li>Arbuzowy l\u00f3d<\/li>\n<li>Truskawka Kiwi<\/li>\n<\/ol>\n<h2><strong>Lista pakowania:<\/strong><\/h2>\n<p>1 sztuka ka\u017cdego ma\u0142ego pude\u0142ka<br \/>\n10 sztuk w ka\u017cdym \u015brodkowym pude\u0142ku<br \/>\n200 sztuk w kartonie<\/p>\n<p><img fetchpriority=\"high\" decoding=\"async\" class=\"wp-image-1385 size-full\" title=\"ZOOY Power 28000 Puffs Disposbale Vape Darmowa wysy\u0142ka 2\" src=\"https:\/\/www.vapecigwholesale.com\/wp-content\/uploads\/2024\/11\/ZOOY-Power-28000-Puffs-Disposbale-Vape-Free-Shipping-2.webp\" alt=\"ZOOY Power 28000 Puffs Disposbale Vape Darmowa wysy\u0142ka 2\" width=\"800\" height=\"800\" srcset=\"https:\/\/www.vapecigwholesale.com\/wp-content\/uploads\/2024\/11\/ZOOY-Power-28000-Puffs-Disposbale-Vape-Free-Shipping-2.webp 800w, https:\/\/www.vapecigwholesale.com\/wp-content\/uploads\/2024\/11\/ZOOY-Power-28000-Puffs-Disposbale-Vape-Free-Shipping-2-300x300.webp 300w, https:\/\/www.vapecigwholesale.com\/wp-content\/uploads\/2024\/11\/ZOOY-Power-28000-Puffs-Disposbale-Vape-Free-Shipping-2-150x150.webp 150w, https:\/\/www.vapecigwholesale.com\/wp-content\/uploads\/2024\/11\/ZOOY-Power-28000-Puffs-Disposbale-Vape-Free-Shipping-2-768x768.webp 768w, https:\/\/www.vapecigwholesale.com\/wp-content\/uploads\/2024\/11\/ZOOY-Power-28000-Puffs-Disposbale-Vape-Free-Shipping-2-12x12.webp 12w, https:\/\/www.vapecigwholesale.com\/wp-content\/uploads\/2024\/11\/ZOOY-Power-28000-Puffs-Disposbale-Vape-Free-Shipping-2-575x575.webp 575w, https:\/\/www.vapecigwholesale.com\/wp-content\/uploads\/2024\/11\/ZOOY-Power-28000-Puffs-Disposbale-Vape-Free-Shipping-2-380x380.webp 380w, https:\/\/www.vapecigwholesale.com\/wp-content\/uploads\/2024\/11\/ZOOY-Power-28000-Puffs-Disposbale-Vape-Free-Shipping-2-50x50.webp 50w, https:\/\/www.vapecigwholesale.com\/wp-content\/uploads\/2024\/11\/ZOOY-Power-28000-Puffs-Disposbale-Vape-Free-Shipping-2-26x26.webp 26w, https:\/\/www.vapecigwholesale.com\/wp-content\/uploads\/2024\/11\/ZOOY-Power-28000-Puffs-Disposbale-Vape-Free-Shipping-2-420x420.webp 420w, https:\/\/www.vapecigwholesale.com\/wp-content\/uploads\/2024\/11\/ZOOY-Power-28000-Puffs-Disposbale-Vape-Free-Shipping-2-100x100.webp 100w, https:\/\/www.vapecigwholesale.com\/wp-content\/uploads\/2024\/11\/ZOOY-Power-28000-Puffs-Disposbale-Vape-Free-Shipping-2-80x80.webp 80w\" sizes=\"(max-width: 800px) 100vw, 800px\" \/><\/p>\n<p><img decoding=\"async\" class=\"wp-image-1384 size-full\" title=\"ZOOY Power 28000 Puffs Disposbale Vape Darmowa wysy\u0142ka 1\" src=\"https:\/\/www.vapecigwholesale.com\/wp-content\/uploads\/2024\/11\/ZOOY-Power-28000-Puffs-Disposbale-Vape-Free-Shipping-1.webp\" alt=\"ZOOY Power 28000 Puffs Disposbale Vape Darmowa wysy\u0142ka 1\" width=\"800\" height=\"800\" srcset=\"https:\/\/www.vapecigwholesale.com\/wp-content\/uploads\/2024\/11\/ZOOY-Power-28000-Puffs-Disposbale-Vape-Free-Shipping-1.webp 800w, https:\/\/www.vapecigwholesale.com\/wp-content\/uploads\/2024\/11\/ZOOY-Power-28000-Puffs-Disposbale-Vape-Free-Shipping-1-300x300.webp 300w, https:\/\/www.vapecigwholesale.com\/wp-content\/uploads\/2024\/11\/ZOOY-Power-28000-Puffs-Disposbale-Vape-Free-Shipping-1-150x150.webp 150w, https:\/\/www.vapecigwholesale.com\/wp-content\/uploads\/2024\/11\/ZOOY-Power-28000-Puffs-Disposbale-Vape-Free-Shipping-1-768x768.webp 768w, https:\/\/www.vapecigwholesale.com\/wp-content\/uploads\/2024\/11\/ZOOY-Power-28000-Puffs-Disposbale-Vape-Free-Shipping-1-12x12.webp 12w, https:\/\/www.vapecigwholesale.com\/wp-content\/uploads\/2024\/11\/ZOOY-Power-28000-Puffs-Disposbale-Vape-Free-Shipping-1-575x575.webp 575w, https:\/\/www.vapecigwholesale.com\/wp-content\/uploads\/2024\/11\/ZOOY-Power-28000-Puffs-Disposbale-Vape-Free-Shipping-1-380x380.webp 380w, https:\/\/www.vapecigwholesale.com\/wp-content\/uploads\/2024\/11\/ZOOY-Power-28000-Puffs-Disposbale-Vape-Free-Shipping-1-50x50.webp 50w, https:\/\/www.vapecigwholesale.com\/wp-content\/uploads\/2024\/11\/ZOOY-Power-28000-Puffs-Disposbale-Vape-Free-Shipping-1-26x26.webp 26w, https:\/\/www.vapecigwholesale.com\/wp-content\/uploads\/2024\/11\/ZOOY-Power-28000-Puffs-Disposbale-Vape-Free-Shipping-1-420x420.webp 420w, https:\/\/www.vapecigwholesale.com\/wp-content\/uploads\/2024\/11\/ZOOY-Power-28000-Puffs-Disposbale-Vape-Free-Shipping-1-100x100.webp 100w, https:\/\/www.vapecigwholesale.com\/wp-content\/uploads\/2024\/11\/ZOOY-Power-28000-Puffs-Disposbale-Vape-Free-Shipping-1-80x80.webp 80w\" sizes=\"(max-width: 800px) 100vw, 800px\" \/><\/p>\n<p><img decoding=\"async\" class=\"wp-image-1386 size-full\" title=\"ZOOY Power 28000 Puffs Disposbale Vape Darmowa wysy\u0142ka 3\" src=\"https:\/\/www.vapecigwholesale.com\/wp-content\/uploads\/2024\/11\/ZOOY-Power-28000-Puffs-Disposbale-Vape-Free-Shipping-3.webp\" alt=\"ZOOY Power 28000 Puffs Disposbale Vape Darmowa wysy\u0142ka 3\" width=\"800\" height=\"800\" srcset=\"https:\/\/www.vapecigwholesale.com\/wp-content\/uploads\/2024\/11\/ZOOY-Power-28000-Puffs-Disposbale-Vape-Free-Shipping-3.webp 800w, https:\/\/www.vapecigwholesale.com\/wp-content\/uploads\/2024\/11\/ZOOY-Power-28000-Puffs-Disposbale-Vape-Free-Shipping-3-300x300.webp 300w, https:\/\/www.vapecigwholesale.com\/wp-content\/uploads\/2024\/11\/ZOOY-Power-28000-Puffs-Disposbale-Vape-Free-Shipping-3-150x150.webp 150w, https:\/\/www.vapecigwholesale.com\/wp-content\/uploads\/2024\/11\/ZOOY-Power-28000-Puffs-Disposbale-Vape-Free-Shipping-3-768x768.webp 768w, https:\/\/www.vapecigwholesale.com\/wp-content\/uploads\/2024\/11\/ZOOY-Power-28000-Puffs-Disposbale-Vape-Free-Shipping-3-12x12.webp 12w, https:\/\/www.vapecigwholesale.com\/wp-content\/uploads\/2024\/11\/ZOOY-Power-28000-Puffs-Disposbale-Vape-Free-Shipping-3-575x575.webp 575w, https:\/\/www.vapecigwholesale.com\/wp-content\/uploads\/2024\/11\/ZOOY-Power-28000-Puffs-Disposbale-Vape-Free-Shipping-3-380x380.webp 380w, https:\/\/www.vapecigwholesale.com\/wp-content\/uploads\/2024\/11\/ZOOY-Power-28000-Puffs-Disposbale-Vape-Free-Shipping-3-50x50.webp 50w, https:\/\/www.vapecigwholesale.com\/wp-content\/uploads\/2024\/11\/ZOOY-Power-28000-Puffs-Disposbale-Vape-Free-Shipping-3-26x26.webp 26w, https:\/\/www.vapecigwholesale.com\/wp-content\/uploads\/2024\/11\/ZOOY-Power-28000-Puffs-Disposbale-Vape-Free-Shipping-3-420x420.webp 420w, https:\/\/www.vapecigwholesale.com\/wp-content\/uploads\/2024\/11\/ZOOY-Power-28000-Puffs-Disposbale-Vape-Free-Shipping-3-100x100.webp 100w, https:\/\/www.vapecigwholesale.com\/wp-content\/uploads\/2024\/11\/ZOOY-Power-28000-Puffs-Disposbale-Vape-Free-Shipping-3-80x80.webp 80w\" sizes=\"(max-width: 800px) 100vw, 800px\" \/><\/p>\n<p>&nbsp;<\/p>","protected":false},"excerpt":{"rendered":"<p>Cena tylko za 1 sztuk\u0119 Darmowa wysy\u0142ka<\/p>\n<p>( <strong>2% 5% Nic<\/strong>) Czas wysy\u0142ki: 2 tygodnie<\/p>","protected":false},"featured_media":1388,"comment_status":"open","ping_status":"closed","template":"","meta":{"om_disable_all_campaigns":false,"_monsterinsights_skip_tracking":false,"_monsterinsights_sitenote_active":false,"_monsterinsights_sitenote_note":"","_monsterinsights_sitenote_category":0},"product_brand":[],"product_cat":[15],"product_tag":[],"class_list":{"0":"post-1399","1":"product","2":"type-product","3":"status-publish","4":"has-post-thumbnail","6":"product_cat-disposable-vape","8":"first","9":"instock","10":"shipping-taxable","11":"purchasable","12":"product-type-variable","13":"has-default-attributes"},"aioseo_notices":[],"_links":{"self":[{"href":"https:\/\/www.vapecigwholesale.com\/pl\/wp-json\/wp\/v2\/product\/1399","targetHints":{"allow":["GET"]}}],"collection":[{"href":"https:\/\/www.vapecigwholesale.com\/pl\/wp-json\/wp\/v2\/product"}],"about":[{"href":"https:\/\/www.vapecigwholesale.com\/pl\/wp-json\/wp\/v2\/types\/product"}],"replies":[{"embeddable":true,"href":"https:\/\/www.vapecigwholesale.com\/pl\/wp-json\/wp\/v2\/comments?post=1399"}],"wp:featuredmedia":[{"embeddable":true,"href":"https:\/\/www.vapecigwholesale.com\/pl\/wp-json\/wp\/v2\/media\/1388"}],"wp:attachment":[{"href":"https:\/\/www.vapecigwholesale.com\/pl\/wp-json\/wp\/v2\/media?parent=1399"}],"wp:term":[{"taxonomy":"product_brand","embeddable":true,"href":"https:\/\/www.vapecigwholesale.com\/pl\/wp-json\/wp\/v2\/product_brand?post=1399"},{"taxonomy":"product_cat","embeddable":true,"href":"https:\/\/www.vapecigwholesale.com\/pl\/wp-json\/wp\/v2\/product_cat?post=1399"},{"taxonomy":"product_tag","embeddable":true,"href":"https:\/\/www.vapecigwholesale.com\/pl\/wp-json\/wp\/v2\/product_tag?post=1399"}],"curies":[{"name":"wp","href":"https:\/\/api.w.org\/{rel}","templated":true}]}}