{"id":1435,"date":"2024-12-03T15:04:36","date_gmt":"2024-12-03T07:04:36","guid":{"rendered":"https:\/\/www.vapecigwholesale.com\/?post_type=product&#038;p=1435"},"modified":"2025-09-22T14:04:23","modified_gmt":"2025-09-22T06:04:23","slug":"waspe-fx-30000-puffs-box-disposable-vape-free-shipping","status":"publish","type":"product","link":"https:\/\/www.vapecigwholesale.com\/pl\/product\/waspe-fx-30000-puffs-box-jednorazowy-vape-darmowa-wysylka\/","title":{"rendered":"WASPE FX 30000 PUFFS BOX Jednorazowe Vape Darmowa wysy\u0142ka"},"content":{"rendered":"<p>WASPE FX 30000 PUFFS BOX Jednorazowy Vape, zaprojektowany dla vaper\u00f3w, kt\u00f3rzy pragn\u0105 zar\u00f3wno jako\u015bci, jak i d\u0142ugowieczno\u015bci. To innowacyjne urz\u0105dzenie zapewnia imponuj\u0105ce 30000 zaci\u0105gni\u0119\u0107 w trybie zwyk\u0142ym i 15000 zaci\u0105gni\u0119\u0107 w trybie pulsacyjnym, zapewniaj\u0105c d\u0142u\u017csze do\u015bwiadczenie waporyzacji bez konieczno\u015bci cz\u0119stej wymiany.<\/p>\n<p>WASPE FX 30000 PUFFS BOX jest zasilany akumulatorem 850 mAh, wygodnie \u0142adowanym przez port typu C, co zapewnia szybkie i wydajne zasilanie. Dzi\u0119ki regulowanemu przep\u0142ywowi powietrza mo\u017cesz \u0142atwo dostosowa\u0107 zaci\u0105ganie si\u0119 do swojego stylu waporyzacji. Dodatkowo, wbudowany wy\u015bwietlacz LED pozwala na \u0142atwe monitorowanie statystyk waporyzacji, a kompaktowa konstrukcja zapewnia przeno\u015bno\u015b\u0107.<\/p>\n<p>WASPE FX 30000 PUFFS BOX o znacznej pojemno\u015bci 28 ml e-liquidu, Waspe oferuje elastyczne opcje nikotyny 0%, 2% i 5%, zaspokajaj\u0105c wszystkie preferencje. Podw\u00f3jny system cewek (1ohm + 1ohm) zwi\u0119ksza intensywno\u015b\u0107 smaku i produkcj\u0119 pary, zapewniaj\u0105c satysfakcjonuj\u0105cy wdech za ka\u017cdym razem.<\/p>\n<h2><strong>WASPE FX 30000 PUFFS BOX Szczeg\u00f3\u0142y:<\/strong><\/h2>\n<ul>\n<li>Regularne: 30000 Puff\u00f3w<\/li>\n<li>Puls: 15000 zaci\u0105gni\u0119\u0107<\/li>\n<li>Podw\u00f3jna cewka siatkowa: 1ohm+1ohm<\/li>\n<li>E-liquid: 28 ml<\/li>\n<li>Bateria: 850 mAh<\/li>\n<li>Nicotine:0%\/2%\/5%<\/li>\n<li>Mo\u017cliwo\u015b\u0107 \u0142adowania:Typ-C<\/li>\n<li>Regulowany przep\u0142yw powietrza<\/li>\n<li>Wy\u015bwietlacz LED<\/li>\n<li>Rozmiar produktu: 61*31*115mm<\/li>\n<\/ul>\n<h2><strong>WASPE FX 30000 PUFFS BOX Dost\u0119pne smaki:<\/strong><\/h2>\n<ol>\n<li>Mango truskawkowe<\/li>\n<li>Mixed Berry<\/li>\n<li>Arbuzowy l\u00f3d<\/li>\n<li>Arbuz truskawkowy<\/li>\n<li>Truskawkowy Red Bull<\/li>\n<li>Kiwi Passion Fruit Guava<\/li>\n<li>L\u00f3d winogronowy<\/li>\n<li>Podw\u00f3jny l\u00f3d jab\u0142kowy<\/li>\n<li>Bor\u00f3wka Malina<\/li>\n<li>Arbuz Mango Brzoskwinia<\/li>\n<li>L\u00f3d jagodowy<\/li>\n<li>Peach Berry<\/li>\n<li>Truskawka kiwi<\/li>\n<li>Cherry Ice<\/li>\n<li>Truskawka Malina Wi\u015bnia<\/li>\n<li>Arbuz Bubblegum<\/li>\n<\/ol>\n<h2><strong>Lista pakowania:<\/strong><\/h2>\n<p>1 sztuka ka\u017cdego ma\u0142ego pude\u0142ka<br \/>\n10 sztuk w ka\u017cdym \u015brodkowym pude\u0142ku<br \/>\n200 sztuk w kartonie<\/p>\n<p><img fetchpriority=\"high\" decoding=\"async\" class=\"alignnone wp-image-1415 size-full\" title=\"WASPE FX 30000 PUFFS BOX Jednorazowe Vape Darmowa wysy\u0142ka 2\" src=\"https:\/\/www.vapecigwholesale.com\/wp-content\/uploads\/2024\/12\/WASPE-FX-30000-PUFFS-BOX-Disposable-Vape-Free-Shipping-2.webp\" alt=\"WASPE FX 30000 PUFFS BOX Jednorazowe Vape Darmowa wysy\u0142ka 2\" width=\"800\" height=\"800\" srcset=\"https:\/\/www.vapecigwholesale.com\/wp-content\/uploads\/2024\/12\/WASPE-FX-30000-PUFFS-BOX-Disposable-Vape-Free-Shipping-2.webp 800w, https:\/\/www.vapecigwholesale.com\/wp-content\/uploads\/2024\/12\/WASPE-FX-30000-PUFFS-BOX-Disposable-Vape-Free-Shipping-2-300x300.webp 300w, https:\/\/www.vapecigwholesale.com\/wp-content\/uploads\/2024\/12\/WASPE-FX-30000-PUFFS-BOX-Disposable-Vape-Free-Shipping-2-150x150.webp 150w, https:\/\/www.vapecigwholesale.com\/wp-content\/uploads\/2024\/12\/WASPE-FX-30000-PUFFS-BOX-Disposable-Vape-Free-Shipping-2-768x768.webp 768w, https:\/\/www.vapecigwholesale.com\/wp-content\/uploads\/2024\/12\/WASPE-FX-30000-PUFFS-BOX-Disposable-Vape-Free-Shipping-2-12x12.webp 12w, https:\/\/www.vapecigwholesale.com\/wp-content\/uploads\/2024\/12\/WASPE-FX-30000-PUFFS-BOX-Disposable-Vape-Free-Shipping-2-575x575.webp 575w, https:\/\/www.vapecigwholesale.com\/wp-content\/uploads\/2024\/12\/WASPE-FX-30000-PUFFS-BOX-Disposable-Vape-Free-Shipping-2-380x380.webp 380w, https:\/\/www.vapecigwholesale.com\/wp-content\/uploads\/2024\/12\/WASPE-FX-30000-PUFFS-BOX-Disposable-Vape-Free-Shipping-2-50x50.webp 50w, https:\/\/www.vapecigwholesale.com\/wp-content\/uploads\/2024\/12\/WASPE-FX-30000-PUFFS-BOX-Disposable-Vape-Free-Shipping-2-26x26.webp 26w, https:\/\/www.vapecigwholesale.com\/wp-content\/uploads\/2024\/12\/WASPE-FX-30000-PUFFS-BOX-Disposable-Vape-Free-Shipping-2-420x420.webp 420w, https:\/\/www.vapecigwholesale.com\/wp-content\/uploads\/2024\/12\/WASPE-FX-30000-PUFFS-BOX-Disposable-Vape-Free-Shipping-2-100x100.webp 100w, https:\/\/www.vapecigwholesale.com\/wp-content\/uploads\/2024\/12\/WASPE-FX-30000-PUFFS-BOX-Disposable-Vape-Free-Shipping-2-80x80.webp 80w\" sizes=\"(max-width: 800px) 100vw, 800px\" \/><\/p>\n<p><img decoding=\"async\" class=\"wp-image-1418 size-full\" title=\"WASPE FX 30000 PUFFS BOX Jednorazowe Vape Darmowa wysy\u0142ka 5\" src=\"https:\/\/www.vapecigwholesale.com\/wp-content\/uploads\/2024\/12\/WASPE-FX-30000-PUFFS-BOX-Disposable-Vape-Free-Shipping-5.webp\" alt=\"WASPE FX 30000 PUFFS BOX Jednorazowe Vape Darmowa wysy\u0142ka 5\" width=\"800\" height=\"776\" srcset=\"https:\/\/www.vapecigwholesale.com\/wp-content\/uploads\/2024\/12\/WASPE-FX-30000-PUFFS-BOX-Disposable-Vape-Free-Shipping-5.webp 800w, https:\/\/www.vapecigwholesale.com\/wp-content\/uploads\/2024\/12\/WASPE-FX-30000-PUFFS-BOX-Disposable-Vape-Free-Shipping-5-300x291.webp 300w, https:\/\/www.vapecigwholesale.com\/wp-content\/uploads\/2024\/12\/WASPE-FX-30000-PUFFS-BOX-Disposable-Vape-Free-Shipping-5-768x745.webp 768w, https:\/\/www.vapecigwholesale.com\/wp-content\/uploads\/2024\/12\/WASPE-FX-30000-PUFFS-BOX-Disposable-Vape-Free-Shipping-5-12x12.webp 12w, https:\/\/www.vapecigwholesale.com\/wp-content\/uploads\/2024\/12\/WASPE-FX-30000-PUFFS-BOX-Disposable-Vape-Free-Shipping-5-575x558.webp 575w, https:\/\/www.vapecigwholesale.com\/wp-content\/uploads\/2024\/12\/WASPE-FX-30000-PUFFS-BOX-Disposable-Vape-Free-Shipping-5-380x369.webp 380w, https:\/\/www.vapecigwholesale.com\/wp-content\/uploads\/2024\/12\/WASPE-FX-30000-PUFFS-BOX-Disposable-Vape-Free-Shipping-5-50x50.webp 50w, https:\/\/www.vapecigwholesale.com\/wp-content\/uploads\/2024\/12\/WASPE-FX-30000-PUFFS-BOX-Disposable-Vape-Free-Shipping-5-26x26.webp 26w, https:\/\/www.vapecigwholesale.com\/wp-content\/uploads\/2024\/12\/WASPE-FX-30000-PUFFS-BOX-Disposable-Vape-Free-Shipping-5-80x78.webp 80w\" sizes=\"(max-width: 800px) 100vw, 800px\" \/><\/p>\n<p><img decoding=\"async\" class=\"wp-image-1417 size-full\" title=\"WASPE FX 30000 PUFFS BOX Jednorazowe Vape Darmowa wysy\u0142ka 4\" src=\"https:\/\/www.vapecigwholesale.com\/wp-content\/uploads\/2024\/12\/WASPE-FX-30000-PUFFS-BOX-Disposable-Vape-Free-Shipping-4.webp\" alt=\"WASPE FX 30000 PUFFS BOX Jednorazowe Vape Darmowa wysy\u0142ka 4\" width=\"800\" height=\"800\" srcset=\"https:\/\/www.vapecigwholesale.com\/wp-content\/uploads\/2024\/12\/WASPE-FX-30000-PUFFS-BOX-Disposable-Vape-Free-Shipping-4.webp 800w, https:\/\/www.vapecigwholesale.com\/wp-content\/uploads\/2024\/12\/WASPE-FX-30000-PUFFS-BOX-Disposable-Vape-Free-Shipping-4-300x300.webp 300w, https:\/\/www.vapecigwholesale.com\/wp-content\/uploads\/2024\/12\/WASPE-FX-30000-PUFFS-BOX-Disposable-Vape-Free-Shipping-4-150x150.webp 150w, https:\/\/www.vapecigwholesale.com\/wp-content\/uploads\/2024\/12\/WASPE-FX-30000-PUFFS-BOX-Disposable-Vape-Free-Shipping-4-768x768.webp 768w, https:\/\/www.vapecigwholesale.com\/wp-content\/uploads\/2024\/12\/WASPE-FX-30000-PUFFS-BOX-Disposable-Vape-Free-Shipping-4-12x12.webp 12w, https:\/\/www.vapecigwholesale.com\/wp-content\/uploads\/2024\/12\/WASPE-FX-30000-PUFFS-BOX-Disposable-Vape-Free-Shipping-4-575x575.webp 575w, https:\/\/www.vapecigwholesale.com\/wp-content\/uploads\/2024\/12\/WASPE-FX-30000-PUFFS-BOX-Disposable-Vape-Free-Shipping-4-380x380.webp 380w, https:\/\/www.vapecigwholesale.com\/wp-content\/uploads\/2024\/12\/WASPE-FX-30000-PUFFS-BOX-Disposable-Vape-Free-Shipping-4-50x50.webp 50w, https:\/\/www.vapecigwholesale.com\/wp-content\/uploads\/2024\/12\/WASPE-FX-30000-PUFFS-BOX-Disposable-Vape-Free-Shipping-4-26x26.webp 26w, https:\/\/www.vapecigwholesale.com\/wp-content\/uploads\/2024\/12\/WASPE-FX-30000-PUFFS-BOX-Disposable-Vape-Free-Shipping-4-420x420.webp 420w, https:\/\/www.vapecigwholesale.com\/wp-content\/uploads\/2024\/12\/WASPE-FX-30000-PUFFS-BOX-Disposable-Vape-Free-Shipping-4-100x100.webp 100w, https:\/\/www.vapecigwholesale.com\/wp-content\/uploads\/2024\/12\/WASPE-FX-30000-PUFFS-BOX-Disposable-Vape-Free-Shipping-4-80x80.webp 80w\" sizes=\"(max-width: 800px) 100vw, 800px\" \/><\/p>\n<p><img loading=\"lazy\" decoding=\"async\" class=\"wp-image-1416 size-full\" title=\"WASPE FX 30000 PUFFS BOX Jednorazowe Vape Darmowa wysy\u0142ka 3\" src=\"https:\/\/www.vapecigwholesale.com\/wp-content\/uploads\/2024\/12\/WASPE-FX-30000-PUFFS-BOX-Disposable-Vape-Free-Shipping-3.webp\" alt=\"WASPE FX 30000 PUFFS BOX Jednorazowe Vape Darmowa wysy\u0142ka 3\" width=\"800\" height=\"800\" srcset=\"https:\/\/www.vapecigwholesale.com\/wp-content\/uploads\/2024\/12\/WASPE-FX-30000-PUFFS-BOX-Disposable-Vape-Free-Shipping-3.webp 800w, https:\/\/www.vapecigwholesale.com\/wp-content\/uploads\/2024\/12\/WASPE-FX-30000-PUFFS-BOX-Disposable-Vape-Free-Shipping-3-300x300.webp 300w, https:\/\/www.vapecigwholesale.com\/wp-content\/uploads\/2024\/12\/WASPE-FX-30000-PUFFS-BOX-Disposable-Vape-Free-Shipping-3-150x150.webp 150w, https:\/\/www.vapecigwholesale.com\/wp-content\/uploads\/2024\/12\/WASPE-FX-30000-PUFFS-BOX-Disposable-Vape-Free-Shipping-3-768x768.webp 768w, https:\/\/www.vapecigwholesale.com\/wp-content\/uploads\/2024\/12\/WASPE-FX-30000-PUFFS-BOX-Disposable-Vape-Free-Shipping-3-12x12.webp 12w, https:\/\/www.vapecigwholesale.com\/wp-content\/uploads\/2024\/12\/WASPE-FX-30000-PUFFS-BOX-Disposable-Vape-Free-Shipping-3-575x575.webp 575w, https:\/\/www.vapecigwholesale.com\/wp-content\/uploads\/2024\/12\/WASPE-FX-30000-PUFFS-BOX-Disposable-Vape-Free-Shipping-3-380x380.webp 380w, https:\/\/www.vapecigwholesale.com\/wp-content\/uploads\/2024\/12\/WASPE-FX-30000-PUFFS-BOX-Disposable-Vape-Free-Shipping-3-50x50.webp 50w, https:\/\/www.vapecigwholesale.com\/wp-content\/uploads\/2024\/12\/WASPE-FX-30000-PUFFS-BOX-Disposable-Vape-Free-Shipping-3-26x26.webp 26w, https:\/\/www.vapecigwholesale.com\/wp-content\/uploads\/2024\/12\/WASPE-FX-30000-PUFFS-BOX-Disposable-Vape-Free-Shipping-3-420x420.webp 420w, https:\/\/www.vapecigwholesale.com\/wp-content\/uploads\/2024\/12\/WASPE-FX-30000-PUFFS-BOX-Disposable-Vape-Free-Shipping-3-100x100.webp 100w, https:\/\/www.vapecigwholesale.com\/wp-content\/uploads\/2024\/12\/WASPE-FX-30000-PUFFS-BOX-Disposable-Vape-Free-Shipping-3-80x80.webp 80w\" sizes=\"(max-width: 800px) 100vw, 800px\" \/><\/p>\n<p>&nbsp;<\/p>\n<p>&nbsp;<\/p>","protected":false},"excerpt":{"rendered":"<p>Cena tylko za 1 sztuk\u0119 Darmowa wysy\u0142ka<\/p>\n<p>(<strong>0% 2% 5% Nic<\/strong>) Czas wysy\u0142ki: 2 tygodnie<\/p>","protected":false},"featured_media":1414,"comment_status":"open","ping_status":"closed","template":"","meta":{"om_disable_all_campaigns":false,"_monsterinsights_skip_tracking":false,"_monsterinsights_sitenote_active":false,"_monsterinsights_sitenote_note":"","_monsterinsights_sitenote_category":0},"product_brand":[],"product_cat":[15],"product_tag":[],"class_list":{"0":"post-1435","1":"product","2":"type-product","3":"status-publish","4":"has-post-thumbnail","6":"product_cat-disposable-vape","8":"first","9":"instock","10":"shipping-taxable","11":"purchasable","12":"product-type-variable","13":"has-default-attributes"},"aioseo_notices":[],"_links":{"self":[{"href":"https:\/\/www.vapecigwholesale.com\/pl\/wp-json\/wp\/v2\/product\/1435","targetHints":{"allow":["GET"]}}],"collection":[{"href":"https:\/\/www.vapecigwholesale.com\/pl\/wp-json\/wp\/v2\/product"}],"about":[{"href":"https:\/\/www.vapecigwholesale.com\/pl\/wp-json\/wp\/v2\/types\/product"}],"replies":[{"embeddable":true,"href":"https:\/\/www.vapecigwholesale.com\/pl\/wp-json\/wp\/v2\/comments?post=1435"}],"wp:featuredmedia":[{"embeddable":true,"href":"https:\/\/www.vapecigwholesale.com\/pl\/wp-json\/wp\/v2\/media\/1414"}],"wp:attachment":[{"href":"https:\/\/www.vapecigwholesale.com\/pl\/wp-json\/wp\/v2\/media?parent=1435"}],"wp:term":[{"taxonomy":"product_brand","embeddable":true,"href":"https:\/\/www.vapecigwholesale.com\/pl\/wp-json\/wp\/v2\/product_brand?post=1435"},{"taxonomy":"product_cat","embeddable":true,"href":"https:\/\/www.vapecigwholesale.com\/pl\/wp-json\/wp\/v2\/product_cat?post=1435"},{"taxonomy":"product_tag","embeddable":true,"href":"https:\/\/www.vapecigwholesale.com\/pl\/wp-json\/wp\/v2\/product_tag?post=1435"}],"curies":[{"name":"wp","href":"https:\/\/api.w.org\/{rel}","templated":true}]}}