{"id":1471,"date":"2024-12-03T16:04:39","date_gmt":"2024-12-03T08:04:39","guid":{"rendered":"https:\/\/www.vapecigwholesale.com\/?post_type=product&#038;p=1471"},"modified":"2025-09-22T14:04:05","modified_gmt":"2025-09-22T06:04:05","slug":"waspe-fihp-40k-dual-flavor-disposable-vape-free-shipping","status":"publish","type":"product","link":"https:\/\/www.vapecigwholesale.com\/pl\/product\/waspe-fihp-40k-dual-flavor-jednorazowy-vape-darmowa-wysylka\/","title":{"rendered":"Waspe Fihp 40K Dual Flavor Jednorazowy Vape Darmowa Wysy\u0142ka"},"content":{"rendered":"<p>Pojemno\u015b\u0107 36 ml e-liquidu Waspe Fihp 40K Dual Flavor zapewnia d\u0142ugotrwa\u0142\u0105 sesj\u0119 vape, zmniejszaj\u0105c potrzeb\u0119 cz\u0119stego uzupe\u0142niania, podczas gdy akumulator 850 mAh zapewnia wystarczaj\u0105c\u0105 moc do d\u0142ugotrwa\u0142ego u\u017cytkowania. Dzi\u0119ki szybkiemu \u0142adowaniu typu C \u0142adowanie jest szybkie i wygodne, dzi\u0119ki czemu zawsze b\u0119dziesz gotowy do nast\u0119pnego wapowania. Inteligentny wy\u015bwietlacz LED zapewnia aktualizacje w czasie rzeczywistym dotycz\u0105ce \u017cywotno\u015bci baterii i poziomu e-cieczy, dzi\u0119ki czemu zawsze b\u0119dziesz informowany o stanie urz\u0105dzenia. Funkcja podw\u00f3jnego smaku pozwala prze\u0142\u0105cza\u0107 si\u0119 mi\u0119dzy dwoma r\u00f3\u017cnymi smakami, zapewniaj\u0105c konfigurowalne wra\u017cenia z waporyzacji z niesko\u0144czonymi mo\u017cliwo\u015bciami. Dost\u0119pny w mocach nikotyny 2% i 5%, WASPE 40K Puffs oferuje elastyczno\u015b\u0107 zar\u00f3wno dla zwyk\u0142ych, jak i do\u015bwiadczonych waper\u00f3w. Z 16 r\u00f3\u017cnymi smakami do wyboru, b\u0119dziesz mia\u0142 wiele opcji, aby dopasowa\u0107 si\u0119 do swoich preferencji smakowych.<\/p>\n<p>Nasze minimalne zam\u00f3wienie to 10 sztuk, bezp\u0142atna wysy\u0142ka do kraj\u00f3w europejskich, korzystamy z us\u0142ug DHL, aby dostarczy\u0107 do Twoich drzwi, po op\u0142aceniu zam\u00f3wienia nie musisz p\u0142aci\u0107 nic wi\u0119cej, dop\u00f3ki paczka nie dotrze!<\/p>\n<h2><strong>Waspe Fihp 40K Dual Flavor Szczeg\u00f3\u0142y:<\/strong><\/h2>\n<ul>\n<li>Puffy: 40000 Puff\u00f3w<\/li>\n<li>Podw\u00f3jny smak<\/li>\n<li>E-liquid: 36 ml<\/li>\n<li>Bateria: 850 mAh<\/li>\n<li>Cewka siatkowa: 0,9ohm+0,9ohm<\/li>\n<li>Nicotine:0%\/2%\/5%<\/li>\n<li>Mo\u017cliwo\u015b\u0107 \u0142adowania:Typ-C<\/li>\n<li>Wy\u015bwietlacz LED<\/li>\n<li>Rozmiar produktu: 61*31*115mm<\/li>\n<\/ul>\n<h2><strong>Dost\u0119pne podw\u00f3jne smaki Waspe Fihp 40K:<\/strong><\/h2>\n<ol>\n<li>L\u00f3d arbuzowy i limonka cytrynowa<\/li>\n<li>Fizzy Cherry Ice i jagodowa wata cukrowa<\/li>\n<li>Arbuz truskawkowy i malina z jagodami<\/li>\n<li>Red Bull Ice &amp; Strawberry Mango<\/li>\n<li>Grape Ice &amp; Strawberry Kiwi<\/li>\n<li>Mieszane jagody i podw\u00f3jny l\u00f3d jab\u0142kowy<\/li>\n<li>Peach Ice &amp; Pineapple Mango Peach<\/li>\n<li>Blue Razz Lemonade &amp; Watermelon Bubblegum<\/li>\n<li>Truskawka Malina Wi\u015bnia &amp; Mi\u0142o\u015b\u0107 666<\/li>\n<li>L\u00f3d truskawkowo-bananowo-ananasowo-kokosowy<\/li>\n<li>Truskawka, arbuz, guma balonowa i mieszane owoce<\/li>\n<li>Peach Berry &amp; Watermelon Mango Peach<\/li>\n<li>Cherry Cola Ice i cukierki truskawkowo-malinowe<\/li>\n<li>Kwa\u015bne jab\u0142ko, malina i truskawka Big Bang<\/li>\n<li>Blueberry Ice i Black Dragon Ice<\/li>\n<li>Truskawka z wi\u015bni\u0105 i kiwi z marakuj\u0105<\/li>\n<\/ol>\n<h2><strong>Lista pakowania:<\/strong><\/h2>\n<p>1 sztuka ka\u017cdego ma\u0142ego pude\u0142ka<br \/>\n10 sztuk w ka\u017cdym \u015brodkowym pude\u0142ku<br \/>\n200 sztuk w kartonie<\/p>\n<p><img fetchpriority=\"high\" decoding=\"async\" class=\"alignnone wp-image-1452 size-large\" title=\"Waspe Fihp 40K Puffs Double Flavor Jednorazowe Vape Darmowa Wysy\u0142ka 1\" src=\"https:\/\/www.vapecigwholesale.com\/wp-content\/uploads\/2024\/12\/Waspe-Fihp-40K-Puffs-Double-Flavor-Disposable-Vape-Free-Shipping-1-1024x1024.webp\" alt=\"Waspe Fihp 40K Puffs Double Flavor Jednorazowe Vape Darmowa Wysy\u0142ka 1\" width=\"1024\" height=\"1024\" srcset=\"https:\/\/www.vapecigwholesale.com\/wp-content\/uploads\/2024\/12\/Waspe-Fihp-40K-Puffs-Double-Flavor-Disposable-Vape-Free-Shipping-1-1024x1024.webp 1024w, https:\/\/www.vapecigwholesale.com\/wp-content\/uploads\/2024\/12\/Waspe-Fihp-40K-Puffs-Double-Flavor-Disposable-Vape-Free-Shipping-1-300x300.webp 300w, https:\/\/www.vapecigwholesale.com\/wp-content\/uploads\/2024\/12\/Waspe-Fihp-40K-Puffs-Double-Flavor-Disposable-Vape-Free-Shipping-1-150x150.webp 150w, https:\/\/www.vapecigwholesale.com\/wp-content\/uploads\/2024\/12\/Waspe-Fihp-40K-Puffs-Double-Flavor-Disposable-Vape-Free-Shipping-1-768x768.webp 768w, https:\/\/www.vapecigwholesale.com\/wp-content\/uploads\/2024\/12\/Waspe-Fihp-40K-Puffs-Double-Flavor-Disposable-Vape-Free-Shipping-1-12x12.webp 12w, https:\/\/www.vapecigwholesale.com\/wp-content\/uploads\/2024\/12\/Waspe-Fihp-40K-Puffs-Double-Flavor-Disposable-Vape-Free-Shipping-1-1140x1140.webp 1140w, https:\/\/www.vapecigwholesale.com\/wp-content\/uploads\/2024\/12\/Waspe-Fihp-40K-Puffs-Double-Flavor-Disposable-Vape-Free-Shipping-1-920x920.webp 920w, https:\/\/www.vapecigwholesale.com\/wp-content\/uploads\/2024\/12\/Waspe-Fihp-40K-Puffs-Double-Flavor-Disposable-Vape-Free-Shipping-1-575x575.webp 575w, https:\/\/www.vapecigwholesale.com\/wp-content\/uploads\/2024\/12\/Waspe-Fihp-40K-Puffs-Double-Flavor-Disposable-Vape-Free-Shipping-1-380x380.webp 380w, https:\/\/www.vapecigwholesale.com\/wp-content\/uploads\/2024\/12\/Waspe-Fihp-40K-Puffs-Double-Flavor-Disposable-Vape-Free-Shipping-1-50x50.webp 50w, https:\/\/www.vapecigwholesale.com\/wp-content\/uploads\/2024\/12\/Waspe-Fihp-40K-Puffs-Double-Flavor-Disposable-Vape-Free-Shipping-1-26x26.webp 26w, https:\/\/www.vapecigwholesale.com\/wp-content\/uploads\/2024\/12\/Waspe-Fihp-40K-Puffs-Double-Flavor-Disposable-Vape-Free-Shipping-1-420x420.webp 420w, https:\/\/www.vapecigwholesale.com\/wp-content\/uploads\/2024\/12\/Waspe-Fihp-40K-Puffs-Double-Flavor-Disposable-Vape-Free-Shipping-1-800x800.webp 800w, https:\/\/www.vapecigwholesale.com\/wp-content\/uploads\/2024\/12\/Waspe-Fihp-40K-Puffs-Double-Flavor-Disposable-Vape-Free-Shipping-1-100x100.webp 100w, https:\/\/www.vapecigwholesale.com\/wp-content\/uploads\/2024\/12\/Waspe-Fihp-40K-Puffs-Double-Flavor-Disposable-Vape-Free-Shipping-1-80x80.webp 80w, https:\/\/www.vapecigwholesale.com\/wp-content\/uploads\/2024\/12\/Waspe-Fihp-40K-Puffs-Double-Flavor-Disposable-Vape-Free-Shipping-1.webp 1200w\" sizes=\"(max-width: 1024px) 100vw, 1024px\" \/><\/p>\n<p><img decoding=\"async\" class=\"wp-image-1453 size-large\" title=\"Waspe Fihp 40K Puffs Double Flavor Jednorazowe Vape Darmowa Wysy\u0142ka 2\" src=\"https:\/\/www.vapecigwholesale.com\/wp-content\/uploads\/2024\/12\/Waspe-Fihp-40K-Puffs-Double-Flavor-Disposable-Vape-Free-Shipping-2-1024x1024.webp\" alt=\"Waspe Fihp 40K Puffs Double Flavor Jednorazowe Vape Darmowa Wysy\u0142ka 2\" width=\"1024\" height=\"1024\" srcset=\"https:\/\/www.vapecigwholesale.com\/wp-content\/uploads\/2024\/12\/Waspe-Fihp-40K-Puffs-Double-Flavor-Disposable-Vape-Free-Shipping-2-1024x1024.webp 1024w, https:\/\/www.vapecigwholesale.com\/wp-content\/uploads\/2024\/12\/Waspe-Fihp-40K-Puffs-Double-Flavor-Disposable-Vape-Free-Shipping-2-300x300.webp 300w, https:\/\/www.vapecigwholesale.com\/wp-content\/uploads\/2024\/12\/Waspe-Fihp-40K-Puffs-Double-Flavor-Disposable-Vape-Free-Shipping-2-150x150.webp 150w, https:\/\/www.vapecigwholesale.com\/wp-content\/uploads\/2024\/12\/Waspe-Fihp-40K-Puffs-Double-Flavor-Disposable-Vape-Free-Shipping-2-768x768.webp 768w, https:\/\/www.vapecigwholesale.com\/wp-content\/uploads\/2024\/12\/Waspe-Fihp-40K-Puffs-Double-Flavor-Disposable-Vape-Free-Shipping-2-12x12.webp 12w, https:\/\/www.vapecigwholesale.com\/wp-content\/uploads\/2024\/12\/Waspe-Fihp-40K-Puffs-Double-Flavor-Disposable-Vape-Free-Shipping-2-1140x1140.webp 1140w, https:\/\/www.vapecigwholesale.com\/wp-content\/uploads\/2024\/12\/Waspe-Fihp-40K-Puffs-Double-Flavor-Disposable-Vape-Free-Shipping-2-920x920.webp 920w, https:\/\/www.vapecigwholesale.com\/wp-content\/uploads\/2024\/12\/Waspe-Fihp-40K-Puffs-Double-Flavor-Disposable-Vape-Free-Shipping-2-575x575.webp 575w, https:\/\/www.vapecigwholesale.com\/wp-content\/uploads\/2024\/12\/Waspe-Fihp-40K-Puffs-Double-Flavor-Disposable-Vape-Free-Shipping-2-380x380.webp 380w, https:\/\/www.vapecigwholesale.com\/wp-content\/uploads\/2024\/12\/Waspe-Fihp-40K-Puffs-Double-Flavor-Disposable-Vape-Free-Shipping-2-50x50.webp 50w, https:\/\/www.vapecigwholesale.com\/wp-content\/uploads\/2024\/12\/Waspe-Fihp-40K-Puffs-Double-Flavor-Disposable-Vape-Free-Shipping-2-26x26.webp 26w, https:\/\/www.vapecigwholesale.com\/wp-content\/uploads\/2024\/12\/Waspe-Fihp-40K-Puffs-Double-Flavor-Disposable-Vape-Free-Shipping-2-420x420.webp 420w, https:\/\/www.vapecigwholesale.com\/wp-content\/uploads\/2024\/12\/Waspe-Fihp-40K-Puffs-Double-Flavor-Disposable-Vape-Free-Shipping-2-800x800.webp 800w, https:\/\/www.vapecigwholesale.com\/wp-content\/uploads\/2024\/12\/Waspe-Fihp-40K-Puffs-Double-Flavor-Disposable-Vape-Free-Shipping-2-100x100.webp 100w, https:\/\/www.vapecigwholesale.com\/wp-content\/uploads\/2024\/12\/Waspe-Fihp-40K-Puffs-Double-Flavor-Disposable-Vape-Free-Shipping-2-80x80.webp 80w, https:\/\/www.vapecigwholesale.com\/wp-content\/uploads\/2024\/12\/Waspe-Fihp-40K-Puffs-Double-Flavor-Disposable-Vape-Free-Shipping-2.webp 1200w\" sizes=\"(max-width: 1024px) 100vw, 1024px\" \/><\/p>","protected":false},"excerpt":{"rendered":"<p>Cena tylko za 1 sztuk\u0119 Darmowa wysy\u0142ka<\/p>\n<p>( <strong>0% 2% 5% Nic<\/strong>) Czas wysy\u0142ki: 2 tygodnie<\/p>","protected":false},"featured_media":1491,"comment_status":"open","ping_status":"closed","template":"","meta":{"om_disable_all_campaigns":false,"_monsterinsights_skip_tracking":false,"_monsterinsights_sitenote_active":false,"_monsterinsights_sitenote_note":"","_monsterinsights_sitenote_category":0},"product_brand":[],"product_cat":[15],"product_tag":[],"class_list":{"0":"post-1471","1":"product","2":"type-product","3":"status-publish","4":"has-post-thumbnail","6":"product_cat-disposable-vape","8":"first","9":"instock","10":"shipping-taxable","11":"purchasable","12":"product-type-variable","13":"has-default-attributes"},"aioseo_notices":[],"_links":{"self":[{"href":"https:\/\/www.vapecigwholesale.com\/pl\/wp-json\/wp\/v2\/product\/1471","targetHints":{"allow":["GET"]}}],"collection":[{"href":"https:\/\/www.vapecigwholesale.com\/pl\/wp-json\/wp\/v2\/product"}],"about":[{"href":"https:\/\/www.vapecigwholesale.com\/pl\/wp-json\/wp\/v2\/types\/product"}],"replies":[{"embeddable":true,"href":"https:\/\/www.vapecigwholesale.com\/pl\/wp-json\/wp\/v2\/comments?post=1471"}],"wp:featuredmedia":[{"embeddable":true,"href":"https:\/\/www.vapecigwholesale.com\/pl\/wp-json\/wp\/v2\/media\/1491"}],"wp:attachment":[{"href":"https:\/\/www.vapecigwholesale.com\/pl\/wp-json\/wp\/v2\/media?parent=1471"}],"wp:term":[{"taxonomy":"product_brand","embeddable":true,"href":"https:\/\/www.vapecigwholesale.com\/pl\/wp-json\/wp\/v2\/product_brand?post=1471"},{"taxonomy":"product_cat","embeddable":true,"href":"https:\/\/www.vapecigwholesale.com\/pl\/wp-json\/wp\/v2\/product_cat?post=1471"},{"taxonomy":"product_tag","embeddable":true,"href":"https:\/\/www.vapecigwholesale.com\/pl\/wp-json\/wp\/v2\/product_tag?post=1471"}],"curies":[{"name":"wp","href":"https:\/\/api.w.org\/{rel}","templated":true}]}}