{"id":1580,"date":"2025-03-11T18:25:43","date_gmt":"2025-03-11T10:25:43","guid":{"rendered":"https:\/\/www.vapecigwholesale.com\/?post_type=product&#038;p=1580"},"modified":"2025-09-22T14:03:06","modified_gmt":"2025-09-22T06:03:06","slug":"bang-king-50000-puffs-disposable-vape-free-shipping","status":"publish","type":"product","link":"https:\/\/www.vapecigwholesale.com\/pl\/product\/bang-king-50000-puff-jednorazowe-vape-darmowa-wysylka\/","title":{"rendered":"Bang King 50000 Puffs Jednorazowe Vape Darmowa wysy\u0142ka"},"content":{"rendered":"<p><a href=\"https:\/\/www.vapecigwholesale.com\/pl\/\">Bang<\/a> Jednorazowy waporyzator King 50000 Puffs Double Flavors z wy\u015bwietlaczem LCD jest przeznaczony dla waper\u00f3w, kt\u00f3rzy wymagaj\u0105 wysokiej wydajno\u015bci i d\u0142ugotrwa\u0142ej satysfakcji. Dzi\u0119ki imponuj\u0105cej pojemno\u015bci do 50000 zaci\u0105gni\u0119\u0107, urz\u0105dzenie to zapewnia d\u0142u\u017csze i nieprzerwane doznania z waporyzacji. Wyposa\u017cony w cewki siatkowe 1,0\u03a9, zapewnia g\u0142adk\u0105, bogat\u0105 i aromatyczn\u0105 par\u0119 przy ka\u017cdym zaci\u0105gni\u0119ciu. Pojemno\u015b\u0107 50 ml e-liquidu gwarantuje d\u0142u\u017csze u\u017cytkowanie bez konieczno\u015bci cz\u0119stego uzupe\u0142niania, dzi\u0119ki czemu jest idealny dla intensywnych vaper\u00f3w. Zasilany akumulatorem 850 mAh, obs\u0142uguje r\u00f3wnie\u017c szybkie \u0142adowanie typu C, zapewniaj\u0105c minimalne przestoje mi\u0119dzy sesjami. bang King 50000 Puffs jest wyposa\u017cony w system podw\u00f3jnego smaku, umo\u017cliwiaj\u0105cy p\u0142ynne prze\u0142\u0105czanie mi\u0119dzy dwoma smakami w celu uzyskania niestandardowych i orze\u017awiaj\u0105cych wra\u017ce\u0144. Cyfrowy wy\u015bwietlacz LCD zapewnia aktualizacje stanu baterii i poziomu e-cieczy w czasie rzeczywistym, zapewniaj\u0105c pe\u0142n\u0105 informacj\u0119. Dost\u0119pne w wersjach o mocy nikotyny 2%, 3% i 5%, urz\u0105dzenie to zaspokaja r\u00f3\u017cnorodne preferencje, oferuj\u0105c idealn\u0105 r\u00f3wnowag\u0119 mi\u0119dzy p\u0142ynno\u015bci\u0105 i intensywno\u015bci\u0105.<\/p>\n<p>Wreszcie, nasze produkty Bang King 50000 Puffs s\u0105 wysy\u0142ane z naszego magazynu w Chinach, minimalna ilo\u015b\u0107 zam\u00f3wienia wystarczy 10 sztuk, a nasza cena obejmuje op\u0142aty za wysy\u0142k\u0119. po wys\u0142aniu paczki czas wysy\u0142ki do wi\u0119kszo\u015bci kraj\u00f3w europejskich zajmie oko\u0142o 2 tygodni, kupimy ubezpieczenie dla ka\u017cdej paczki, aby zapewni\u0107, \u017ce paczka mo\u017ce dotrze\u0107 p\u0142ynnie, r\u00f3wnie\u017c wykonujemy us\u0142ug\u0119 op\u0142aconego c\u0142a delvier, prosimy o zakup.<\/p>\n<h2><strong>Bang King 50000 Puffs Szczeg\u00f3\u0142y:<\/strong><\/h2>\n<ul>\n<li>Puffy: 50000 puff\u00f3w<\/li>\n<li>Podw\u00f3jne smaki:<\/li>\n<li>Pojemno\u015b\u0107 e-liquidu: 50 ml<\/li>\n<li>Bateria: 850 mAh<\/li>\n<li>Cewka grzewcza: cewka 1,0 mesh<\/li>\n<li>Port \u0142adowania: Wygodne \u0142adowanie typu C.<\/li>\n<li>Przep\u0142yw powietrza: Dolna regulacja przep\u0142ywu powietrza dla idealnego zaci\u0105gania.<\/li>\n<\/ul>\n<h2><strong>Bang King 50000 Puffs Smaki:<\/strong><\/h2>\n<ol>\n<li>Arbuzowy l\u00f3d i jagodowa mi\u0119ta<\/li>\n<li>Arbuz i jagoda z wi\u015bni\u0105<\/li>\n<li>L\u00f3d jagodowy i arbuz brzoskwiniowy z mango<\/li>\n<li>L\u00f3d jagodowy i brzoskwiniowy<\/li>\n<li>Bor\u00f3wka, malina i mieszanka jag\u00f3d<\/li>\n<li>L\u00f3d jagodowy, malinowy i winogronowy<\/li>\n<li>Red Bull i banan truskawkowy<\/li>\n<li>Red Bull i arbuz jagodowy<\/li>\n<li>Guma balonowa truskawkowo-mango-arbuzowa<\/li>\n<li>Truskawka z mango i truskawka z kiwi<\/li>\n<li>Truskawkowy arbuz i l\u00f3d Black Dragon<\/li>\n<li>Truskawka, arbuz i kiwi, marakuja, guawa<\/li>\n<\/ol>\n<h2><strong>Lista pakowania:<\/strong><\/h2>\n<p>1 sztuka w pojedynczym pude\u0142ku<br \/>\n10 sztuk w pude\u0142ku \u015brodkowym<br \/>\nMOQ ka\u017cde \u015brodkowe pude\u0142ko 10szt<\/p>\n<p><img fetchpriority=\"high\" decoding=\"async\" class=\"alignnone wp-image-1567 size-full\" title=\"Bang King 50000 Puffs Jednorazowe Vape Darmowa wysy\u0142ka 8\" src=\"https:\/\/www.vapecigwholesale.com\/wp-content\/uploads\/2025\/03\/Bang-King-50000-Puffs-Disposable-Vape-Free-Shipping-8.webp\" alt=\"Bang King 50000 Puffs Jednorazowe Vape Darmowa wysy\u0142ka 8\" width=\"800\" height=\"800\" srcset=\"https:\/\/www.vapecigwholesale.com\/wp-content\/uploads\/2025\/03\/Bang-King-50000-Puffs-Disposable-Vape-Free-Shipping-8.webp 800w, https:\/\/www.vapecigwholesale.com\/wp-content\/uploads\/2025\/03\/Bang-King-50000-Puffs-Disposable-Vape-Free-Shipping-8-300x300.webp 300w, https:\/\/www.vapecigwholesale.com\/wp-content\/uploads\/2025\/03\/Bang-King-50000-Puffs-Disposable-Vape-Free-Shipping-8-150x150.webp 150w, https:\/\/www.vapecigwholesale.com\/wp-content\/uploads\/2025\/03\/Bang-King-50000-Puffs-Disposable-Vape-Free-Shipping-8-768x768.webp 768w, https:\/\/www.vapecigwholesale.com\/wp-content\/uploads\/2025\/03\/Bang-King-50000-Puffs-Disposable-Vape-Free-Shipping-8-12x12.webp 12w, https:\/\/www.vapecigwholesale.com\/wp-content\/uploads\/2025\/03\/Bang-King-50000-Puffs-Disposable-Vape-Free-Shipping-8-575x575.webp 575w, https:\/\/www.vapecigwholesale.com\/wp-content\/uploads\/2025\/03\/Bang-King-50000-Puffs-Disposable-Vape-Free-Shipping-8-380x380.webp 380w, https:\/\/www.vapecigwholesale.com\/wp-content\/uploads\/2025\/03\/Bang-King-50000-Puffs-Disposable-Vape-Free-Shipping-8-50x50.webp 50w, https:\/\/www.vapecigwholesale.com\/wp-content\/uploads\/2025\/03\/Bang-King-50000-Puffs-Disposable-Vape-Free-Shipping-8-26x26.webp 26w, https:\/\/www.vapecigwholesale.com\/wp-content\/uploads\/2025\/03\/Bang-King-50000-Puffs-Disposable-Vape-Free-Shipping-8-420x420.webp 420w, https:\/\/www.vapecigwholesale.com\/wp-content\/uploads\/2025\/03\/Bang-King-50000-Puffs-Disposable-Vape-Free-Shipping-8-100x100.webp 100w, https:\/\/www.vapecigwholesale.com\/wp-content\/uploads\/2025\/03\/Bang-King-50000-Puffs-Disposable-Vape-Free-Shipping-8-80x80.webp 80w\" sizes=\"(max-width: 800px) 100vw, 800px\" \/><img decoding=\"async\" class=\"alignnone wp-image-1562 size-full\" title=\"Bang King 50000 Puffs Jednorazowe Vape Darmowa wysy\u0142ka 3\" src=\"https:\/\/www.vapecigwholesale.com\/wp-content\/uploads\/2025\/03\/Bang-King-50000-Puffs-Disposable-Vape-Free-Shipping-3.webp\" alt=\"Bang King 50000 Puffs Jednorazowe Vape Darmowa wysy\u0142ka 3\" width=\"800\" height=\"450\" srcset=\"https:\/\/www.vapecigwholesale.com\/wp-content\/uploads\/2025\/03\/Bang-King-50000-Puffs-Disposable-Vape-Free-Shipping-3.webp 800w, https:\/\/www.vapecigwholesale.com\/wp-content\/uploads\/2025\/03\/Bang-King-50000-Puffs-Disposable-Vape-Free-Shipping-3-300x169.webp 300w, https:\/\/www.vapecigwholesale.com\/wp-content\/uploads\/2025\/03\/Bang-King-50000-Puffs-Disposable-Vape-Free-Shipping-3-768x432.webp 768w, https:\/\/www.vapecigwholesale.com\/wp-content\/uploads\/2025\/03\/Bang-King-50000-Puffs-Disposable-Vape-Free-Shipping-3-18x10.webp 18w, https:\/\/www.vapecigwholesale.com\/wp-content\/uploads\/2025\/03\/Bang-King-50000-Puffs-Disposable-Vape-Free-Shipping-3-575x323.webp 575w, https:\/\/www.vapecigwholesale.com\/wp-content\/uploads\/2025\/03\/Bang-King-50000-Puffs-Disposable-Vape-Free-Shipping-3-380x214.webp 380w, https:\/\/www.vapecigwholesale.com\/wp-content\/uploads\/2025\/03\/Bang-King-50000-Puffs-Disposable-Vape-Free-Shipping-3-80x45.webp 80w\" sizes=\"(max-width: 800px) 100vw, 800px\" \/><\/p>\n<figure id=\"attachment_1561\" aria-describedby=\"caption-attachment-1561\" style=\"width: 800px\" class=\"wp-caption alignnone\"><img decoding=\"async\" class=\"wp-image-1561 size-full\" title=\"Bang King 50000 Puffs Jednorazowe Vape Darmowa wysy\u0142ka 2\" src=\"https:\/\/www.vapecigwholesale.com\/wp-content\/uploads\/2025\/03\/Bang-King-50000-Puffs-Disposable-Vape-Free-Shipping-2.webp\" alt=\"Bang King 50000 Puffs Jednorazowe Vape Darmowa wysy\u0142ka 2\" width=\"800\" height=\"450\" srcset=\"https:\/\/www.vapecigwholesale.com\/wp-content\/uploads\/2025\/03\/Bang-King-50000-Puffs-Disposable-Vape-Free-Shipping-2.webp 800w, https:\/\/www.vapecigwholesale.com\/wp-content\/uploads\/2025\/03\/Bang-King-50000-Puffs-Disposable-Vape-Free-Shipping-2-300x169.webp 300w, https:\/\/www.vapecigwholesale.com\/wp-content\/uploads\/2025\/03\/Bang-King-50000-Puffs-Disposable-Vape-Free-Shipping-2-768x432.webp 768w, https:\/\/www.vapecigwholesale.com\/wp-content\/uploads\/2025\/03\/Bang-King-50000-Puffs-Disposable-Vape-Free-Shipping-2-18x10.webp 18w, https:\/\/www.vapecigwholesale.com\/wp-content\/uploads\/2025\/03\/Bang-King-50000-Puffs-Disposable-Vape-Free-Shipping-2-575x323.webp 575w, https:\/\/www.vapecigwholesale.com\/wp-content\/uploads\/2025\/03\/Bang-King-50000-Puffs-Disposable-Vape-Free-Shipping-2-380x214.webp 380w, https:\/\/www.vapecigwholesale.com\/wp-content\/uploads\/2025\/03\/Bang-King-50000-Puffs-Disposable-Vape-Free-Shipping-2-80x45.webp 80w\" sizes=\"(max-width: 800px) 100vw, 800px\" \/><figcaption id=\"caption-attachment-1561\" class=\"wp-caption-text\">Bang King 50000 Puffs Jednorazowe Vape Darmowa wysy\u0142ka 2<\/figcaption><\/figure>","protected":false},"excerpt":{"rendered":"<p>Cena tylko za 1 sztuk\u0119 Darmowa wysy\u0142ka<\/p>\n<p>(<strong>0% 2% 5% Nic<\/strong>) Czas wysy\u0142ki: 2 tygodnie<\/p>","protected":false},"featured_media":1576,"comment_status":"open","ping_status":"closed","template":"","meta":{"om_disable_all_campaigns":false,"_monsterinsights_skip_tracking":false,"_monsterinsights_sitenote_active":false,"_monsterinsights_sitenote_note":"","_monsterinsights_sitenote_category":0},"product_brand":[],"product_cat":[15],"product_tag":[],"class_list":{"0":"post-1580","1":"product","2":"type-product","3":"status-publish","4":"has-post-thumbnail","6":"product_cat-disposable-vape","8":"first","9":"instock","10":"shipping-taxable","11":"purchasable","12":"product-type-variable","13":"has-default-attributes"},"aioseo_notices":[],"_links":{"self":[{"href":"https:\/\/www.vapecigwholesale.com\/pl\/wp-json\/wp\/v2\/product\/1580","targetHints":{"allow":["GET"]}}],"collection":[{"href":"https:\/\/www.vapecigwholesale.com\/pl\/wp-json\/wp\/v2\/product"}],"about":[{"href":"https:\/\/www.vapecigwholesale.com\/pl\/wp-json\/wp\/v2\/types\/product"}],"replies":[{"embeddable":true,"href":"https:\/\/www.vapecigwholesale.com\/pl\/wp-json\/wp\/v2\/comments?post=1580"}],"wp:featuredmedia":[{"embeddable":true,"href":"https:\/\/www.vapecigwholesale.com\/pl\/wp-json\/wp\/v2\/media\/1576"}],"wp:attachment":[{"href":"https:\/\/www.vapecigwholesale.com\/pl\/wp-json\/wp\/v2\/media?parent=1580"}],"wp:term":[{"taxonomy":"product_brand","embeddable":true,"href":"https:\/\/www.vapecigwholesale.com\/pl\/wp-json\/wp\/v2\/product_brand?post=1580"},{"taxonomy":"product_cat","embeddable":true,"href":"https:\/\/www.vapecigwholesale.com\/pl\/wp-json\/wp\/v2\/product_cat?post=1580"},{"taxonomy":"product_tag","embeddable":true,"href":"https:\/\/www.vapecigwholesale.com\/pl\/wp-json\/wp\/v2\/product_tag?post=1580"}],"curies":[{"name":"wp","href":"https:\/\/api.w.org\/{rel}","templated":true}]}}