{"id":771,"date":"2024-11-13T18:04:12","date_gmt":"2024-11-13T10:04:12","guid":{"rendered":"https:\/\/www.vapecigwholesale.com\/?post_type=product&#038;p=771"},"modified":"2025-02-19T14:28:06","modified_gmt":"2025-02-19T06:28:06","slug":"fumot-tornado-30k-music-disposable-vape-free-shipping","status":"publish","type":"product","link":"https:\/\/www.vapecigwholesale.com\/pl\/product\/fumot-tornado-30k-music-jednorazowe-vape-darmowa-wysylka\/","title":{"rendered":"Fumot Tornado 30K Music Jednorazowe vape Darmowa wysy\u0142ka"},"content":{"rendered":"<p>Fumot Tornado 30K Music jest wyposa\u017cony w z\u0142\u0105cze USB-C lub UsB Type-C to najnowszy uniwersalny standard po\u0142\u0105cze\u0144 przewodowych z inteligentnymi urz\u0105dzeniami, a Torndao 30k Music wybra\u0142 Type-C, dzi\u0119ki czemu mo\u017cna go szybko na\u0142adowa\u0107, Tornado 30k Music mo\u017ce miga\u0107 \u015bwiat\u0142ami w rytm muzyki. A podczas wapowania wy\u015bwietla r\u00f3\u017cne \u015bwiat\u0142a RGB, \u015bwiec\u0105c jasno jak diament w ciemno\u015bci, co sprawia, \u017ce jeste\u015b tak fajny w t\u0142umie. z wbudowanym akumulatorem 600 mAh, kt\u00f3ry mo\u017cna \u0142adowa\u0107 kilka razy, dzi\u0119ki czemu nie utkniesz z martwym jednorazowym przed e-liquidem.<\/p>\n<p>Fumot Tornado 30K Music to jednorazowe urz\u0105dzenie vapedevice zasilane przez RandM. Tornado 30k Music wykorzystuje cewk\u0119 1.00Mesh i wbudowany akumulator 600mAh. Do wyboru jest \u0142\u0105cznie 30 smak\u00f3w i 4 st\u0119\u017cenia nikotyny (2%, 3%, 5%).<\/p>\n<h2><strong>Fumot Tornado 30k Szczeg\u00f3\u0142y muzyczne:<\/strong><\/h2>\n<ul>\n<li>P\u0142yn: wst\u0119pnie nape\u0142niony 25 ml<\/li>\n<li>Puff: Do 30000 zaci\u0105gni\u0119\u0107<\/li>\n<li>Bateria: 600 mAh<\/li>\n<li>Nicotine:2%,3%,5%.<\/li>\n<li>Rdze\u0144: Cewka siatkowa 1,0 \u03a9<\/li>\n<li>Smaki: 30 smak\u00f3w<\/li>\n<\/ul>\n<h2><strong>Fumot Tornado 30k dost\u0119pnych smak\u00f3w muzycznych\uff1a<\/strong><\/h2>\n<ol>\n<li>L\u00f3d bananowy<\/li>\n<li>Czarny l\u00f3d<\/li>\n<li>Jagoda na lodzie<\/li>\n<li>Blue Razz Ice<\/li>\n<li>Bor\u00f3wka Malina<\/li>\n<li>Kwa\u015bna malina z jagodami<\/li>\n<li>Cherry Cola<\/li>\n<li>Cherry Ice<\/li>\n<li>Cola Ice<\/li>\n<li>Cool Mint<\/li>\n<li>Dr Blue<\/li>\n<li>L\u00f3d winogronowy<\/li>\n<li>Podw\u00f3jne jab\u0142ko<\/li>\n<li>Ice Pop<\/li>\n<li>Kiwi Passion Fruit Guava<\/li>\n<li>Love 66<\/li>\n<li>Jagody mieszane<\/li>\n<li>Peach Berry<\/li>\n<li>L\u00f3d brzoskwiniowy<\/li>\n<li>L\u00f3d ananasowy<\/li>\n<li>Peachy Mango Pineapple<\/li>\n<li>R\u00f3\u017cowa Lemoniada<\/li>\n<li>Kr\u0119gle<\/li>\n<li>L\u00f3d truskawkowy<\/li>\n<li>Banan truskawkowy<\/li>\n<li>Winogrono truskawkowe<\/li>\n<li>Arbuz truskawkowy<\/li>\n<li>Potr\u00f3jne Mango<\/li>\n<li>Vimto<\/li>\n<li>Lush Ice<\/li>\n<\/ol>\n<h2><strong>Lista pakowania:<\/strong><\/h2>\n<p>1 sztuka na ma\u0142e pude\u0142ko<br \/>\n10 sztuk w pude\u0142ku \u015brodkowym<br \/>\n200 sztuk w kartonie<\/p>\n<p><img fetchpriority=\"high\" decoding=\"async\" class=\"wp-image-739 size-large\" title=\"Zam\u00f3w oryginalne jednorazowe vape Fumot Tornado 30K Music Darmowa wysy\u0142ka 3\" src=\"https:\/\/www.vapecigwholesale.com\/wp-content\/uploads\/2024\/11\/Order-Original-Fumot-Tornado-30K-Music-Disposable-vape-Free-Shipping-3-1024x1024.webp\" alt=\"Zam\u00f3w oryginalne jednorazowe vape Fumot Tornado 30K Music Darmowa wysy\u0142ka 3\" width=\"1024\" height=\"1024\" srcset=\"https:\/\/www.vapecigwholesale.com\/wp-content\/uploads\/2024\/11\/Order-Original-Fumot-Tornado-30K-Music-Disposable-vape-Free-Shipping-3-1024x1024.webp 1024w, https:\/\/www.vapecigwholesale.com\/wp-content\/uploads\/2024\/11\/Order-Original-Fumot-Tornado-30K-Music-Disposable-vape-Free-Shipping-3-300x300.webp 300w, https:\/\/www.vapecigwholesale.com\/wp-content\/uploads\/2024\/11\/Order-Original-Fumot-Tornado-30K-Music-Disposable-vape-Free-Shipping-3-150x150.webp 150w, https:\/\/www.vapecigwholesale.com\/wp-content\/uploads\/2024\/11\/Order-Original-Fumot-Tornado-30K-Music-Disposable-vape-Free-Shipping-3-768x768.webp 768w, https:\/\/www.vapecigwholesale.com\/wp-content\/uploads\/2024\/11\/Order-Original-Fumot-Tornado-30K-Music-Disposable-vape-Free-Shipping-3-1536x1536.webp 1536w, https:\/\/www.vapecigwholesale.com\/wp-content\/uploads\/2024\/11\/Order-Original-Fumot-Tornado-30K-Music-Disposable-vape-Free-Shipping-3-12x12.webp 12w, https:\/\/www.vapecigwholesale.com\/wp-content\/uploads\/2024\/11\/Order-Original-Fumot-Tornado-30K-Music-Disposable-vape-Free-Shipping-3-1140x1140.webp 1140w, https:\/\/www.vapecigwholesale.com\/wp-content\/uploads\/2024\/11\/Order-Original-Fumot-Tornado-30K-Music-Disposable-vape-Free-Shipping-3-920x920.webp 920w, https:\/\/www.vapecigwholesale.com\/wp-content\/uploads\/2024\/11\/Order-Original-Fumot-Tornado-30K-Music-Disposable-vape-Free-Shipping-3-575x575.webp 575w, https:\/\/www.vapecigwholesale.com\/wp-content\/uploads\/2024\/11\/Order-Original-Fumot-Tornado-30K-Music-Disposable-vape-Free-Shipping-3-380x380.webp 380w, https:\/\/www.vapecigwholesale.com\/wp-content\/uploads\/2024\/11\/Order-Original-Fumot-Tornado-30K-Music-Disposable-vape-Free-Shipping-3-50x50.webp 50w, https:\/\/www.vapecigwholesale.com\/wp-content\/uploads\/2024\/11\/Order-Original-Fumot-Tornado-30K-Music-Disposable-vape-Free-Shipping-3-26x26.webp 26w, https:\/\/www.vapecigwholesale.com\/wp-content\/uploads\/2024\/11\/Order-Original-Fumot-Tornado-30K-Music-Disposable-vape-Free-Shipping-3-420x420.webp 420w, https:\/\/www.vapecigwholesale.com\/wp-content\/uploads\/2024\/11\/Order-Original-Fumot-Tornado-30K-Music-Disposable-vape-Free-Shipping-3-800x800.webp 800w, https:\/\/www.vapecigwholesale.com\/wp-content\/uploads\/2024\/11\/Order-Original-Fumot-Tornado-30K-Music-Disposable-vape-Free-Shipping-3-100x100.webp 100w, https:\/\/www.vapecigwholesale.com\/wp-content\/uploads\/2024\/11\/Order-Original-Fumot-Tornado-30K-Music-Disposable-vape-Free-Shipping-3-80x80.webp 80w, https:\/\/www.vapecigwholesale.com\/wp-content\/uploads\/2024\/11\/Order-Original-Fumot-Tornado-30K-Music-Disposable-vape-Free-Shipping-3.webp 2000w\" sizes=\"(max-width: 1024px) 100vw, 1024px\" \/><\/p>\n<p><img decoding=\"async\" class=\"wp-image-740 size-large\" title=\"Zam\u00f3w oryginalne jednorazowe vape Fumot Tornado 30K Music Darmowa wysy\u0142ka 4\" src=\"https:\/\/www.vapecigwholesale.com\/wp-content\/uploads\/2024\/11\/Order-Original-Fumot-Tornado-30K-Music-Disposable-vape-Free-Shipping-4-1024x614.webp\" alt=\"Zam\u00f3w oryginalne jednorazowe vape Fumot Tornado 30K Music Darmowa wysy\u0142ka 4\" width=\"1024\" height=\"614\" srcset=\"https:\/\/www.vapecigwholesale.com\/wp-content\/uploads\/2024\/11\/Order-Original-Fumot-Tornado-30K-Music-Disposable-vape-Free-Shipping-4-1024x614.webp 1024w, https:\/\/www.vapecigwholesale.com\/wp-content\/uploads\/2024\/11\/Order-Original-Fumot-Tornado-30K-Music-Disposable-vape-Free-Shipping-4-300x180.webp 300w, https:\/\/www.vapecigwholesale.com\/wp-content\/uploads\/2024\/11\/Order-Original-Fumot-Tornado-30K-Music-Disposable-vape-Free-Shipping-4-768x461.webp 768w, https:\/\/www.vapecigwholesale.com\/wp-content\/uploads\/2024\/11\/Order-Original-Fumot-Tornado-30K-Music-Disposable-vape-Free-Shipping-4-18x12.webp 18w, https:\/\/www.vapecigwholesale.com\/wp-content\/uploads\/2024\/11\/Order-Original-Fumot-Tornado-30K-Music-Disposable-vape-Free-Shipping-4-1140x684.webp 1140w, https:\/\/www.vapecigwholesale.com\/wp-content\/uploads\/2024\/11\/Order-Original-Fumot-Tornado-30K-Music-Disposable-vape-Free-Shipping-4-920x552.webp 920w, https:\/\/www.vapecigwholesale.com\/wp-content\/uploads\/2024\/11\/Order-Original-Fumot-Tornado-30K-Music-Disposable-vape-Free-Shipping-4-575x345.webp 575w, https:\/\/www.vapecigwholesale.com\/wp-content\/uploads\/2024\/11\/Order-Original-Fumot-Tornado-30K-Music-Disposable-vape-Free-Shipping-4-380x228.webp 380w, https:\/\/www.vapecigwholesale.com\/wp-content\/uploads\/2024\/11\/Order-Original-Fumot-Tornado-30K-Music-Disposable-vape-Free-Shipping-4-800x480.webp 800w, https:\/\/www.vapecigwholesale.com\/wp-content\/uploads\/2024\/11\/Order-Original-Fumot-Tornado-30K-Music-Disposable-vape-Free-Shipping-4-80x48.webp 80w, https:\/\/www.vapecigwholesale.com\/wp-content\/uploads\/2024\/11\/Order-Original-Fumot-Tornado-30K-Music-Disposable-vape-Free-Shipping-4.webp 1500w\" sizes=\"(max-width: 1024px) 100vw, 1024px\" \/><\/p>\n<p>&nbsp;<\/p>","protected":false},"excerpt":{"rendered":"<div class=\"product-short-description\">\n<p>Cena tylko za 1szt Darmowa wysy\u0142ka<\/p>\n<p>(<strong>2%\uff0c3%\uff0c5% Nic<\/strong>)\u00a0 <strong>Czas wysy\u0142ki: 2 tygodnie<\/strong><\/p>\n<\/div>\n<div class=\"wsppc_div_block woocommerce_before_add_to_cart_form\"><\/div>","protected":false},"featured_media":738,"comment_status":"open","ping_status":"closed","template":"","meta":{"om_disable_all_campaigns":false,"_monsterinsights_skip_tracking":false,"_monsterinsights_sitenote_active":false,"_monsterinsights_sitenote_note":"","_monsterinsights_sitenote_category":0},"product_brand":[],"product_cat":[15],"product_tag":[],"class_list":{"0":"post-771","1":"product","2":"type-product","3":"status-publish","4":"has-post-thumbnail","6":"product_cat-disposable-vape","8":"first","9":"instock","10":"featured","11":"shipping-taxable","12":"purchasable","13":"product-type-variable","14":"has-default-attributes"},"aioseo_notices":[],"_links":{"self":[{"href":"https:\/\/www.vapecigwholesale.com\/pl\/wp-json\/wp\/v2\/product\/771","targetHints":{"allow":["GET"]}}],"collection":[{"href":"https:\/\/www.vapecigwholesale.com\/pl\/wp-json\/wp\/v2\/product"}],"about":[{"href":"https:\/\/www.vapecigwholesale.com\/pl\/wp-json\/wp\/v2\/types\/product"}],"replies":[{"embeddable":true,"href":"https:\/\/www.vapecigwholesale.com\/pl\/wp-json\/wp\/v2\/comments?post=771"}],"wp:featuredmedia":[{"embeddable":true,"href":"https:\/\/www.vapecigwholesale.com\/pl\/wp-json\/wp\/v2\/media\/738"}],"wp:attachment":[{"href":"https:\/\/www.vapecigwholesale.com\/pl\/wp-json\/wp\/v2\/media?parent=771"}],"wp:term":[{"taxonomy":"product_brand","embeddable":true,"href":"https:\/\/www.vapecigwholesale.com\/pl\/wp-json\/wp\/v2\/product_brand?post=771"},{"taxonomy":"product_cat","embeddable":true,"href":"https:\/\/www.vapecigwholesale.com\/pl\/wp-json\/wp\/v2\/product_cat?post=771"},{"taxonomy":"product_tag","embeddable":true,"href":"https:\/\/www.vapecigwholesale.com\/pl\/wp-json\/wp\/v2\/product_tag?post=771"}],"curies":[{"name":"wp","href":"https:\/\/api.w.org\/{rel}","templated":true}]}}