{"id":848,"date":"2024-11-13T14:29:54","date_gmt":"2024-11-13T06:29:54","guid":{"rendered":"https:\/\/www.vapecigwholesale.com\/?post_type=product&#038;p=848"},"modified":"2025-02-19T14:30:36","modified_gmt":"2025-02-19T06:30:36","slug":"fumot-tornado-15000-puffs-disposable-vape-free-shipping","status":"publish","type":"product","link":"https:\/\/www.vapecigwholesale.com\/pl\/product\/fumot-tornado-15000-puff-jednorazowe-vape-darmowa-wysylka\/","title":{"rendered":"Fumot Tornado 15000 Puffs Jednorazowe vape Darmowa wysy\u0142ka"},"content":{"rendered":"<p>Fumot Tornado 15000 Puffs to najnowszy jednorazowy waporyzator o du\u017cej pojemno\u015bci wprowadzony przez Shenzhen Fumot Technology. Fumot Technology, trzymaj\u0105c r\u0119k\u0119 na pulsie wymaga\u0144 rynku, dostosowa\u0142a si\u0119 do trend\u00f3w zakupowych konsument\u00f3w. Waporyzatory z du\u017cymi zaci\u0105gni\u0119ciami, takie jak 7000 zaci\u0105gni\u0119\u0107, 9000 zaci\u0105gni\u0119\u0107 i 10000 zaci\u0105gni\u0119\u0107, zdominowa\u0142y rynek, konsekwentnie zdobywaj\u0105c popularno\u015b\u0107. Istnieje jednak podzbi\u00f3r entuzjast\u00f3w waporyzacji pragn\u0105cych jeszcze wi\u0119kszych pojemno\u015bci puff\u00f3w, co da\u0142o pocz\u0105tek Tornado 15000, aby zaspokoi\u0107 ten popyt.<\/p>\n<p>Fumot Tornado 15000 Puffs zachowuje kultowy cylindryczny kszta\u0142t serii Tornado, \u0142\u0105cz\u0105c go z ilustracyjnym stylem projektowania widocznym w innym bestsellerze Fumot, Digital Box 12000. Dzi\u0119ki ekranowi LED i efektom \u015bwietlnym RGB na cylindrycznym korpusie, chcemy, aby Monkey Bro zn\u00f3w \u015bwieci\u0142 jasno.<\/p>\n<p>Fumot Tornado 15000 posiada ekran LED ze wska\u017anikami oleju i zasilania, umo\u017cliwiaj\u0105c u\u017cytkownikom \u0142atwe prze\u0142\u0105czanie mi\u0119dzy urz\u0105dzeniami w zale\u017cno\u015bci od poziomu oleju. Wska\u017anik zasilania s\u0142u\u017cy podobnemu celowi, zapewniaj\u0105c kontrol\u0119 baterii w czasie rzeczywistym w celu optymalnego zarz\u0105dzania u\u017cytkowaniem.<br \/>\nW modelu Tornado 15000 zintegrowali\u015bmy niskooporow\u0105 cewk\u0119 siatkow\u0105 0,9 Ohm, maksymalizuj\u0105c powierzchni\u0119 grzewcz\u0105 dla p\u0142ynniejszego zaci\u0105gania i bogatszej produkcji pary. Siatkowa konstrukcja cewki zapewnia sp\u00f3jne i r\u00f3wnomierne podgrzewanie e-cieczy, gwarantuj\u0105c r\u00f3wnomierne rozprowadzanie smaku.<br \/>\nDzi\u0119ki wbudowanemu akumulatorowi o pojemno\u015bci 850 mAh, Tornado 15000 oferuje du\u017c\u0105 pojemno\u015b\u0107 baterii, umo\u017cliwiaj\u0105c u\u017cytkownikom korzystanie z niego przez wiele dni na jednym \u0142adowaniu. Port szybkiego \u0142adowania typu C zapewnia bezpieczne i szybkie \u0142adowanie.<\/p>\n<h2><strong>Fumot Tornado 15000 Puffs Szczeg\u00f3\u0142y:<\/strong><\/h2>\n<ul>\n<li>Opcje zawarto\u015bci nikotyny: 0%, 2%, 3% i 5%<\/li>\n<li>Do 15000 zaci\u0105gni\u0119\u0107<\/li>\n<li>Wst\u0119pnie nape\u0142niony 25 ml e-liquidu<\/li>\n<li>Akumulator o pojemno\u015bci 850 mAh<\/li>\n<li>Cewka siatkowa 0,9\u03a9<\/li>\n<li>41 dost\u0119pnych smak\u00f3w<\/li>\n<\/ul>\n<h2><strong>Fumot Tornado 15000 Puffs Dost\u0119pne smaki:<\/strong><\/h2>\n<p>1.Blue Razz Lemonade<br \/>\n2.Peach Ice<br \/>\n3. kwa\u015bne jab\u0142ko<br \/>\n4. arbuzowy l\u00f3d<br \/>\n5.Blueberry On Ice<br \/>\n6. jagoda malina<br \/>\n7. l\u00f3d ananasowy<br \/>\n8.Cherry<br \/>\n9.L\u00f3d truskawkowy<br \/>\n10.Vimto<br \/>\n11.Grape Ice<br \/>\n12.Cola Ice<br \/>\n13.truskawkowy arbuz<br \/>\n14.r\u00f3\u017cowa lemoniada<br \/>\n15.Mixed Berry<br \/>\n16.Brzoskwinia Mango<br \/>\n17.Smoczy owoc<br \/>\n18.truskawkowe winogrono<br \/>\n19.Mr Blue<br \/>\n20.Lush Ice<br \/>\n21.Ice Pop<br \/>\n22.Truskawka Kiwi<br \/>\n23.Kiwi Passion Fruit Guava<br \/>\n24.Triple Berry<br \/>\n25.Banana Ice<br \/>\n26.Cukierki brzoskwiniowo-jagodowe<br \/>\n27.jab\u0142ko brzoskwinia gruszka<br \/>\n28.Berry Lemonade<br \/>\n29.Blue Razz Cherry<br \/>\n30.Blueberry Bubblegum<br \/>\n31.jagoda wi\u015bnia \u017curawina<br \/>\n32.Blueberry Pomegranate<br \/>\n33.Bluesour Raspberry<br \/>\n34.Cherry Cola<br \/>\n35.Gummy Bear<br \/>\n36.Lemon &amp; Lime<br \/>\n37.Mango On Ice<br \/>\n38.Red Energy Ice<br \/>\n39.banan truskawkowy<br \/>\n40.Strawberry Red Bull<br \/>\n41.Truskawkowa Lemoniada Arbuzowa<br \/>\n42.Ice Tea Lemon Ice<br \/>\n43.Ice Tea Peach Ice<br \/>\n44.Fizzy Cherry<br \/>\n45.kr\u0119gle<\/p>\n<h2><strong>Lista pakowania:<\/strong><\/h2>\n<p>1 sztuka ka\u017cdego ma\u0142ego pude\u0142ka<br \/>\n10 sztuk w ka\u017cdym \u015brodkowym pude\u0142ku<br \/>\n200 sztuk w kartonie<\/p>\n<p><img fetchpriority=\"high\" decoding=\"async\" class=\"alignnone wp-image-802 size-full\" title=\"Fumot Tornado 15000 Puffs Jednorazowe vape Darmowa wysy\u0142ka 1\" src=\"https:\/\/www.vapecigwholesale.com\/wp-content\/uploads\/2024\/11\/Fumot-Tornado-15000-Puffs-Disposable-vape-Free-Shipping-1.webp\" alt=\"Fumot Tornado 15000 Puffs Jednorazowe vape Darmowa wysy\u0142ka 1\" width=\"800\" height=\"800\" srcset=\"https:\/\/www.vapecigwholesale.com\/wp-content\/uploads\/2024\/11\/Fumot-Tornado-15000-Puffs-Disposable-vape-Free-Shipping-1.webp 800w, https:\/\/www.vapecigwholesale.com\/wp-content\/uploads\/2024\/11\/Fumot-Tornado-15000-Puffs-Disposable-vape-Free-Shipping-1-300x300.webp 300w, https:\/\/www.vapecigwholesale.com\/wp-content\/uploads\/2024\/11\/Fumot-Tornado-15000-Puffs-Disposable-vape-Free-Shipping-1-150x150.webp 150w, https:\/\/www.vapecigwholesale.com\/wp-content\/uploads\/2024\/11\/Fumot-Tornado-15000-Puffs-Disposable-vape-Free-Shipping-1-768x768.webp 768w, https:\/\/www.vapecigwholesale.com\/wp-content\/uploads\/2024\/11\/Fumot-Tornado-15000-Puffs-Disposable-vape-Free-Shipping-1-12x12.webp 12w, https:\/\/www.vapecigwholesale.com\/wp-content\/uploads\/2024\/11\/Fumot-Tornado-15000-Puffs-Disposable-vape-Free-Shipping-1-575x575.webp 575w, https:\/\/www.vapecigwholesale.com\/wp-content\/uploads\/2024\/11\/Fumot-Tornado-15000-Puffs-Disposable-vape-Free-Shipping-1-380x380.webp 380w, https:\/\/www.vapecigwholesale.com\/wp-content\/uploads\/2024\/11\/Fumot-Tornado-15000-Puffs-Disposable-vape-Free-Shipping-1-50x50.webp 50w, https:\/\/www.vapecigwholesale.com\/wp-content\/uploads\/2024\/11\/Fumot-Tornado-15000-Puffs-Disposable-vape-Free-Shipping-1-26x26.webp 26w, https:\/\/www.vapecigwholesale.com\/wp-content\/uploads\/2024\/11\/Fumot-Tornado-15000-Puffs-Disposable-vape-Free-Shipping-1-420x420.webp 420w, https:\/\/www.vapecigwholesale.com\/wp-content\/uploads\/2024\/11\/Fumot-Tornado-15000-Puffs-Disposable-vape-Free-Shipping-1-100x100.webp 100w, https:\/\/www.vapecigwholesale.com\/wp-content\/uploads\/2024\/11\/Fumot-Tornado-15000-Puffs-Disposable-vape-Free-Shipping-1-80x80.webp 80w\" sizes=\"(max-width: 800px) 100vw, 800px\" \/><\/p>\n<p><img decoding=\"async\" class=\"alignnone wp-image-803 size-full\" title=\"Fumot Tornado 15000 Puffs Jednorazowe vape Darmowa wysy\u0142ka 2\" src=\"https:\/\/www.vapecigwholesale.com\/wp-content\/uploads\/2024\/11\/Fumot-Tornado-15000-Puffs-Disposable-vape-Free-Shipping-2.webp\" alt=\"Fumot Tornado 15000 Puffs Jednorazowe vape Darmowa wysy\u0142ka 2\" width=\"800\" height=\"513\" srcset=\"https:\/\/www.vapecigwholesale.com\/wp-content\/uploads\/2024\/11\/Fumot-Tornado-15000-Puffs-Disposable-vape-Free-Shipping-2.webp 800w, https:\/\/www.vapecigwholesale.com\/wp-content\/uploads\/2024\/11\/Fumot-Tornado-15000-Puffs-Disposable-vape-Free-Shipping-2-300x192.webp 300w, https:\/\/www.vapecigwholesale.com\/wp-content\/uploads\/2024\/11\/Fumot-Tornado-15000-Puffs-Disposable-vape-Free-Shipping-2-768x492.webp 768w, https:\/\/www.vapecigwholesale.com\/wp-content\/uploads\/2024\/11\/Fumot-Tornado-15000-Puffs-Disposable-vape-Free-Shipping-2-18x12.webp 18w, https:\/\/www.vapecigwholesale.com\/wp-content\/uploads\/2024\/11\/Fumot-Tornado-15000-Puffs-Disposable-vape-Free-Shipping-2-575x369.webp 575w, https:\/\/www.vapecigwholesale.com\/wp-content\/uploads\/2024\/11\/Fumot-Tornado-15000-Puffs-Disposable-vape-Free-Shipping-2-380x244.webp 380w, https:\/\/www.vapecigwholesale.com\/wp-content\/uploads\/2024\/11\/Fumot-Tornado-15000-Puffs-Disposable-vape-Free-Shipping-2-80x51.webp 80w\" sizes=\"(max-width: 800px) 100vw, 800px\" \/><\/p>","protected":false},"excerpt":{"rendered":"<p>Cena tylko za 1 sztuk\u0119 Darmowa wysy\u0142ka<\/p>\n<p>(<strong>2%\uff0c3%\uff0c5% Nic<\/strong>)\u00a0 <strong>Czas wysy\u0142ki: 2 tygodnie<\/strong><\/p>","protected":false},"featured_media":842,"comment_status":"open","ping_status":"closed","template":"","meta":{"om_disable_all_campaigns":false,"_monsterinsights_skip_tracking":false,"_monsterinsights_sitenote_active":false,"_monsterinsights_sitenote_note":"","_monsterinsights_sitenote_category":0},"product_brand":[],"product_cat":[15],"product_tag":[],"class_list":{"0":"post-848","1":"product","2":"type-product","3":"status-publish","4":"has-post-thumbnail","6":"product_cat-disposable-vape","8":"first","9":"instock","10":"featured","11":"shipping-taxable","12":"purchasable","13":"product-type-variable","14":"has-default-attributes"},"aioseo_notices":[],"_links":{"self":[{"href":"https:\/\/www.vapecigwholesale.com\/pl\/wp-json\/wp\/v2\/product\/848","targetHints":{"allow":["GET"]}}],"collection":[{"href":"https:\/\/www.vapecigwholesale.com\/pl\/wp-json\/wp\/v2\/product"}],"about":[{"href":"https:\/\/www.vapecigwholesale.com\/pl\/wp-json\/wp\/v2\/types\/product"}],"replies":[{"embeddable":true,"href":"https:\/\/www.vapecigwholesale.com\/pl\/wp-json\/wp\/v2\/comments?post=848"}],"wp:featuredmedia":[{"embeddable":true,"href":"https:\/\/www.vapecigwholesale.com\/pl\/wp-json\/wp\/v2\/media\/842"}],"wp:attachment":[{"href":"https:\/\/www.vapecigwholesale.com\/pl\/wp-json\/wp\/v2\/media?parent=848"}],"wp:term":[{"taxonomy":"product_brand","embeddable":true,"href":"https:\/\/www.vapecigwholesale.com\/pl\/wp-json\/wp\/v2\/product_brand?post=848"},{"taxonomy":"product_cat","embeddable":true,"href":"https:\/\/www.vapecigwholesale.com\/pl\/wp-json\/wp\/v2\/product_cat?post=848"},{"taxonomy":"product_tag","embeddable":true,"href":"https:\/\/www.vapecigwholesale.com\/pl\/wp-json\/wp\/v2\/product_tag?post=848"}],"curies":[{"name":"wp","href":"https:\/\/api.w.org\/{rel}","templated":true}]}}