{"id":947,"date":"2024-11-13T11:08:22","date_gmt":"2024-11-13T03:08:22","guid":{"rendered":"https:\/\/www.vapecigwholesale.com\/?post_type=product&#038;p=947"},"modified":"2025-09-22T14:02:38","modified_gmt":"2025-09-22T06:02:38","slug":"bang-king-25000-puffs-two-pods-disposable-vape-free-shipping","status":"publish","type":"product","link":"https:\/\/www.vapecigwholesale.com\/pl\/product\/bang-king-25000-puffow-dwie-kapsulki-jednorazowe-vape-darmowa-wysylka\/","title":{"rendered":"Bang King 25000 Puffs Dwie kapsu\u0142ki jednorazowe vape Darmowa wysy\u0142ka"},"content":{"rendered":"<p>Bang King 25000 Puffs Disposable Vape, gdzie wygoda spotyka si\u0119 z najnowocze\u015bniejszymi innowacjami. Dzi\u0119ki pot\u0119\u017cnej baterii 650 mAh i dw\u00f3m 23-mililitrowym zbiornikom na p\u0142yn o du\u017cej pojemno\u015bci, urz\u0105dzenie to obiecuje solidne i d\u0142ugotrwa\u0142e wra\u017cenia z waporyzacji. Wykonane przez renomowan\u0105 mark\u0119 Bang King, zapewnia wyj\u0105tkow\u0105 podr\u00f3\u017c do przyjemno\u015bci z waporyzacji dzi\u0119ki szerokiemu wyborowi kusz\u0105cych smak\u00f3w.<\/p>\n<p>Bang King 25000 Puffs Wyposa\u017cony w dwie 23-mililitrowe komory na p\u0142yn o imponuj\u0105cej pojemno\u015bci 46 mililitr\u00f3w, ten jednorazowy waporyzator gwarantuje d\u0142u\u017csze sesje waporyzacji bez konieczno\u015bci cz\u0119stego uzupe\u0142niania. Ciesz si\u0119 nieprzerwanymi zaci\u0105gni\u0119ciami o du\u017cej pojemno\u015bci, zapewniaj\u0105c d\u0142ugotrwa\u0142\u0105 przyjemno\u015b\u0107 i minimalne przerwy.<\/p>\n<h2><strong>Bang King 25000 Puffs Szczeg\u00f3\u0142y:<\/strong><\/h2>\n<ul>\n<li>Wygodny i \u0142atwy w u\u017cyciu dzi\u0119ki automatycznej aktywacji wdechu<\/li>\n<li>Bateria: akumulator 650 mAh<\/li>\n<li>E-liquid o pojemno\u015bci 46 ml (2 kapsu\u0142ki, 23 ml + 23 ml)<\/li>\n<li>Osi\u0105gnij do 25000 zaci\u0105gni\u0119\u0107<\/li>\n<li>Cewka siatkowa 1,0 ohm<\/li>\n<li>0%, 2%, 3%, 5% Moc nikotyny<\/li>\n<li>Port \u0142adowania typu C<\/li>\n<\/ul>\n<h2><strong>Dost\u0119pne smaki Bang King 25000 Puffs\uff1a<\/strong><\/h2>\n<ol>\n<li>Blue Razz Ice<\/li>\n<li>Soczysty brzoskwiniowy l\u00f3d<\/li>\n<li>Arbuzowy l\u00f3d<\/li>\n<li>Banan truskawkowy<\/li>\n<li>Arbuz truskawkowy<\/li>\n<li>L\u00f3d z kwa\u015bnego jab\u0142ka<\/li>\n<li>Potr\u00f3jny l\u00f3d jagodowy<\/li>\n<li>Owoce tropikalne<\/li>\n<li>L\u00f3d winogronowy<\/li>\n<li>Brzoskwinia Mango<\/li>\n<li>Mango truskawkowe<\/li>\n<li>Wi\u015bniowa bomba<\/li>\n<\/ol>\n<h2><strong>Lista pakowania:<\/strong><\/h2>\n<p>1 sztuka ka\u017cdego ma\u0142ego pude\u0142ka<br \/>\n10 sztuk w ka\u017cdym \u015brodkowym pude\u0142ku<br \/>\n200 sztuk w kartonie<\/p>\n<p>&nbsp;<\/p>\n<p><img fetchpriority=\"high\" decoding=\"async\" class=\"alignnone wp-image-933 size-full\" title=\"Bang King 25000 Puffs Double Pods Jednorazowe vape Darmowa wysy\u0142ka 1\" src=\"https:\/\/www.vapecigwholesale.com\/wp-content\/uploads\/2024\/11\/Bang-King-25000-Puffs-Double-Pods-Disposable-vape-Free-Shipping-1.webp\" alt=\"Bang King 25000 Puffs Double Pods Jednorazowe vape Darmowa wysy\u0142ka 1\" width=\"800\" height=\"800\" srcset=\"https:\/\/www.vapecigwholesale.com\/wp-content\/uploads\/2024\/11\/Bang-King-25000-Puffs-Double-Pods-Disposable-vape-Free-Shipping-1.webp 800w, https:\/\/www.vapecigwholesale.com\/wp-content\/uploads\/2024\/11\/Bang-King-25000-Puffs-Double-Pods-Disposable-vape-Free-Shipping-1-300x300.webp 300w, https:\/\/www.vapecigwholesale.com\/wp-content\/uploads\/2024\/11\/Bang-King-25000-Puffs-Double-Pods-Disposable-vape-Free-Shipping-1-150x150.webp 150w, https:\/\/www.vapecigwholesale.com\/wp-content\/uploads\/2024\/11\/Bang-King-25000-Puffs-Double-Pods-Disposable-vape-Free-Shipping-1-768x768.webp 768w, https:\/\/www.vapecigwholesale.com\/wp-content\/uploads\/2024\/11\/Bang-King-25000-Puffs-Double-Pods-Disposable-vape-Free-Shipping-1-12x12.webp 12w, https:\/\/www.vapecigwholesale.com\/wp-content\/uploads\/2024\/11\/Bang-King-25000-Puffs-Double-Pods-Disposable-vape-Free-Shipping-1-575x575.webp 575w, https:\/\/www.vapecigwholesale.com\/wp-content\/uploads\/2024\/11\/Bang-King-25000-Puffs-Double-Pods-Disposable-vape-Free-Shipping-1-380x380.webp 380w, https:\/\/www.vapecigwholesale.com\/wp-content\/uploads\/2024\/11\/Bang-King-25000-Puffs-Double-Pods-Disposable-vape-Free-Shipping-1-50x50.webp 50w, https:\/\/www.vapecigwholesale.com\/wp-content\/uploads\/2024\/11\/Bang-King-25000-Puffs-Double-Pods-Disposable-vape-Free-Shipping-1-26x26.webp 26w, https:\/\/www.vapecigwholesale.com\/wp-content\/uploads\/2024\/11\/Bang-King-25000-Puffs-Double-Pods-Disposable-vape-Free-Shipping-1-420x420.webp 420w, https:\/\/www.vapecigwholesale.com\/wp-content\/uploads\/2024\/11\/Bang-King-25000-Puffs-Double-Pods-Disposable-vape-Free-Shipping-1-100x100.webp 100w, https:\/\/www.vapecigwholesale.com\/wp-content\/uploads\/2024\/11\/Bang-King-25000-Puffs-Double-Pods-Disposable-vape-Free-Shipping-1-80x80.webp 80w\" sizes=\"(max-width: 800px) 100vw, 800px\" \/><\/p>","protected":false},"excerpt":{"rendered":"<p>Cena tylko za 1 sztuk\u0119 Darmowa wysy\u0142ka<\/p>\n<p>(<strong>0%\uff0c2%\uff0c3%\uff0c5% Nic<\/strong>)\u00a0 <strong>Czas wysy\u0142ki: 2 tygodnie<\/strong><\/p>","protected":false},"featured_media":1051,"comment_status":"open","ping_status":"closed","template":"","meta":{"om_disable_all_campaigns":false,"_monsterinsights_skip_tracking":false,"_monsterinsights_sitenote_active":false,"_monsterinsights_sitenote_note":"","_monsterinsights_sitenote_category":0},"product_brand":[],"product_cat":[15],"product_tag":[],"class_list":{"0":"post-947","1":"product","2":"type-product","3":"status-publish","4":"has-post-thumbnail","6":"product_cat-disposable-vape","8":"first","9":"instock","10":"sale","11":"featured","12":"shipping-taxable","13":"purchasable","14":"product-type-variable","15":"has-default-attributes"},"aioseo_notices":[],"_links":{"self":[{"href":"https:\/\/www.vapecigwholesale.com\/pl\/wp-json\/wp\/v2\/product\/947","targetHints":{"allow":["GET"]}}],"collection":[{"href":"https:\/\/www.vapecigwholesale.com\/pl\/wp-json\/wp\/v2\/product"}],"about":[{"href":"https:\/\/www.vapecigwholesale.com\/pl\/wp-json\/wp\/v2\/types\/product"}],"replies":[{"embeddable":true,"href":"https:\/\/www.vapecigwholesale.com\/pl\/wp-json\/wp\/v2\/comments?post=947"}],"wp:featuredmedia":[{"embeddable":true,"href":"https:\/\/www.vapecigwholesale.com\/pl\/wp-json\/wp\/v2\/media\/1051"}],"wp:attachment":[{"href":"https:\/\/www.vapecigwholesale.com\/pl\/wp-json\/wp\/v2\/media?parent=947"}],"wp:term":[{"taxonomy":"product_brand","embeddable":true,"href":"https:\/\/www.vapecigwholesale.com\/pl\/wp-json\/wp\/v2\/product_brand?post=947"},{"taxonomy":"product_cat","embeddable":true,"href":"https:\/\/www.vapecigwholesale.com\/pl\/wp-json\/wp\/v2\/product_cat?post=947"},{"taxonomy":"product_tag","embeddable":true,"href":"https:\/\/www.vapecigwholesale.com\/pl\/wp-json\/wp\/v2\/product_tag?post=947"}],"curies":[{"name":"wp","href":"https:\/\/api.w.org\/{rel}","templated":true}]}}