{"id":993,"date":"2024-11-12T12:13:17","date_gmt":"2024-11-12T04:13:17","guid":{"rendered":"https:\/\/www.vapecigwholesale.com\/?post_type=product&#038;p=993"},"modified":"2025-09-22T14:03:28","modified_gmt":"2025-09-22T06:03:28","slug":"elf-box-digital-12000-puffs-disposable-vape-free-shipping","status":"publish","type":"product","link":"https:\/\/www.vapecigwholesale.com\/pl\/product\/elf-box-digital-12000-puffow-jednorazowe-vape-darmowa-wysylka\/","title":{"rendered":"ELF Box Digital 12000 Puffs Jednorazowe Vape Darmowa wysy\u0142ka"},"content":{"rendered":"<p>Jednorazowe e-papierosy ELF Box Digital 12000 Puffs Led Display to wydajne urz\u0105dzenie przeznaczone dla vaper\u00f3w poszukuj\u0105cych zar\u00f3wno jako\u015bci, jak i wygody. Dzi\u0119ki imponuj\u0105cej pojemno\u015bci 12000 zaci\u0105gni\u0119\u0107, ten jednorazowy e-papieros zapewnia d\u0142u\u017csz\u0105 przyjemno\u015b\u0107 bez konieczno\u015bci cz\u0119stej wymiany.<\/p>\n<p>ELF Box Digital 12000 Puffs Wyposa\u017cony w zaawansowany rdze\u0144 cewki siatkowej przy 0,8ohm, ka\u017cde zaci\u0105gni\u0119cie zapewnia g\u0142adk\u0105 i aromatyczn\u0105 par\u0119. Du\u017ca pojemno\u015b\u0107 25 ml e-liquidu pozwala na d\u0142u\u017csze sesje waporyzacji, daj\u0105c wiele okazji do delektowania si\u0119 ulubionymi smakami.<\/p>\n<p>ELF Box Digital 12000 Puffs Dostosuj swoje doznania dzi\u0119ki szerokiej gamie mocy nikotyny: 2%, 3% i 5%. Ta r\u00f3\u017cnorodno\u015b\u0107 zapewnia znalezienie idealnej r\u00f3wnowagi, kt\u00f3ra odpowiada Twoim preferencjom. Zasilany wytrzyma\u0142\u0105 bateri\u0105 13350-500 mAh, Elf Box DG 12000 oferuje d\u0142ugotrwa\u0142\u0105 wydajno\u015b\u0107, a port \u0142adowania typu C zapewnia szybkie i wydajne \u0142adowanie.<\/p>\n<p>Wbudowany wy\u015bwietlacz LED ELF Box Digital 12000 Puffs zapewnia informacje w czasie rzeczywistym na temat ustawie\u0144 waporyzacji i \u017cywotno\u015bci baterii, zapewniaj\u0105c p\u0142ynn\u0105 i \u015bwiadom\u0105 waporyzacj\u0119. Wa\u017c\u0105cy zaledwie 82 g e-papieros jest lekki i przeno\u015bny, dzi\u0119ki czemu idealnie nadaje si\u0119 do waporyzacji w podr\u00f3\u017cy.<\/p>\n<h2><strong>ELF Box Digital 12000 Puffs Szczeg\u00f3\u0142y:<\/strong><\/h2>\n<ul>\n<li>Puffy: 12000 puff\u00f3w<\/li>\n<li>Rdze\u0144: Cewka siatkowa 0,8 ohm<\/li>\n<li>E-liquid: 25 ml<\/li>\n<li>Bateria: 13350-500 mah<\/li>\n<li>Nikotyna: 2%\/3%\/5%<\/li>\n<li>Mo\u017cliwo\u015b\u0107 \u0142adowania:Typ-C<\/li>\n<li>Wy\u015bwietlacz cyfrowy \uff1a Wy\u015bwietlacz \u0142agodny i elektryczny<\/li>\n<li>Rozmiar produktu: 30*57*101mm<\/li>\n<li>Rozmiar kartonu: 615*223*330mm<\/li>\n<\/ul>\n<h2><strong>ELF Box Digital 12000 Puffs Dost\u0119pne smaki:<\/strong><\/h2>\n<ol>\n<li>Blackberry Ice<\/li>\n<li>Niebieski l\u00f3d Razz<\/li>\n<li>Kwa\u015bna malina z jagodami<\/li>\n<li>Cherry Cola<\/li>\n<li>Melon kokosowy<\/li>\n<li>Podw\u00f3jne jab\u0142ko<\/li>\n<li>L\u00f3d winogronowy<\/li>\n<li>Kiwi Passion Fruit<\/li>\n<li>Mango Ice<\/li>\n<li>Owoce mieszane<\/li>\n<li>Mr Blue<\/li>\n<li>Jagody brzoskwiniowe<\/li>\n<li>L\u00f3d brzoskwiniowy<\/li>\n<li>Banan truskawkowy<\/li>\n<li>Strawberry Blast<\/li>\n<li>L\u00f3d truskawkowy<\/li>\n<li>Owoce truskawki i kiwi<\/li>\n<li>Arbuz truskawkowy<\/li>\n<li>Arbuz Bubblegum<\/li>\n<li>Arbuzowy l\u00f3d<\/li>\n<\/ol>\n<h2><strong>Lista pakowania:<\/strong><\/h2>\n<p>1 sztuka ka\u017cdego ma\u0142ego pude\u0142ka<br \/>\n10 sztuk w ka\u017cdym \u015brodkowym pude\u0142ku<br \/>\n200 sztuk w kartonie<\/p>\n<p><img fetchpriority=\"high\" decoding=\"async\" class=\"alignnone wp-image-966 size-full\" title=\"ELF Box Digital 12000 Puffs Jednorazowe Vape Darmowa wysy\u0142ka 1\" src=\"https:\/\/www.vapecigwholesale.com\/wp-content\/uploads\/2024\/11\/ELF-Box-Digital-12000-Puffs-Disposable-Vape-Free-Shipping-1.webp\" alt=\"ELF Box Digital 12000 Puffs Jednorazowe Vape Darmowa wysy\u0142ka 1\" width=\"800\" height=\"451\" srcset=\"https:\/\/www.vapecigwholesale.com\/wp-content\/uploads\/2024\/11\/ELF-Box-Digital-12000-Puffs-Disposable-Vape-Free-Shipping-1.webp 800w, https:\/\/www.vapecigwholesale.com\/wp-content\/uploads\/2024\/11\/ELF-Box-Digital-12000-Puffs-Disposable-Vape-Free-Shipping-1-300x169.webp 300w, https:\/\/www.vapecigwholesale.com\/wp-content\/uploads\/2024\/11\/ELF-Box-Digital-12000-Puffs-Disposable-Vape-Free-Shipping-1-768x433.webp 768w, https:\/\/www.vapecigwholesale.com\/wp-content\/uploads\/2024\/11\/ELF-Box-Digital-12000-Puffs-Disposable-Vape-Free-Shipping-1-18x10.webp 18w, https:\/\/www.vapecigwholesale.com\/wp-content\/uploads\/2024\/11\/ELF-Box-Digital-12000-Puffs-Disposable-Vape-Free-Shipping-1-575x324.webp 575w, https:\/\/www.vapecigwholesale.com\/wp-content\/uploads\/2024\/11\/ELF-Box-Digital-12000-Puffs-Disposable-Vape-Free-Shipping-1-380x214.webp 380w, https:\/\/www.vapecigwholesale.com\/wp-content\/uploads\/2024\/11\/ELF-Box-Digital-12000-Puffs-Disposable-Vape-Free-Shipping-1-80x45.webp 80w\" sizes=\"(max-width: 800px) 100vw, 800px\" \/><\/p>\n<p><img decoding=\"async\" class=\"wp-image-967 size-full\" title=\"ELF Box Digital 12000 Puffs Jednorazowe Vape Darmowa wysy\u0142ka 2\" src=\"https:\/\/www.vapecigwholesale.com\/wp-content\/uploads\/2024\/11\/ELF-Box-Digital-12000-Puffs-Disposable-Vape-Free-Shipping-2.webp\" alt=\"ELF Box Digital 12000 Puffs Jednorazowe Vape Darmowa wysy\u0142ka 2\" width=\"800\" height=\"448\" srcset=\"https:\/\/www.vapecigwholesale.com\/wp-content\/uploads\/2024\/11\/ELF-Box-Digital-12000-Puffs-Disposable-Vape-Free-Shipping-2.webp 800w, https:\/\/www.vapecigwholesale.com\/wp-content\/uploads\/2024\/11\/ELF-Box-Digital-12000-Puffs-Disposable-Vape-Free-Shipping-2-300x168.webp 300w, https:\/\/www.vapecigwholesale.com\/wp-content\/uploads\/2024\/11\/ELF-Box-Digital-12000-Puffs-Disposable-Vape-Free-Shipping-2-768x430.webp 768w, https:\/\/www.vapecigwholesale.com\/wp-content\/uploads\/2024\/11\/ELF-Box-Digital-12000-Puffs-Disposable-Vape-Free-Shipping-2-18x10.webp 18w, https:\/\/www.vapecigwholesale.com\/wp-content\/uploads\/2024\/11\/ELF-Box-Digital-12000-Puffs-Disposable-Vape-Free-Shipping-2-575x322.webp 575w, https:\/\/www.vapecigwholesale.com\/wp-content\/uploads\/2024\/11\/ELF-Box-Digital-12000-Puffs-Disposable-Vape-Free-Shipping-2-380x213.webp 380w, https:\/\/www.vapecigwholesale.com\/wp-content\/uploads\/2024\/11\/ELF-Box-Digital-12000-Puffs-Disposable-Vape-Free-Shipping-2-80x45.webp 80w\" sizes=\"(max-width: 800px) 100vw, 800px\" \/><\/p>\n<p><img decoding=\"async\" class=\"wp-image-968 size-full\" title=\"ELF Box Digital 12000 Puffs Jednorazowe Vape Darmowa wysy\u0142ka 3\" src=\"https:\/\/www.vapecigwholesale.com\/wp-content\/uploads\/2024\/11\/ELF-Box-Digital-12000-Puffs-Disposable-Vape-Free-Shipping-3.webp\" alt=\"ELF Box Digital 12000 Puffs Jednorazowe Vape Darmowa wysy\u0142ka 3\" width=\"800\" height=\"800\" srcset=\"https:\/\/www.vapecigwholesale.com\/wp-content\/uploads\/2024\/11\/ELF-Box-Digital-12000-Puffs-Disposable-Vape-Free-Shipping-3.webp 800w, https:\/\/www.vapecigwholesale.com\/wp-content\/uploads\/2024\/11\/ELF-Box-Digital-12000-Puffs-Disposable-Vape-Free-Shipping-3-300x300.webp 300w, https:\/\/www.vapecigwholesale.com\/wp-content\/uploads\/2024\/11\/ELF-Box-Digital-12000-Puffs-Disposable-Vape-Free-Shipping-3-150x150.webp 150w, https:\/\/www.vapecigwholesale.com\/wp-content\/uploads\/2024\/11\/ELF-Box-Digital-12000-Puffs-Disposable-Vape-Free-Shipping-3-768x768.webp 768w, https:\/\/www.vapecigwholesale.com\/wp-content\/uploads\/2024\/11\/ELF-Box-Digital-12000-Puffs-Disposable-Vape-Free-Shipping-3-12x12.webp 12w, https:\/\/www.vapecigwholesale.com\/wp-content\/uploads\/2024\/11\/ELF-Box-Digital-12000-Puffs-Disposable-Vape-Free-Shipping-3-575x575.webp 575w, https:\/\/www.vapecigwholesale.com\/wp-content\/uploads\/2024\/11\/ELF-Box-Digital-12000-Puffs-Disposable-Vape-Free-Shipping-3-380x380.webp 380w, https:\/\/www.vapecigwholesale.com\/wp-content\/uploads\/2024\/11\/ELF-Box-Digital-12000-Puffs-Disposable-Vape-Free-Shipping-3-50x50.webp 50w, https:\/\/www.vapecigwholesale.com\/wp-content\/uploads\/2024\/11\/ELF-Box-Digital-12000-Puffs-Disposable-Vape-Free-Shipping-3-26x26.webp 26w, https:\/\/www.vapecigwholesale.com\/wp-content\/uploads\/2024\/11\/ELF-Box-Digital-12000-Puffs-Disposable-Vape-Free-Shipping-3-420x420.webp 420w, https:\/\/www.vapecigwholesale.com\/wp-content\/uploads\/2024\/11\/ELF-Box-Digital-12000-Puffs-Disposable-Vape-Free-Shipping-3-100x100.webp 100w, https:\/\/www.vapecigwholesale.com\/wp-content\/uploads\/2024\/11\/ELF-Box-Digital-12000-Puffs-Disposable-Vape-Free-Shipping-3-80x80.webp 80w\" sizes=\"(max-width: 800px) 100vw, 800px\" \/><\/p>","protected":false},"excerpt":{"rendered":"<p>Cena tylko za 1 sztuk\u0119 Darmowa wysy\u0142ka<\/p>\n<p>(2%\uff0c3%\uff0c5% Nic)\u00a0 <strong>Czas wysy\u0142ki: 2 tygodnie<\/strong><\/p>","protected":false},"featured_media":972,"comment_status":"open","ping_status":"closed","template":"","meta":{"om_disable_all_campaigns":false,"_monsterinsights_skip_tracking":false,"_monsterinsights_sitenote_active":false,"_monsterinsights_sitenote_note":"","_monsterinsights_sitenote_category":0},"product_brand":[],"product_cat":[15],"product_tag":[],"class_list":{"0":"post-993","1":"product","2":"type-product","3":"status-publish","4":"has-post-thumbnail","6":"product_cat-disposable-vape","8":"first","9":"instock","10":"sale","11":"featured","12":"shipping-taxable","13":"purchasable","14":"product-type-variable","15":"has-default-attributes"},"aioseo_notices":[],"_links":{"self":[{"href":"https:\/\/www.vapecigwholesale.com\/pl\/wp-json\/wp\/v2\/product\/993","targetHints":{"allow":["GET"]}}],"collection":[{"href":"https:\/\/www.vapecigwholesale.com\/pl\/wp-json\/wp\/v2\/product"}],"about":[{"href":"https:\/\/www.vapecigwholesale.com\/pl\/wp-json\/wp\/v2\/types\/product"}],"replies":[{"embeddable":true,"href":"https:\/\/www.vapecigwholesale.com\/pl\/wp-json\/wp\/v2\/comments?post=993"}],"wp:featuredmedia":[{"embeddable":true,"href":"https:\/\/www.vapecigwholesale.com\/pl\/wp-json\/wp\/v2\/media\/972"}],"wp:attachment":[{"href":"https:\/\/www.vapecigwholesale.com\/pl\/wp-json\/wp\/v2\/media?parent=993"}],"wp:term":[{"taxonomy":"product_brand","embeddable":true,"href":"https:\/\/www.vapecigwholesale.com\/pl\/wp-json\/wp\/v2\/product_brand?post=993"},{"taxonomy":"product_cat","embeddable":true,"href":"https:\/\/www.vapecigwholesale.com\/pl\/wp-json\/wp\/v2\/product_cat?post=993"},{"taxonomy":"product_tag","embeddable":true,"href":"https:\/\/www.vapecigwholesale.com\/pl\/wp-json\/wp\/v2\/product_tag?post=993"}],"curies":[{"name":"wp","href":"https:\/\/api.w.org\/{rel}","templated":true}]}}