{"id":535,"date":"2024-11-07T04:56:27","date_gmt":"2024-11-07T04:56:27","guid":{"rendered":"https:\/\/www.vapecigwholesale.com\/?page_id=535"},"modified":"2024-11-07T04:56:27","modified_gmt":"2024-11-07T04:56:27","slug":"shipping","status":"publish","type":"page","link":"https:\/\/www.vapecigwholesale.com\/pt\/expedicao\/","title":{"rendered":"Expedi\u00e7\u00e3o"},"content":{"rendered":"<p>As encomendas ser\u00e3o enviadas da China. Abaixo est\u00e3o os pa\u00edses para os quais enviamos<\/p>\n<table border=\"0\" width=\"271\" cellspacing=\"0\" cellpadding=\"0\">\n<tbody>\n<tr>\n<td width=\"130\" height=\"22\">\u00c1ustria<\/td>\n<td width=\"141\">ltalia<\/td>\n<\/tr>\n<tr>\n<td height=\"22\">B\u00e9lgica<\/td>\n<td>Let\u00f3nia<\/td>\n<\/tr>\n<tr>\n<td height=\"22\">Bulg\u00e1ria<\/td>\n<td>Litu\u00e2nia<\/td>\n<\/tr>\n<tr>\n<td height=\"22\">Cro\u00e1cia<\/td>\n<td>Luxemburgo<\/td>\n<\/tr>\n<tr>\n<td height=\"22\">Rep\u00fablica Checa<\/td>\n<td>Pa\u00edses Baixos<\/td>\n<\/tr>\n<tr>\n<td height=\"22\">Dinamarca<\/td>\n<td>Pol\u00f3nia<\/td>\n<\/tr>\n<tr>\n<td height=\"22\">Est\u00f3nia<\/td>\n<td>Portugal<\/td>\n<\/tr>\n<tr>\n<td height=\"22\">Finl\u00e2ndia<\/td>\n<td>Rom\u00e9nia<\/td>\n<\/tr>\n<tr>\n<td height=\"22\">Fran\u00e7a<\/td>\n<td>Eslov\u00e1quia<\/td>\n<\/tr>\n<tr>\n<td height=\"22\">Irlanda<\/td>\n<td>Eslov\u00e9nia<\/td>\n<\/tr>\n<tr>\n<td height=\"22\">Alemanha<\/td>\n<td>Espanha<\/td>\n<\/tr>\n<tr>\n<td height=\"22\">Gr\u00e9cia<\/td>\n<td>Su\u00e9cia<\/td>\n<\/tr>\n<tr>\n<td height=\"22\">Hungria<\/td>\n<td><\/td>\n<\/tr>\n<\/tbody>\n<\/table>\n<p>Para estes pa\u00edses, o m\u00e9todo de envio \u00e9 a entrega com direitos pagos, sem desalfandegamento e sem direitos para si.<\/p>","protected":false},"excerpt":{"rendered":"<p>As encomendas ser\u00e3o enviadas da China. Abaixo est\u00e3o os pa\u00edses para onde enviamos \u00c1ustria It\u00e1lia B\u00e9lgica Let\u00f3nia Bulg\u00e1ria Litu\u00e2nia Cro\u00e1cia Luxemburgo Rep\u00fablica Checa Pa\u00edses Baixos Dinamarca Pol\u00f3nia Est\u00f3nia Portugal Finl\u00e2ndia Rom\u00e9nia [...]<\/p>","protected":false},"author":1,"featured_media":0,"parent":0,"menu_order":0,"comment_status":"closed","ping_status":"closed","template":"","meta":{"om_disable_all_campaigns":false,"_monsterinsights_skip_tracking":false,"_monsterinsights_sitenote_active":false,"_monsterinsights_sitenote_note":"","_monsterinsights_sitenote_category":0,"footnotes":""},"class_list":["post-535","page","type-page","status-publish","hentry"],"aioseo_notices":[],"_links":{"self":[{"href":"https:\/\/www.vapecigwholesale.com\/pt\/wp-json\/wp\/v2\/pages\/535","targetHints":{"allow":["GET"]}}],"collection":[{"href":"https:\/\/www.vapecigwholesale.com\/pt\/wp-json\/wp\/v2\/pages"}],"about":[{"href":"https:\/\/www.vapecigwholesale.com\/pt\/wp-json\/wp\/v2\/types\/page"}],"author":[{"embeddable":true,"href":"https:\/\/www.vapecigwholesale.com\/pt\/wp-json\/wp\/v2\/users\/1"}],"replies":[{"embeddable":true,"href":"https:\/\/www.vapecigwholesale.com\/pt\/wp-json\/wp\/v2\/comments?post=535"}],"version-history":[{"count":0,"href":"https:\/\/www.vapecigwholesale.com\/pt\/wp-json\/wp\/v2\/pages\/535\/revisions"}],"wp:attachment":[{"href":"https:\/\/www.vapecigwholesale.com\/pt\/wp-json\/wp\/v2\/media?parent=535"}],"curies":[{"name":"wp","href":"https:\/\/api.w.org\/{rel}","templated":true}]}}