{"id":1148,"date":"2024-11-16T16:53:56","date_gmt":"2024-11-16T08:53:56","guid":{"rendered":"https:\/\/www.vapecigwholesale.com\/?post_type=product&#038;p=1148"},"modified":"2025-02-19T14:24:35","modified_gmt":"2025-02-19T06:24:35","slug":"vapsolo-twins-20000-puffs-disposable-vape-free-shipping","status":"publish","type":"product","link":"https:\/\/www.vapecigwholesale.com\/pt\/product\/vapsolo-twins-20000-puffs-vape-descartavel-envio-gratuito\/","title":{"rendered":"Vapsolo Twins 20000 Puffs Vape descart\u00e1vel Envio gratuito"},"content":{"rendered":"<p>O VapSolo Twins 20000 Puffs foi concebido para quem procura uma solu\u00e7\u00e3o de vaporiza\u00e7\u00e3o de alta capacidade e sem complica\u00e7\u00f5es. Com os seus impressionantes 25 ml de e-l\u00edquido pr\u00e9-cheio, os utilizadores podem desfrutar de at\u00e9 20000 baforadas por dispositivo, garantindo uma experi\u00eancia prolongada e satisfat\u00f3ria.<\/p>\n<p>O VapSolo Twins 20000 Puffs destaca-se por v\u00e1rias carater\u00edsticas-chave que melhoram o seu desempenho e a conveni\u00eancia do utilizador. A sua bateria recarreg\u00e1vel de 650mAh, carregada atrav\u00e9s de uma porta tipo C, garante o respeito pelo ambiente e a efici\u00eancia de custos. A avan\u00e7ada bobina de malha com uma resist\u00eancia de 0,6\u03a9 garante uma experi\u00eancia de vaporiza\u00e7\u00e3o suave e consistente. Al\u00e9m disso, o sistema de dep\u00f3sito duplo pr\u00e9-cheio com 25 ml de e-l\u00edquido permite combina\u00e7\u00f5es de sabores vers\u00e1teis.<\/p>\n<p>O dispositivo VapSolo Twins 20000 Puffs destina-se a utilizadores de nicotina ligeiros e pesados, com teores de nicotina dispon\u00edveis de 2% e 5%. O ecr\u00e3 inteligente fornece actualiza\u00e7\u00f5es em tempo real sobre a dura\u00e7\u00e3o da bateria e a contagem de baforadas, enquanto o sistema de fluxo de ar ajust\u00e1vel permite aos utilizadores personalizar a sua experi\u00eancia de vaporiza\u00e7\u00e3o. O kit de c\u00e1psulas ativado por sorteio facilita a sua utiliza\u00e7\u00e3o. O VapSolo Twins 20000 Puffs oferece 16 sabores duplos \u00e0 escolha.<\/p>\n<h2><strong>Vapsolo Twins 20000 Puffs Detalhes:<\/strong><\/h2>\n<ul>\n<li>2 em 1 Escolha multi-sabor<\/li>\n<li>Ecr\u00e3 inteligente<\/li>\n<li>Puff: At\u00e9 20000 baforadas<\/li>\n<li>Nicotina: 2%\/5%<\/li>\n<li>Bateria: 650mAh recarreg\u00e1vel<\/li>\n<li>N\u00facleo: Bobina de malha 1.0 \u03a9<\/li>\n<li>Recarreg\u00e1vel, porta de carregamento tipo C<\/li>\n<li>Bobina de malha dupla<\/li>\n<li>Controlo do fluxo de ar<\/li>\n<li>Kit de c\u00e1psulas activadas por desenho<\/li>\n<li>Dispositivo de vaporiza\u00e7\u00e3o MTL e f\u00e1cil de utilizar<\/li>\n<\/ul>\n<h2><strong>Vapsolo Twins 20000 Puffs Sabores dispon\u00edveis:<\/strong><\/h2>\n<ol>\n<li>Gelo de uva e Kiwi de morango<\/li>\n<li>Gelo de lima-lim\u00e3o e melancia<\/li>\n<li>Anan\u00e1s, coco e morango, banana<\/li>\n<li>Laranja, Manga, Melancia e Red Bull<\/li>\n<li>Banana com amora e cereja com g\u00e1s<\/li>\n<li>Gelado de morango, framboesa, cereja e uva<\/li>\n<li>Limonada Blue Razz e lima-lim\u00e3o<\/li>\n<li>Gelado de melancia e mistura de frutos silvestres<\/li>\n<li>Gelo de melancia e manga com morango<\/li>\n<li>Mel\u00e3o triplo e melancia com framboesa<\/li>\n<li>Black Ice Fruta do drag\u00e3o Morango e framboesa Melancia<\/li>\n<li>Gelado de morango e melancia com manga e p\u00eassego<\/li>\n<li>Gelo de anan\u00e1s, coco e melancia<\/li>\n<li>Morango Kiw&amp; Morango Framboesa Chery Ice<\/li>\n<li>Mel\u00e3o triplo e anan\u00e1s de coco<\/li>\n<li>Gelo de mirtilo e cereja com g\u00e1s<\/li>\n<\/ol>\n<h2><strong>Lista de embalagem:<\/strong><\/h2>\n<p>1 unidade de cada caixa pequena<br \/>\n10 unidades de cada caixa interm\u00e9dia<br \/>\n200 unidades por caixa<\/p>\n<p><img fetchpriority=\"high\" decoding=\"async\" class=\"wp-image-1129 size-full\" title=\"Vapsolo Twins 20000 Puffs Vape descart\u00e1vel Envio gratuito 9\" src=\"https:\/\/www.vapecigwholesale.com\/wp-content\/uploads\/2024\/11\/Vapsolo-Twins-20000-Puffs-Disposable-Vape-Free-Shipping-9.webp\" alt=\"Vapsolo Twins 20000 Puffs Vape descart\u00e1vel Envio gratuito 9\" width=\"800\" height=\"800\" srcset=\"https:\/\/www.vapecigwholesale.com\/wp-content\/uploads\/2024\/11\/Vapsolo-Twins-20000-Puffs-Disposable-Vape-Free-Shipping-9.webp 800w, https:\/\/www.vapecigwholesale.com\/wp-content\/uploads\/2024\/11\/Vapsolo-Twins-20000-Puffs-Disposable-Vape-Free-Shipping-9-300x300.webp 300w, https:\/\/www.vapecigwholesale.com\/wp-content\/uploads\/2024\/11\/Vapsolo-Twins-20000-Puffs-Disposable-Vape-Free-Shipping-9-150x150.webp 150w, https:\/\/www.vapecigwholesale.com\/wp-content\/uploads\/2024\/11\/Vapsolo-Twins-20000-Puffs-Disposable-Vape-Free-Shipping-9-768x768.webp 768w, https:\/\/www.vapecigwholesale.com\/wp-content\/uploads\/2024\/11\/Vapsolo-Twins-20000-Puffs-Disposable-Vape-Free-Shipping-9-12x12.webp 12w, https:\/\/www.vapecigwholesale.com\/wp-content\/uploads\/2024\/11\/Vapsolo-Twins-20000-Puffs-Disposable-Vape-Free-Shipping-9-575x575.webp 575w, https:\/\/www.vapecigwholesale.com\/wp-content\/uploads\/2024\/11\/Vapsolo-Twins-20000-Puffs-Disposable-Vape-Free-Shipping-9-380x380.webp 380w, https:\/\/www.vapecigwholesale.com\/wp-content\/uploads\/2024\/11\/Vapsolo-Twins-20000-Puffs-Disposable-Vape-Free-Shipping-9-50x50.webp 50w, https:\/\/www.vapecigwholesale.com\/wp-content\/uploads\/2024\/11\/Vapsolo-Twins-20000-Puffs-Disposable-Vape-Free-Shipping-9-26x26.webp 26w, https:\/\/www.vapecigwholesale.com\/wp-content\/uploads\/2024\/11\/Vapsolo-Twins-20000-Puffs-Disposable-Vape-Free-Shipping-9-420x420.webp 420w, https:\/\/www.vapecigwholesale.com\/wp-content\/uploads\/2024\/11\/Vapsolo-Twins-20000-Puffs-Disposable-Vape-Free-Shipping-9-100x100.webp 100w, https:\/\/www.vapecigwholesale.com\/wp-content\/uploads\/2024\/11\/Vapsolo-Twins-20000-Puffs-Disposable-Vape-Free-Shipping-9-80x80.webp 80w\" sizes=\"(max-width: 800px) 100vw, 800px\" \/><\/p>\n<figure id=\"attachment_1130\" aria-describedby=\"caption-attachment-1130\" style=\"width: 800px\" class=\"wp-caption alignnone\"><img decoding=\"async\" class=\"wp-image-1130 size-full\" title=\"Vapsolo Twins 20000 Puffs Vape descart\u00e1vel Envio gr\u00e1tis 10\" src=\"https:\/\/www.vapecigwholesale.com\/wp-content\/uploads\/2024\/11\/Vapsolo-Twins-20000-Puffs-Disposable-Vape-Free-Shipping-10.webp\" alt=\"Vapsolo Twins 20000 Puffs Vape descart\u00e1vel Envio gr\u00e1tis 10\" width=\"800\" height=\"700\" srcset=\"https:\/\/www.vapecigwholesale.com\/wp-content\/uploads\/2024\/11\/Vapsolo-Twins-20000-Puffs-Disposable-Vape-Free-Shipping-10.webp 800w, https:\/\/www.vapecigwholesale.com\/wp-content\/uploads\/2024\/11\/Vapsolo-Twins-20000-Puffs-Disposable-Vape-Free-Shipping-10-300x263.webp 300w, https:\/\/www.vapecigwholesale.com\/wp-content\/uploads\/2024\/11\/Vapsolo-Twins-20000-Puffs-Disposable-Vape-Free-Shipping-10-768x672.webp 768w, https:\/\/www.vapecigwholesale.com\/wp-content\/uploads\/2024\/11\/Vapsolo-Twins-20000-Puffs-Disposable-Vape-Free-Shipping-10-14x12.webp 14w, https:\/\/www.vapecigwholesale.com\/wp-content\/uploads\/2024\/11\/Vapsolo-Twins-20000-Puffs-Disposable-Vape-Free-Shipping-10-575x503.webp 575w, https:\/\/www.vapecigwholesale.com\/wp-content\/uploads\/2024\/11\/Vapsolo-Twins-20000-Puffs-Disposable-Vape-Free-Shipping-10-380x333.webp 380w, https:\/\/www.vapecigwholesale.com\/wp-content\/uploads\/2024\/11\/Vapsolo-Twins-20000-Puffs-Disposable-Vape-Free-Shipping-10-80x70.webp 80w\" sizes=\"(max-width: 800px) 100vw, 800px\" \/><figcaption id=\"caption-attachment-1130\" class=\"wp-caption-text\">Vapsolo Twins 20000 Puffs Vape descart\u00e1vel Envio gratuito<\/figcaption><\/figure>","protected":false},"excerpt":{"rendered":"<p>Pre\u00e7o apenas para 1 unidade Envio gratuito<\/p>\n<p>(<strong>2%, 5% Nic<\/strong>)\u00a0 \u00a0 \u00a0\u00a0<strong>Prazo de expedi\u00e7\u00e3o: 2 semanas<\/strong><\/p>","protected":false},"featured_media":1123,"comment_status":"open","ping_status":"closed","template":"","meta":{"om_disable_all_campaigns":false,"_monsterinsights_skip_tracking":false,"_monsterinsights_sitenote_active":false,"_monsterinsights_sitenote_note":"","_monsterinsights_sitenote_category":0},"product_brand":[],"product_cat":[15],"product_tag":[],"class_list":{"0":"post-1148","1":"product","2":"type-product","3":"status-publish","4":"has-post-thumbnail","6":"product_cat-disposable-vape","8":"first","9":"instock","10":"featured","11":"shipping-taxable","12":"purchasable","13":"product-type-variable","14":"has-default-attributes"},"aioseo_notices":[],"_links":{"self":[{"href":"https:\/\/www.vapecigwholesale.com\/pt\/wp-json\/wp\/v2\/product\/1148","targetHints":{"allow":["GET"]}}],"collection":[{"href":"https:\/\/www.vapecigwholesale.com\/pt\/wp-json\/wp\/v2\/product"}],"about":[{"href":"https:\/\/www.vapecigwholesale.com\/pt\/wp-json\/wp\/v2\/types\/product"}],"replies":[{"embeddable":true,"href":"https:\/\/www.vapecigwholesale.com\/pt\/wp-json\/wp\/v2\/comments?post=1148"}],"wp:featuredmedia":[{"embeddable":true,"href":"https:\/\/www.vapecigwholesale.com\/pt\/wp-json\/wp\/v2\/media\/1123"}],"wp:attachment":[{"href":"https:\/\/www.vapecigwholesale.com\/pt\/wp-json\/wp\/v2\/media?parent=1148"}],"wp:term":[{"taxonomy":"product_brand","embeddable":true,"href":"https:\/\/www.vapecigwholesale.com\/pt\/wp-json\/wp\/v2\/product_brand?post=1148"},{"taxonomy":"product_cat","embeddable":true,"href":"https:\/\/www.vapecigwholesale.com\/pt\/wp-json\/wp\/v2\/product_cat?post=1148"},{"taxonomy":"product_tag","embeddable":true,"href":"https:\/\/www.vapecigwholesale.com\/pt\/wp-json\/wp\/v2\/product_tag?post=1148"}],"curies":[{"name":"wp","href":"https:\/\/api.w.org\/{rel}","templated":true}]}}