{"id":1214,"date":"2024-11-16T18:18:24","date_gmt":"2024-11-16T10:18:24","guid":{"rendered":"https:\/\/www.vapecigwholesale.com\/?post_type=product&#038;p=1214"},"modified":"2025-02-19T14:21:48","modified_gmt":"2025-02-19T06:21:48","slug":"uwin-crystal-10000-puffs-disposable-vape-free-shipping","status":"publish","type":"product","link":"https:\/\/www.vapecigwholesale.com\/pt\/product\/uwin-crystal-10000-puffs-vape-descartavel-envio-gratuito\/","title":{"rendered":"Uwin Crystal 10000 Puffs Vape descart\u00e1vel Envio gratuito"},"content":{"rendered":"<p>O Vape descart\u00e1vel Uwin Crystal 10000 Puffs \u00e9 um concorrente not\u00e1vel no mercado dos vape descart\u00e1veis, concebido para satisfazer tanto os utilizadores principiantes como os experientes. Um dos seus atributos mais impressionantes \u00e9 a sua contagem substancial de baforadas, oferecendo at\u00e9 10000 baforadas por dispositivo. Esta carater\u00edstica n\u00e3o s\u00f3 melhora a experi\u00eancia global de vaporiza\u00e7\u00e3o, como tamb\u00e9m proporciona um excelente valor para os utilizadores que procuram longevidade nas suas escolhas de vape descart\u00e1vel.<\/p>\n<p>A bateria Uwin Crystal 10000 Puffs \u00e9 outra carater\u00edstica essencial, pois foi concebida para suportar a impressionante contagem de baforadas sem necessitar de recargas frequentes. Esta funcionalidade torna-o ideal para os utilizadores que preferem uma sess\u00e3o de vaporiza\u00e7\u00e3o fi\u00e1vel e ininterrupta. No geral, o Vape descart\u00e1vel UWIN CRYSTAL 10000 Puffs combina design inovador, variedade de sabores e desempenho duradouro, distinguindo-se como uma das melhores escolhas entre os vapes descart\u00e1veis dispon\u00edveis no mercado atualmente.<\/p>\n<h2><strong>Uwin Crystal 10000 Puffs Detalhes:<\/strong><\/h2>\n<ul>\n<li>2%\/5%Nic<\/li>\n<li>18ML<\/li>\n<li>Bobina de malha<\/li>\n<li>Bateria recarreg\u00e1vel<\/li>\n<li>Bateria integrada de 850mAh<\/li>\n<li>15 sabores dispon\u00edveis<\/li>\n<\/ul>\n<h2><strong>Uwin Crystal 10000 Puffs Sabores dispon\u00edveis:<\/strong><\/h2>\n<ol>\n<li>Gelo de melancia<\/li>\n<li>Mirtilo Framboesa<\/li>\n<li>Gelo de uva<\/li>\n<li>Melancia com morango<\/li>\n<li>Mirtilo no gelo<\/li>\n<li>Gelo de cereja<\/li>\n<li>Kiwi Maracuj\u00e1 Goiaba<\/li>\n<li>Gelo de morango<\/li>\n<li>Morango Framboesa Cereja<\/li>\n<li>Gelo de p\u00eassego<\/li>\n<li>Morango Kiwi<\/li>\n<li>Cola de cereja<\/li>\n<li>Baga mista<\/li>\n<li>Sr. Blue<\/li>\n<li>Baga de p\u00eassego<\/li>\n<\/ol>\n<h2><strong>Lista de embalagem:<\/strong><\/h2>\n<p>1 unidade de cada caixa pequena<br \/>\n10 unidades de cada caixa interm\u00e9dia<br \/>\n200 unidades por caixa<\/p>\n<figure id=\"attachment_1196\" aria-describedby=\"caption-attachment-1196\" style=\"width: 800px\" class=\"wp-caption alignnone\"><img fetchpriority=\"high\" decoding=\"async\" class=\"wp-image-1196 size-full\" title=\"Uwin Crystal 10000 Puffs Vape descart\u00e1vel Envio gratuito 4\" src=\"https:\/\/www.vapecigwholesale.com\/wp-content\/uploads\/2024\/11\/Uwin-Crystal-10000-Puffs-Disposable-Vape-Free-Shipping-4.webp\" alt=\"Uwin Crystal 10000 Puffs Vape descart\u00e1vel Envio gratuito 4\" width=\"800\" height=\"1274\" srcset=\"https:\/\/www.vapecigwholesale.com\/wp-content\/uploads\/2024\/11\/Uwin-Crystal-10000-Puffs-Disposable-Vape-Free-Shipping-4.webp 800w, https:\/\/www.vapecigwholesale.com\/wp-content\/uploads\/2024\/11\/Uwin-Crystal-10000-Puffs-Disposable-Vape-Free-Shipping-4-188x300.webp 188w, https:\/\/www.vapecigwholesale.com\/wp-content\/uploads\/2024\/11\/Uwin-Crystal-10000-Puffs-Disposable-Vape-Free-Shipping-4-643x1024.webp 643w, https:\/\/www.vapecigwholesale.com\/wp-content\/uploads\/2024\/11\/Uwin-Crystal-10000-Puffs-Disposable-Vape-Free-Shipping-4-768x1223.webp 768w, https:\/\/www.vapecigwholesale.com\/wp-content\/uploads\/2024\/11\/Uwin-Crystal-10000-Puffs-Disposable-Vape-Free-Shipping-4-8x12.webp 8w, https:\/\/www.vapecigwholesale.com\/wp-content\/uploads\/2024\/11\/Uwin-Crystal-10000-Puffs-Disposable-Vape-Free-Shipping-4-575x916.webp 575w, https:\/\/www.vapecigwholesale.com\/wp-content\/uploads\/2024\/11\/Uwin-Crystal-10000-Puffs-Disposable-Vape-Free-Shipping-4-380x605.webp 380w, https:\/\/www.vapecigwholesale.com\/wp-content\/uploads\/2024\/11\/Uwin-Crystal-10000-Puffs-Disposable-Vape-Free-Shipping-4-63x100.webp 63w\" sizes=\"(max-width: 800px) 100vw, 800px\" \/><figcaption id=\"caption-attachment-1196\" class=\"wp-caption-text\"><img decoding=\"async\" class=\"wp-image-1195 size-full\" title=\"Uwin Crystal 10000 Puffs Vape descart\u00e1vel Envio gratuito 3\" src=\"https:\/\/www.vapecigwholesale.com\/wp-content\/uploads\/2024\/11\/Uwin-Crystal-10000-Puffs-Disposable-Vape-Free-Shipping-3.webp\" alt=\"Uwin Crystal 10000 Puffs Vape descart\u00e1vel Envio gratuito 3\" width=\"800\" height=\"800\" srcset=\"https:\/\/www.vapecigwholesale.com\/wp-content\/uploads\/2024\/11\/Uwin-Crystal-10000-Puffs-Disposable-Vape-Free-Shipping-3.webp 800w, https:\/\/www.vapecigwholesale.com\/wp-content\/uploads\/2024\/11\/Uwin-Crystal-10000-Puffs-Disposable-Vape-Free-Shipping-3-300x300.webp 300w, https:\/\/www.vapecigwholesale.com\/wp-content\/uploads\/2024\/11\/Uwin-Crystal-10000-Puffs-Disposable-Vape-Free-Shipping-3-150x150.webp 150w, https:\/\/www.vapecigwholesale.com\/wp-content\/uploads\/2024\/11\/Uwin-Crystal-10000-Puffs-Disposable-Vape-Free-Shipping-3-768x768.webp 768w, https:\/\/www.vapecigwholesale.com\/wp-content\/uploads\/2024\/11\/Uwin-Crystal-10000-Puffs-Disposable-Vape-Free-Shipping-3-12x12.webp 12w, https:\/\/www.vapecigwholesale.com\/wp-content\/uploads\/2024\/11\/Uwin-Crystal-10000-Puffs-Disposable-Vape-Free-Shipping-3-575x575.webp 575w, https:\/\/www.vapecigwholesale.com\/wp-content\/uploads\/2024\/11\/Uwin-Crystal-10000-Puffs-Disposable-Vape-Free-Shipping-3-380x380.webp 380w, https:\/\/www.vapecigwholesale.com\/wp-content\/uploads\/2024\/11\/Uwin-Crystal-10000-Puffs-Disposable-Vape-Free-Shipping-3-50x50.webp 50w, https:\/\/www.vapecigwholesale.com\/wp-content\/uploads\/2024\/11\/Uwin-Crystal-10000-Puffs-Disposable-Vape-Free-Shipping-3-26x26.webp 26w, https:\/\/www.vapecigwholesale.com\/wp-content\/uploads\/2024\/11\/Uwin-Crystal-10000-Puffs-Disposable-Vape-Free-Shipping-3-420x420.webp 420w, https:\/\/www.vapecigwholesale.com\/wp-content\/uploads\/2024\/11\/Uwin-Crystal-10000-Puffs-Disposable-Vape-Free-Shipping-3-100x100.webp 100w, https:\/\/www.vapecigwholesale.com\/wp-content\/uploads\/2024\/11\/Uwin-Crystal-10000-Puffs-Disposable-Vape-Free-Shipping-3-80x80.webp 80w\" sizes=\"(max-width: 800px) 100vw, 800px\" \/><\/figcaption><\/figure>","protected":false},"excerpt":{"rendered":"<p>Pre\u00e7o apenas para 1 unidade Envio gratuito<\/p>\n<p>(<strong>2%, 5% Nic<\/strong>)\u00a0 \u00a0 \u00a0\u00a0<strong>Prazo de expedi\u00e7\u00e3o: 2 semanas<\/strong><\/p>","protected":false},"featured_media":1198,"comment_status":"open","ping_status":"closed","template":"","meta":{"om_disable_all_campaigns":false,"_monsterinsights_skip_tracking":false,"_monsterinsights_sitenote_active":false,"_monsterinsights_sitenote_note":"","_monsterinsights_sitenote_category":0},"product_brand":[],"product_cat":[15],"product_tag":[],"class_list":{"0":"post-1214","1":"product","2":"type-product","3":"status-publish","4":"has-post-thumbnail","6":"product_cat-disposable-vape","8":"first","9":"instock","10":"featured","11":"shipping-taxable","12":"purchasable","13":"product-type-variable","14":"has-default-attributes"},"aioseo_notices":[],"_links":{"self":[{"href":"https:\/\/www.vapecigwholesale.com\/pt\/wp-json\/wp\/v2\/product\/1214","targetHints":{"allow":["GET"]}}],"collection":[{"href":"https:\/\/www.vapecigwholesale.com\/pt\/wp-json\/wp\/v2\/product"}],"about":[{"href":"https:\/\/www.vapecigwholesale.com\/pt\/wp-json\/wp\/v2\/types\/product"}],"replies":[{"embeddable":true,"href":"https:\/\/www.vapecigwholesale.com\/pt\/wp-json\/wp\/v2\/comments?post=1214"}],"wp:featuredmedia":[{"embeddable":true,"href":"https:\/\/www.vapecigwholesale.com\/pt\/wp-json\/wp\/v2\/media\/1198"}],"wp:attachment":[{"href":"https:\/\/www.vapecigwholesale.com\/pt\/wp-json\/wp\/v2\/media?parent=1214"}],"wp:term":[{"taxonomy":"product_brand","embeddable":true,"href":"https:\/\/www.vapecigwholesale.com\/pt\/wp-json\/wp\/v2\/product_brand?post=1214"},{"taxonomy":"product_cat","embeddable":true,"href":"https:\/\/www.vapecigwholesale.com\/pt\/wp-json\/wp\/v2\/product_cat?post=1214"},{"taxonomy":"product_tag","embeddable":true,"href":"https:\/\/www.vapecigwholesale.com\/pt\/wp-json\/wp\/v2\/product_tag?post=1214"}],"curies":[{"name":"wp","href":"https:\/\/api.w.org\/{rel}","templated":true}]}}