{"id":1250,"date":"2024-11-18T12:11:02","date_gmt":"2024-11-18T04:11:02","guid":{"rendered":"https:\/\/www.vapecigwholesale.com\/?post_type=product&#038;p=1250"},"modified":"2025-02-19T14:20:24","modified_gmt":"2025-02-19T06:20:24","slug":"bang-king-30k-double-flavors-disposable-vape-free-shipping","status":"publish","type":"product","link":"https:\/\/www.vapecigwholesale.com\/pt\/product\/bang-king-30k-duplo-sabor-vape-descartavel-envio-gratuito\/","title":{"rendered":"Bang king 30k Double Flavors Vape descart\u00e1vel Envio gratuito"},"content":{"rendered":"<p>O Bang king 30k Double Flavors Disposable Vape \u00e9 um dispositivo de topo no mundo dos cigarros electr\u00f3nicos, com uma impressionante contagem de baforadas que ultrapassa a maioria dos vapores descart\u00e1veis no mercado. Este dispositivo n\u00e3o \u00e9 apenas uma quest\u00e3o de quantidade, mas tamb\u00e9m de qualidade, assegurando que cada tragada \u00e9 t\u00e3o satisfat\u00f3ria como a primeira. Com a sua capacidade substancial de 36 ml de e-l\u00edquido e a inovadora fun\u00e7\u00e3o de comuta\u00e7\u00e3o de duplo sabor, este vape oferece versatilidade e conveni\u00eancia numa embalagem elegante.<\/p>\n<p>O vape descart\u00e1vel Bang king 30k Double Flavors \u00e9 alimentado por uma fi\u00e1vel bateria recarreg\u00e1vel de 550mAh, associada a uma porta Tipo C para um carregamento r\u00e1pido e eficiente. O visor digital LCD do dispositivo mant\u00e9m-no informado sobre a dura\u00e7\u00e3o da bateria e os n\u00edveis de e-l\u00edquido, assegurando uma experi\u00eancia perfeita e f\u00e1cil de utilizar. Quer prefira uma concentra\u00e7\u00e3o de nicotina de 2%, 3% ou 5%, o Bang King 30000 permite-lhe personalizar a sua experi\u00eancia de vaporiza\u00e7\u00e3o de acordo com as suas necessidades.<\/p>\n<h2>Bang king 30k Double Flavors Detalhes:<\/h2>\n<ul>\n<li>Puffs: At\u00e9 30000 Puffs<\/li>\n<li>L\u00edquido: 36 ml Pr\u00e9-cheio<\/li>\n<li>Sabores duplos<\/li>\n<li>Nicotina: 0% 2% 3% 5%<\/li>\n<li>N\u00facleo: Bobina de malha 1.0 ohm<\/li>\n<li>Bateria: 550 mAh recarreg\u00e1vel tipo-c<\/li>\n<\/ul>\n<h2><strong>Bang 30000 Puffs Sabores duplos dispon\u00edveis:<\/strong><\/h2>\n<ol>\n<li>Gelo de melancia e menta de mirtilo<\/li>\n<li>Gelo de melancia, morango e manga<\/li>\n<li>Morango Melancia e Kiwi Maracuj\u00e1 Goiaba<\/li>\n<li>Gelado de morango, melancia e uva<\/li>\n<li>Gelo de mirtilo e gelo de drag\u00e3o negro<\/li>\n<li>Gelo de mirtilo, morango e banana<\/li>\n<li>Red Bull e melancia com mirtilo<\/li>\n<li>Red Bull e rebu\u00e7ados de melancia<\/li>\n<li>Mirtilo Framboesa e P\u00eassego Manga Melancia<\/li>\n<li>Mirtilo Framboesa e Frutos Mistos com Bolor<\/li>\n<li>Gelado de morango, kiwi e p\u00eassego<\/li>\n<li>Morango Kiwi e Ma\u00e7\u00e3 \u00c1cida Framboesa<\/li>\n<\/ol>\n<h2><strong>Lista de embalagem:<\/strong><\/h2>\n<p>1 unidade de cada caixa pequena<br \/>\n10 unidades de cada caixa interm\u00e9dia<br \/>\n200 unidades por caixa<\/p>\n<p><img fetchpriority=\"high\" decoding=\"async\" class=\"alignnone wp-image-1236 size-full\" title=\"Bang king 30k Sabores duplos Vape descart\u00e1vel Envio gratuito 7\" src=\"https:\/\/www.vapecigwholesale.com\/wp-content\/uploads\/2024\/11\/Bang-king-30k-Double-Flavors-Disposable-Vape-Free-Shipping-7.webp\" alt=\"Bang king 30k Sabores duplos Vape descart\u00e1vel Envio gratuito 7\" width=\"800\" height=\"800\" srcset=\"https:\/\/www.vapecigwholesale.com\/wp-content\/uploads\/2024\/11\/Bang-king-30k-Double-Flavors-Disposable-Vape-Free-Shipping-7.webp 800w, https:\/\/www.vapecigwholesale.com\/wp-content\/uploads\/2024\/11\/Bang-king-30k-Double-Flavors-Disposable-Vape-Free-Shipping-7-300x300.webp 300w, https:\/\/www.vapecigwholesale.com\/wp-content\/uploads\/2024\/11\/Bang-king-30k-Double-Flavors-Disposable-Vape-Free-Shipping-7-150x150.webp 150w, https:\/\/www.vapecigwholesale.com\/wp-content\/uploads\/2024\/11\/Bang-king-30k-Double-Flavors-Disposable-Vape-Free-Shipping-7-768x768.webp 768w, https:\/\/www.vapecigwholesale.com\/wp-content\/uploads\/2024\/11\/Bang-king-30k-Double-Flavors-Disposable-Vape-Free-Shipping-7-12x12.webp 12w, https:\/\/www.vapecigwholesale.com\/wp-content\/uploads\/2024\/11\/Bang-king-30k-Double-Flavors-Disposable-Vape-Free-Shipping-7-575x575.webp 575w, https:\/\/www.vapecigwholesale.com\/wp-content\/uploads\/2024\/11\/Bang-king-30k-Double-Flavors-Disposable-Vape-Free-Shipping-7-380x380.webp 380w, https:\/\/www.vapecigwholesale.com\/wp-content\/uploads\/2024\/11\/Bang-king-30k-Double-Flavors-Disposable-Vape-Free-Shipping-7-50x50.webp 50w, https:\/\/www.vapecigwholesale.com\/wp-content\/uploads\/2024\/11\/Bang-king-30k-Double-Flavors-Disposable-Vape-Free-Shipping-7-26x26.webp 26w, https:\/\/www.vapecigwholesale.com\/wp-content\/uploads\/2024\/11\/Bang-king-30k-Double-Flavors-Disposable-Vape-Free-Shipping-7-420x420.webp 420w, https:\/\/www.vapecigwholesale.com\/wp-content\/uploads\/2024\/11\/Bang-king-30k-Double-Flavors-Disposable-Vape-Free-Shipping-7-100x100.webp 100w, https:\/\/www.vapecigwholesale.com\/wp-content\/uploads\/2024\/11\/Bang-king-30k-Double-Flavors-Disposable-Vape-Free-Shipping-7-80x80.webp 80w\" sizes=\"(max-width: 800px) 100vw, 800px\" \/><\/p>\n<p><img decoding=\"async\" class=\"wp-image-1231 size-full\" title=\"Bang king 30k Sabores duplos Vape descart\u00e1vel Envio gratuito 2\" src=\"https:\/\/www.vapecigwholesale.com\/wp-content\/uploads\/2024\/11\/Bang-king-30k-Double-Flavors-Disposable-Vape-Free-Shipping-2.webp\" alt=\"Bang king 30k Sabores duplos Vape descart\u00e1vel Envio gratuito 2\" width=\"800\" height=\"800\" srcset=\"https:\/\/www.vapecigwholesale.com\/wp-content\/uploads\/2024\/11\/Bang-king-30k-Double-Flavors-Disposable-Vape-Free-Shipping-2.webp 800w, https:\/\/www.vapecigwholesale.com\/wp-content\/uploads\/2024\/11\/Bang-king-30k-Double-Flavors-Disposable-Vape-Free-Shipping-2-300x300.webp 300w, https:\/\/www.vapecigwholesale.com\/wp-content\/uploads\/2024\/11\/Bang-king-30k-Double-Flavors-Disposable-Vape-Free-Shipping-2-150x150.webp 150w, https:\/\/www.vapecigwholesale.com\/wp-content\/uploads\/2024\/11\/Bang-king-30k-Double-Flavors-Disposable-Vape-Free-Shipping-2-768x768.webp 768w, https:\/\/www.vapecigwholesale.com\/wp-content\/uploads\/2024\/11\/Bang-king-30k-Double-Flavors-Disposable-Vape-Free-Shipping-2-12x12.webp 12w, https:\/\/www.vapecigwholesale.com\/wp-content\/uploads\/2024\/11\/Bang-king-30k-Double-Flavors-Disposable-Vape-Free-Shipping-2-575x575.webp 575w, https:\/\/www.vapecigwholesale.com\/wp-content\/uploads\/2024\/11\/Bang-king-30k-Double-Flavors-Disposable-Vape-Free-Shipping-2-380x380.webp 380w, https:\/\/www.vapecigwholesale.com\/wp-content\/uploads\/2024\/11\/Bang-king-30k-Double-Flavors-Disposable-Vape-Free-Shipping-2-50x50.webp 50w, https:\/\/www.vapecigwholesale.com\/wp-content\/uploads\/2024\/11\/Bang-king-30k-Double-Flavors-Disposable-Vape-Free-Shipping-2-26x26.webp 26w, https:\/\/www.vapecigwholesale.com\/wp-content\/uploads\/2024\/11\/Bang-king-30k-Double-Flavors-Disposable-Vape-Free-Shipping-2-420x420.webp 420w, https:\/\/www.vapecigwholesale.com\/wp-content\/uploads\/2024\/11\/Bang-king-30k-Double-Flavors-Disposable-Vape-Free-Shipping-2-100x100.webp 100w, https:\/\/www.vapecigwholesale.com\/wp-content\/uploads\/2024\/11\/Bang-king-30k-Double-Flavors-Disposable-Vape-Free-Shipping-2-80x80.webp 80w\" sizes=\"(max-width: 800px) 100vw, 800px\" \/><\/p>\n<p><img decoding=\"async\" class=\"wp-image-1237 size-full\" title=\"Bang king 30k Sabores duplos Vape descart\u00e1vel Envio gratuito 8\" src=\"https:\/\/www.vapecigwholesale.com\/wp-content\/uploads\/2024\/11\/Bang-king-30k-Double-Flavors-Disposable-Vape-Free-Shipping-8.webp\" alt=\"Bang king 30k Sabores duplos Vape descart\u00e1vel Envio gratuito 8\" width=\"800\" height=\"1747\" srcset=\"https:\/\/www.vapecigwholesale.com\/wp-content\/uploads\/2024\/11\/Bang-king-30k-Double-Flavors-Disposable-Vape-Free-Shipping-8.webp 800w, https:\/\/www.vapecigwholesale.com\/wp-content\/uploads\/2024\/11\/Bang-king-30k-Double-Flavors-Disposable-Vape-Free-Shipping-8-137x300.webp 137w, https:\/\/www.vapecigwholesale.com\/wp-content\/uploads\/2024\/11\/Bang-king-30k-Double-Flavors-Disposable-Vape-Free-Shipping-8-469x1024.webp 469w, https:\/\/www.vapecigwholesale.com\/wp-content\/uploads\/2024\/11\/Bang-king-30k-Double-Flavors-Disposable-Vape-Free-Shipping-8-768x1677.webp 768w, https:\/\/www.vapecigwholesale.com\/wp-content\/uploads\/2024\/11\/Bang-king-30k-Double-Flavors-Disposable-Vape-Free-Shipping-8-703x1536.webp 703w, https:\/\/www.vapecigwholesale.com\/wp-content\/uploads\/2024\/11\/Bang-king-30k-Double-Flavors-Disposable-Vape-Free-Shipping-8-5x12.webp 5w, https:\/\/www.vapecigwholesale.com\/wp-content\/uploads\/2024\/11\/Bang-king-30k-Double-Flavors-Disposable-Vape-Free-Shipping-8-575x1256.webp 575w, https:\/\/www.vapecigwholesale.com\/wp-content\/uploads\/2024\/11\/Bang-king-30k-Double-Flavors-Disposable-Vape-Free-Shipping-8-380x830.webp 380w, https:\/\/www.vapecigwholesale.com\/wp-content\/uploads\/2024\/11\/Bang-king-30k-Double-Flavors-Disposable-Vape-Free-Shipping-8-46x100.webp 46w\" sizes=\"(max-width: 800px) 100vw, 800px\" \/><\/p>","protected":false},"excerpt":{"rendered":"<p>Pre\u00e7o apenas para 1 unidade Envio gratuito<\/p>\n<p>(\u00a0<strong>0% 2% 3% 5% Nic<\/strong>)\u00a0 \u00a0 \u00a0<strong>Prazo de expedi\u00e7\u00e3o: 2 semanas<\/strong><\/p>","protected":false},"featured_media":1248,"comment_status":"open","ping_status":"closed","template":"","meta":{"om_disable_all_campaigns":false,"_monsterinsights_skip_tracking":false,"_monsterinsights_sitenote_active":false,"_monsterinsights_sitenote_note":"","_monsterinsights_sitenote_category":0},"product_brand":[],"product_cat":[15],"product_tag":[],"class_list":{"0":"post-1250","1":"product","2":"type-product","3":"status-publish","4":"has-post-thumbnail","6":"product_cat-disposable-vape","8":"first","9":"instock","10":"featured","11":"shipping-taxable","12":"purchasable","13":"product-type-variable","14":"has-default-attributes"},"aioseo_notices":[],"_links":{"self":[{"href":"https:\/\/www.vapecigwholesale.com\/pt\/wp-json\/wp\/v2\/product\/1250","targetHints":{"allow":["GET"]}}],"collection":[{"href":"https:\/\/www.vapecigwholesale.com\/pt\/wp-json\/wp\/v2\/product"}],"about":[{"href":"https:\/\/www.vapecigwholesale.com\/pt\/wp-json\/wp\/v2\/types\/product"}],"replies":[{"embeddable":true,"href":"https:\/\/www.vapecigwholesale.com\/pt\/wp-json\/wp\/v2\/comments?post=1250"}],"wp:featuredmedia":[{"embeddable":true,"href":"https:\/\/www.vapecigwholesale.com\/pt\/wp-json\/wp\/v2\/media\/1248"}],"wp:attachment":[{"href":"https:\/\/www.vapecigwholesale.com\/pt\/wp-json\/wp\/v2\/media?parent=1250"}],"wp:term":[{"taxonomy":"product_brand","embeddable":true,"href":"https:\/\/www.vapecigwholesale.com\/pt\/wp-json\/wp\/v2\/product_brand?post=1250"},{"taxonomy":"product_cat","embeddable":true,"href":"https:\/\/www.vapecigwholesale.com\/pt\/wp-json\/wp\/v2\/product_cat?post=1250"},{"taxonomy":"product_tag","embeddable":true,"href":"https:\/\/www.vapecigwholesale.com\/pt\/wp-json\/wp\/v2\/product_tag?post=1250"}],"curies":[{"name":"wp","href":"https:\/\/api.w.org\/{rel}","templated":true}]}}