{"id":1370,"date":"2024-11-25T11:57:43","date_gmt":"2024-11-25T03:57:43","guid":{"rendered":"https:\/\/www.vapecigwholesale.com\/?post_type=product&#038;p=1370"},"modified":"2025-02-19T14:15:07","modified_gmt":"2025-02-19T06:15:07","slug":"bang-kingdoms-rex-32k-dual-flavors-disposable-vape-free-shipping","status":"publish","type":"product","link":"https:\/\/www.vapecigwholesale.com\/pt\/product\/bang-kingdoms-rex-32k-dual-flavors-vape-descartavel-envio-gratuito\/","title":{"rendered":"Bang Kingdoms Rex 32K Dual Flavors Vape descart\u00e1vel Envio gratuito"},"content":{"rendered":"<p>Bang Kingdoms Rex 32K Dual Flavors \u00e9 um novo produto de sabor duplo, s\u00f3 precisa de comprar um produto para desfrutar de dois sabores diferentes, utilizando o bocal do produto para se deslocar para a esquerda e para a direita para conseguir a mudan\u00e7a de sabor. \u00c9 muito mais c\u00f3modo mudar de sabor do que a anterior rota\u00e7\u00e3o de 360 graus.<\/p>\n<p>Bang Kingdoms Rex 32K Dual Flavors Equipado com uma bateria de 650mAh com porta de carregamento typc-c, aqui est\u00e3o 12 sabores para escolher. Alterna entre dois sabores sem esfor\u00e7o, proporcionando uma experi\u00eancia de vaporiza\u00e7\u00e3o vers\u00e1til e agrad\u00e1vel. Design de malha dupla Aumenta a produ\u00e7\u00e3o de vapor e real\u00e7a o sabor, proporcionando aos entusiastas do cigarro eletr\u00f3nico uma experi\u00eancia mais satisfat\u00f3ria e agrad\u00e1vel.<\/p>\n<p>Bang Kingdoms Rex 32K tamanho compacto, pode ser transportado, fora da viagem pode ser usado, o produto carrega dois tanques de \u00f3leo diferentes, respetivamente, a capacidade de 26 ml, para os usu\u00e1rios m\u00e9dios de cigarro eletr\u00f4nico pode ser usado por cerca de uma semana de uso cont\u00ednuo, este \u00e9 um produto econ\u00f4mico, estamos atualmente \u00e0 venda, os compradores interessados podem ser comprados diretamente em nosso site, a quantidade m\u00ednima de encomenda! A quantidade m\u00ednima de encomenda \u00e9 10pcs, envio gratuito para a Europa.<\/p>\n<h2><strong>Bang Kingdoms Rex 32K Dual Flavors Detalhes\uff1a<\/strong><\/h2>\n<ul>\n<li>Nicotina: 2% 3% 5%<\/li>\n<li>Capacidade:26ml+26ml<\/li>\n<li>Puffs:32000<\/li>\n<li>C\u00e1psulas duplas<\/li>\n<li>12 sabores dispon\u00edveis<\/li>\n<li>650mah Recarreg\u00e1vel<\/li>\n<li>Bobina de malha dupla<\/li>\n<\/ul>\n<h2><strong>Bang Kingdoms Rex 32K Sabores Dispon\u00edveis\uff1a<\/strong><\/h2>\n<ol>\n<li>Gelo de mirtilo e gelo de drag\u00e3o negro<\/li>\n<li>Gelo de mirtilo, morango e banana<\/li>\n<li>Mirtilo Framboesa e P\u00eassego Manga Melancia<\/li>\n<li>Melancia com mirtilo e manga com morango<\/li>\n<li>Red Bull e melancia com mirtilo<\/li>\n<li>Red Bull &amp; Watermelon Bubble Gandy<\/li>\n<li>Gelado de morango, melancia e uva<\/li>\n<li>Gelado de morango, kiwi e p\u00eassego<\/li>\n<li>Morango Kiwi e Ma\u00e7\u00e3 \u00c1cida Framboesa<\/li>\n<li>Melancia e Kiwi Maracuj\u00e1 Goiaba<\/li>\n<li>Gelo de melancia e menta de mirtilo<\/li>\n<li>Gelo de melancia e morango e Mongo<\/li>\n<\/ol>\n<h2><strong>Lista de embalagem:<\/strong><\/h2>\n<p>1 unidade de cada caixa pequena<br \/>\n10 unidades de cada caixa interm\u00e9dia<br \/>\n200 unidades por caixa<\/p>\n<figure id=\"attachment_1371\" aria-describedby=\"caption-attachment-1371\" style=\"width: 800px\" class=\"wp-caption alignnone\"><img fetchpriority=\"high\" decoding=\"async\" class=\"wp-image-1371 size-full\" title=\"Bang Kingdoms Rex 32K Dual Flavors Vape descart\u00e1vel Envio gratuito 4\" src=\"https:\/\/www.vapecigwholesale.com\/wp-content\/uploads\/2024\/11\/Bang-Kingdoms-Rex-32K-Dual-Flavors-Disposable-Vape-Free-Shipping-4.webp\" alt=\"Bang Kingdoms Rex 32K Dual Flavors Vape descart\u00e1vel Envio gratuito 4\" width=\"800\" height=\"800\" srcset=\"https:\/\/www.vapecigwholesale.com\/wp-content\/uploads\/2024\/11\/Bang-Kingdoms-Rex-32K-Dual-Flavors-Disposable-Vape-Free-Shipping-4.webp 800w, https:\/\/www.vapecigwholesale.com\/wp-content\/uploads\/2024\/11\/Bang-Kingdoms-Rex-32K-Dual-Flavors-Disposable-Vape-Free-Shipping-4-300x300.webp 300w, https:\/\/www.vapecigwholesale.com\/wp-content\/uploads\/2024\/11\/Bang-Kingdoms-Rex-32K-Dual-Flavors-Disposable-Vape-Free-Shipping-4-150x150.webp 150w, https:\/\/www.vapecigwholesale.com\/wp-content\/uploads\/2024\/11\/Bang-Kingdoms-Rex-32K-Dual-Flavors-Disposable-Vape-Free-Shipping-4-768x768.webp 768w, https:\/\/www.vapecigwholesale.com\/wp-content\/uploads\/2024\/11\/Bang-Kingdoms-Rex-32K-Dual-Flavors-Disposable-Vape-Free-Shipping-4-12x12.webp 12w, https:\/\/www.vapecigwholesale.com\/wp-content\/uploads\/2024\/11\/Bang-Kingdoms-Rex-32K-Dual-Flavors-Disposable-Vape-Free-Shipping-4-575x575.webp 575w, https:\/\/www.vapecigwholesale.com\/wp-content\/uploads\/2024\/11\/Bang-Kingdoms-Rex-32K-Dual-Flavors-Disposable-Vape-Free-Shipping-4-380x380.webp 380w, https:\/\/www.vapecigwholesale.com\/wp-content\/uploads\/2024\/11\/Bang-Kingdoms-Rex-32K-Dual-Flavors-Disposable-Vape-Free-Shipping-4-50x50.webp 50w, https:\/\/www.vapecigwholesale.com\/wp-content\/uploads\/2024\/11\/Bang-Kingdoms-Rex-32K-Dual-Flavors-Disposable-Vape-Free-Shipping-4-26x26.webp 26w, https:\/\/www.vapecigwholesale.com\/wp-content\/uploads\/2024\/11\/Bang-Kingdoms-Rex-32K-Dual-Flavors-Disposable-Vape-Free-Shipping-4-420x420.webp 420w, https:\/\/www.vapecigwholesale.com\/wp-content\/uploads\/2024\/11\/Bang-Kingdoms-Rex-32K-Dual-Flavors-Disposable-Vape-Free-Shipping-4-100x100.webp 100w, https:\/\/www.vapecigwholesale.com\/wp-content\/uploads\/2024\/11\/Bang-Kingdoms-Rex-32K-Dual-Flavors-Disposable-Vape-Free-Shipping-4-80x80.webp 80w\" sizes=\"(max-width: 800px) 100vw, 800px\" \/><figcaption id=\"caption-attachment-1371\" class=\"wp-caption-text\">Bang Kingdoms Rex 32K Sabores duplos<\/figcaption><\/figure>\n<p><img decoding=\"async\" class=\"alignnone wp-image-1357 size-full\" title=\"Bang Kingdoms Rex 32K Dual Flavors Vape descart\u00e1vel Envio gratuito 3\" src=\"https:\/\/www.vapecigwholesale.com\/wp-content\/uploads\/2024\/11\/Bang-Kingdoms-Rex-32K-Dual-Flavors-Disposable-Vape-Free-Shipping-3.webp\" alt=\"Bang Kingdoms Rex 32K Dual Flavors Vape descart\u00e1vel Envio gratuito 3\" width=\"800\" height=\"450\" srcset=\"https:\/\/www.vapecigwholesale.com\/wp-content\/uploads\/2024\/11\/Bang-Kingdoms-Rex-32K-Dual-Flavors-Disposable-Vape-Free-Shipping-3.webp 800w, https:\/\/www.vapecigwholesale.com\/wp-content\/uploads\/2024\/11\/Bang-Kingdoms-Rex-32K-Dual-Flavors-Disposable-Vape-Free-Shipping-3-300x169.webp 300w, https:\/\/www.vapecigwholesale.com\/wp-content\/uploads\/2024\/11\/Bang-Kingdoms-Rex-32K-Dual-Flavors-Disposable-Vape-Free-Shipping-3-768x432.webp 768w, https:\/\/www.vapecigwholesale.com\/wp-content\/uploads\/2024\/11\/Bang-Kingdoms-Rex-32K-Dual-Flavors-Disposable-Vape-Free-Shipping-3-18x10.webp 18w, https:\/\/www.vapecigwholesale.com\/wp-content\/uploads\/2024\/11\/Bang-Kingdoms-Rex-32K-Dual-Flavors-Disposable-Vape-Free-Shipping-3-575x323.webp 575w, https:\/\/www.vapecigwholesale.com\/wp-content\/uploads\/2024\/11\/Bang-Kingdoms-Rex-32K-Dual-Flavors-Disposable-Vape-Free-Shipping-3-380x214.webp 380w, https:\/\/www.vapecigwholesale.com\/wp-content\/uploads\/2024\/11\/Bang-Kingdoms-Rex-32K-Dual-Flavors-Disposable-Vape-Free-Shipping-3-80x45.webp 80w\" sizes=\"(max-width: 800px) 100vw, 800px\" \/><\/p>\n<p>&nbsp;<\/p>","protected":false},"excerpt":{"rendered":"<p>Pre\u00e7o apenas para 1 unidade Envio gratuito<\/p>\n<p>( <strong>\u00a02% 3% 5% Nic<\/strong>)\u00a0 \u00a0 \u00a0<strong>Prazo de expedi\u00e7\u00e3o: 2 semanas<\/strong><\/p>","protected":false},"featured_media":1365,"comment_status":"open","ping_status":"closed","template":"","meta":{"om_disable_all_campaigns":false,"_monsterinsights_skip_tracking":false,"_monsterinsights_sitenote_active":false,"_monsterinsights_sitenote_note":"","_monsterinsights_sitenote_category":0},"product_brand":[],"product_cat":[15],"product_tag":[],"class_list":{"0":"post-1370","1":"product","2":"type-product","3":"status-publish","4":"has-post-thumbnail","6":"product_cat-disposable-vape","8":"first","9":"instock","10":"shipping-taxable","11":"purchasable","12":"product-type-variable","13":"has-default-attributes"},"aioseo_notices":[],"_links":{"self":[{"href":"https:\/\/www.vapecigwholesale.com\/pt\/wp-json\/wp\/v2\/product\/1370","targetHints":{"allow":["GET"]}}],"collection":[{"href":"https:\/\/www.vapecigwholesale.com\/pt\/wp-json\/wp\/v2\/product"}],"about":[{"href":"https:\/\/www.vapecigwholesale.com\/pt\/wp-json\/wp\/v2\/types\/product"}],"replies":[{"embeddable":true,"href":"https:\/\/www.vapecigwholesale.com\/pt\/wp-json\/wp\/v2\/comments?post=1370"}],"wp:featuredmedia":[{"embeddable":true,"href":"https:\/\/www.vapecigwholesale.com\/pt\/wp-json\/wp\/v2\/media\/1365"}],"wp:attachment":[{"href":"https:\/\/www.vapecigwholesale.com\/pt\/wp-json\/wp\/v2\/media?parent=1370"}],"wp:term":[{"taxonomy":"product_brand","embeddable":true,"href":"https:\/\/www.vapecigwholesale.com\/pt\/wp-json\/wp\/v2\/product_brand?post=1370"},{"taxonomy":"product_cat","embeddable":true,"href":"https:\/\/www.vapecigwholesale.com\/pt\/wp-json\/wp\/v2\/product_cat?post=1370"},{"taxonomy":"product_tag","embeddable":true,"href":"https:\/\/www.vapecigwholesale.com\/pt\/wp-json\/wp\/v2\/product_tag?post=1370"}],"curies":[{"name":"wp","href":"https:\/\/api.w.org\/{rel}","templated":true}]}}