{"id":1399,"date":"2024-11-26T14:19:08","date_gmt":"2024-11-26T06:19:08","guid":{"rendered":"https:\/\/www.vapecigwholesale.com\/?post_type=product&#038;p=1399"},"modified":"2025-02-19T14:13:00","modified_gmt":"2025-02-19T06:13:00","slug":"zooy-power-28000-puffs-disposbale-vape-free-shipping","status":"publish","type":"product","link":"https:\/\/www.vapecigwholesale.com\/pt\/product\/zooy-power-28000-puffs-disposbale-vape-envio-gratuito\/","title":{"rendered":"ZOOY Power 28000 Puffs Disposbale Vape Envio gratuito"},"content":{"rendered":"<p>O ZOOY Power 28000 Puffs Disposbale Vape \u00e9 um dispositivo revolucion\u00e1rio concebido para fumadores exigentes. Possui um ecr\u00e3 inteligente incorporado que apresenta informa\u00e7\u00f5es essenciais de forma v\u00edvida. Com a tecnologia de recarga r\u00e1pida TYPE-C, passar\u00e1 menos tempo \u00e0 espera e mais tempo a vaporizar. O controlo de pot\u00eancia do ecr\u00e3 t\u00e1til e a fun\u00e7\u00e3o de comuta\u00e7\u00e3o livre oferecem um funcionamento sem esfor\u00e7o. Mas o verdadeiro encanto reside nas suas defini\u00e7\u00f5es ajust\u00e1veis. Pode personalizar a experi\u00eancia de vaporiza\u00e7\u00e3o de acordo com as suas prefer\u00eancias exactas, quer deseje uma batida mais forte ou um tra\u00e7\u00e3o mais suave. N\u00e3o se trata apenas de um cigarro eletr\u00f3nico; \u00e9 um companheiro de vaporiza\u00e7\u00e3o personalizado que proporciona comodidade e satisfa\u00e7\u00e3o em cada tragada.<\/p>\n<p>O cigarro eletr\u00f3nico descart\u00e1vel ZOOY Power 28000 Puffs, um gadget feito para ultrapassar os limites da tecnologia de vaporiza\u00e7\u00e3o descart\u00e1vel, pode come\u00e7ar a sua incr\u00edvel aventura de vaporiza\u00e7\u00e3o. Com uma robusta bateria recarreg\u00e1vel de 6500mAh Tipo C e uns fant\u00e1sticos 32mL de e-l\u00edquido pr\u00e9-carregado, este cigarro eletr\u00f3nico proporciona 28.000 baforadas inigual\u00e1veis para um fumo prolongado e agrad\u00e1vel. Os nossos produtos s\u00e3o vendidos a retalho, a quantidade m\u00ednima de encomenda \u00e9 de 10 unidades, com envio gratuito para os principais pa\u00edses europeus.<\/p>\n<h2><strong>ZOOY Power 28000 Puffs Detalhes\uff1a<\/strong><\/h2>\n<ul>\n<li>Press\u00e3o de ar ajust\u00e1vel<\/li>\n<li>Concentra\u00e7\u00e3o de nicotina: 2% 5%<\/li>\n<li>Tempo de carregamento completo: duas horas<\/li>\n<li>Mod. mec\u00e2nico N\u00e3o mec\u00e2nico<\/li>\n<li>Pot\u00eancia vari\u00e1vel: Pot\u00eancia n\u00e3o vari\u00e1vel<\/li>\n<li>Capacidade: 34ml<\/li>\n<li>Porta de carregamento: tipo-c<\/li>\n<li>N\u00facleo: Bobina de malha 1,0 \u03a9 + 1,0 \u03a9<\/li>\n<li>Ecr\u00e3 animado<\/li>\n<\/ul>\n<h2><strong>ZOOY Power 28000 Puffs Sabores dispon\u00edveis:<\/strong><\/h2>\n<ol>\n<li>Manga mexicana<\/li>\n<li>Mirtilo Framboesa<\/li>\n<li>Mirtilo<\/li>\n<li>Gelado de baunilha<\/li>\n<li>Gelo de uva<\/li>\n<li>Frutos mistos<\/li>\n<li>Maracuj\u00e1<\/li>\n<li>Ponche de morango<\/li>\n<li>Gelo de melancia<\/li>\n<li>Morango Kiwi<\/li>\n<\/ol>\n<h2><strong>Lista de embalagem:<\/strong><\/h2>\n<p>1 unidade de cada caixa pequena<br \/>\n10 unidades de cada caixa interm\u00e9dia<br \/>\n200 unidades por caixa<\/p>\n<p><img fetchpriority=\"high\" decoding=\"async\" class=\"wp-image-1385 size-full\" title=\"ZOOY Power 28000 Puffs Disposbale Vape Envio gratuito 2\" src=\"https:\/\/www.vapecigwholesale.com\/wp-content\/uploads\/2024\/11\/ZOOY-Power-28000-Puffs-Disposbale-Vape-Free-Shipping-2.webp\" alt=\"ZOOY Power 28000 Puffs Disposbale Vape Envio gratuito 2\" width=\"800\" height=\"800\" srcset=\"https:\/\/www.vapecigwholesale.com\/wp-content\/uploads\/2024\/11\/ZOOY-Power-28000-Puffs-Disposbale-Vape-Free-Shipping-2.webp 800w, https:\/\/www.vapecigwholesale.com\/wp-content\/uploads\/2024\/11\/ZOOY-Power-28000-Puffs-Disposbale-Vape-Free-Shipping-2-300x300.webp 300w, https:\/\/www.vapecigwholesale.com\/wp-content\/uploads\/2024\/11\/ZOOY-Power-28000-Puffs-Disposbale-Vape-Free-Shipping-2-150x150.webp 150w, https:\/\/www.vapecigwholesale.com\/wp-content\/uploads\/2024\/11\/ZOOY-Power-28000-Puffs-Disposbale-Vape-Free-Shipping-2-768x768.webp 768w, https:\/\/www.vapecigwholesale.com\/wp-content\/uploads\/2024\/11\/ZOOY-Power-28000-Puffs-Disposbale-Vape-Free-Shipping-2-12x12.webp 12w, https:\/\/www.vapecigwholesale.com\/wp-content\/uploads\/2024\/11\/ZOOY-Power-28000-Puffs-Disposbale-Vape-Free-Shipping-2-575x575.webp 575w, https:\/\/www.vapecigwholesale.com\/wp-content\/uploads\/2024\/11\/ZOOY-Power-28000-Puffs-Disposbale-Vape-Free-Shipping-2-380x380.webp 380w, https:\/\/www.vapecigwholesale.com\/wp-content\/uploads\/2024\/11\/ZOOY-Power-28000-Puffs-Disposbale-Vape-Free-Shipping-2-50x50.webp 50w, https:\/\/www.vapecigwholesale.com\/wp-content\/uploads\/2024\/11\/ZOOY-Power-28000-Puffs-Disposbale-Vape-Free-Shipping-2-26x26.webp 26w, https:\/\/www.vapecigwholesale.com\/wp-content\/uploads\/2024\/11\/ZOOY-Power-28000-Puffs-Disposbale-Vape-Free-Shipping-2-420x420.webp 420w, https:\/\/www.vapecigwholesale.com\/wp-content\/uploads\/2024\/11\/ZOOY-Power-28000-Puffs-Disposbale-Vape-Free-Shipping-2-100x100.webp 100w, https:\/\/www.vapecigwholesale.com\/wp-content\/uploads\/2024\/11\/ZOOY-Power-28000-Puffs-Disposbale-Vape-Free-Shipping-2-80x80.webp 80w\" sizes=\"(max-width: 800px) 100vw, 800px\" \/><\/p>\n<p><img decoding=\"async\" class=\"wp-image-1384 size-full\" title=\"ZOOY Power 28000 Puffs Disposbale Vape Envio gratuito 1\" src=\"https:\/\/www.vapecigwholesale.com\/wp-content\/uploads\/2024\/11\/ZOOY-Power-28000-Puffs-Disposbale-Vape-Free-Shipping-1.webp\" alt=\"ZOOY Power 28000 Puffs Disposbale Vape Envio gratuito 1\" width=\"800\" height=\"800\" srcset=\"https:\/\/www.vapecigwholesale.com\/wp-content\/uploads\/2024\/11\/ZOOY-Power-28000-Puffs-Disposbale-Vape-Free-Shipping-1.webp 800w, https:\/\/www.vapecigwholesale.com\/wp-content\/uploads\/2024\/11\/ZOOY-Power-28000-Puffs-Disposbale-Vape-Free-Shipping-1-300x300.webp 300w, https:\/\/www.vapecigwholesale.com\/wp-content\/uploads\/2024\/11\/ZOOY-Power-28000-Puffs-Disposbale-Vape-Free-Shipping-1-150x150.webp 150w, https:\/\/www.vapecigwholesale.com\/wp-content\/uploads\/2024\/11\/ZOOY-Power-28000-Puffs-Disposbale-Vape-Free-Shipping-1-768x768.webp 768w, https:\/\/www.vapecigwholesale.com\/wp-content\/uploads\/2024\/11\/ZOOY-Power-28000-Puffs-Disposbale-Vape-Free-Shipping-1-12x12.webp 12w, https:\/\/www.vapecigwholesale.com\/wp-content\/uploads\/2024\/11\/ZOOY-Power-28000-Puffs-Disposbale-Vape-Free-Shipping-1-575x575.webp 575w, https:\/\/www.vapecigwholesale.com\/wp-content\/uploads\/2024\/11\/ZOOY-Power-28000-Puffs-Disposbale-Vape-Free-Shipping-1-380x380.webp 380w, https:\/\/www.vapecigwholesale.com\/wp-content\/uploads\/2024\/11\/ZOOY-Power-28000-Puffs-Disposbale-Vape-Free-Shipping-1-50x50.webp 50w, https:\/\/www.vapecigwholesale.com\/wp-content\/uploads\/2024\/11\/ZOOY-Power-28000-Puffs-Disposbale-Vape-Free-Shipping-1-26x26.webp 26w, https:\/\/www.vapecigwholesale.com\/wp-content\/uploads\/2024\/11\/ZOOY-Power-28000-Puffs-Disposbale-Vape-Free-Shipping-1-420x420.webp 420w, https:\/\/www.vapecigwholesale.com\/wp-content\/uploads\/2024\/11\/ZOOY-Power-28000-Puffs-Disposbale-Vape-Free-Shipping-1-100x100.webp 100w, https:\/\/www.vapecigwholesale.com\/wp-content\/uploads\/2024\/11\/ZOOY-Power-28000-Puffs-Disposbale-Vape-Free-Shipping-1-80x80.webp 80w\" sizes=\"(max-width: 800px) 100vw, 800px\" \/><\/p>\n<p><img decoding=\"async\" class=\"wp-image-1386 size-full\" title=\"ZOOY Power 28000 Puffs Disposbale Vape Envio gratuito 3\" src=\"https:\/\/www.vapecigwholesale.com\/wp-content\/uploads\/2024\/11\/ZOOY-Power-28000-Puffs-Disposbale-Vape-Free-Shipping-3.webp\" alt=\"ZOOY Power 28000 Puffs Disposbale Vape Envio gratuito 3\" width=\"800\" height=\"800\" srcset=\"https:\/\/www.vapecigwholesale.com\/wp-content\/uploads\/2024\/11\/ZOOY-Power-28000-Puffs-Disposbale-Vape-Free-Shipping-3.webp 800w, https:\/\/www.vapecigwholesale.com\/wp-content\/uploads\/2024\/11\/ZOOY-Power-28000-Puffs-Disposbale-Vape-Free-Shipping-3-300x300.webp 300w, https:\/\/www.vapecigwholesale.com\/wp-content\/uploads\/2024\/11\/ZOOY-Power-28000-Puffs-Disposbale-Vape-Free-Shipping-3-150x150.webp 150w, https:\/\/www.vapecigwholesale.com\/wp-content\/uploads\/2024\/11\/ZOOY-Power-28000-Puffs-Disposbale-Vape-Free-Shipping-3-768x768.webp 768w, https:\/\/www.vapecigwholesale.com\/wp-content\/uploads\/2024\/11\/ZOOY-Power-28000-Puffs-Disposbale-Vape-Free-Shipping-3-12x12.webp 12w, https:\/\/www.vapecigwholesale.com\/wp-content\/uploads\/2024\/11\/ZOOY-Power-28000-Puffs-Disposbale-Vape-Free-Shipping-3-575x575.webp 575w, https:\/\/www.vapecigwholesale.com\/wp-content\/uploads\/2024\/11\/ZOOY-Power-28000-Puffs-Disposbale-Vape-Free-Shipping-3-380x380.webp 380w, https:\/\/www.vapecigwholesale.com\/wp-content\/uploads\/2024\/11\/ZOOY-Power-28000-Puffs-Disposbale-Vape-Free-Shipping-3-50x50.webp 50w, https:\/\/www.vapecigwholesale.com\/wp-content\/uploads\/2024\/11\/ZOOY-Power-28000-Puffs-Disposbale-Vape-Free-Shipping-3-26x26.webp 26w, https:\/\/www.vapecigwholesale.com\/wp-content\/uploads\/2024\/11\/ZOOY-Power-28000-Puffs-Disposbale-Vape-Free-Shipping-3-420x420.webp 420w, https:\/\/www.vapecigwholesale.com\/wp-content\/uploads\/2024\/11\/ZOOY-Power-28000-Puffs-Disposbale-Vape-Free-Shipping-3-100x100.webp 100w, https:\/\/www.vapecigwholesale.com\/wp-content\/uploads\/2024\/11\/ZOOY-Power-28000-Puffs-Disposbale-Vape-Free-Shipping-3-80x80.webp 80w\" sizes=\"(max-width: 800px) 100vw, 800px\" \/><\/p>\n<p>&nbsp;<\/p>","protected":false},"excerpt":{"rendered":"<p>Pre\u00e7o apenas para 1 unidade Envio gratuito<\/p>\n<p>( <strong>2% 5% Nic<\/strong>) Prazo de expedi\u00e7\u00e3o: 2 semanas<\/p>","protected":false},"featured_media":1388,"comment_status":"open","ping_status":"closed","template":"","meta":{"om_disable_all_campaigns":false,"_monsterinsights_skip_tracking":false,"_monsterinsights_sitenote_active":false,"_monsterinsights_sitenote_note":"","_monsterinsights_sitenote_category":0},"product_brand":[],"product_cat":[15],"product_tag":[],"class_list":{"0":"post-1399","1":"product","2":"type-product","3":"status-publish","4":"has-post-thumbnail","6":"product_cat-disposable-vape","8":"first","9":"instock","10":"shipping-taxable","11":"purchasable","12":"product-type-variable","13":"has-default-attributes"},"aioseo_notices":[],"_links":{"self":[{"href":"https:\/\/www.vapecigwholesale.com\/pt\/wp-json\/wp\/v2\/product\/1399","targetHints":{"allow":["GET"]}}],"collection":[{"href":"https:\/\/www.vapecigwholesale.com\/pt\/wp-json\/wp\/v2\/product"}],"about":[{"href":"https:\/\/www.vapecigwholesale.com\/pt\/wp-json\/wp\/v2\/types\/product"}],"replies":[{"embeddable":true,"href":"https:\/\/www.vapecigwholesale.com\/pt\/wp-json\/wp\/v2\/comments?post=1399"}],"wp:featuredmedia":[{"embeddable":true,"href":"https:\/\/www.vapecigwholesale.com\/pt\/wp-json\/wp\/v2\/media\/1388"}],"wp:attachment":[{"href":"https:\/\/www.vapecigwholesale.com\/pt\/wp-json\/wp\/v2\/media?parent=1399"}],"wp:term":[{"taxonomy":"product_brand","embeddable":true,"href":"https:\/\/www.vapecigwholesale.com\/pt\/wp-json\/wp\/v2\/product_brand?post=1399"},{"taxonomy":"product_cat","embeddable":true,"href":"https:\/\/www.vapecigwholesale.com\/pt\/wp-json\/wp\/v2\/product_cat?post=1399"},{"taxonomy":"product_tag","embeddable":true,"href":"https:\/\/www.vapecigwholesale.com\/pt\/wp-json\/wp\/v2\/product_tag?post=1399"}],"curies":[{"name":"wp","href":"https:\/\/api.w.org\/{rel}","templated":true}]}}