{"id":1471,"date":"2024-12-03T16:04:39","date_gmt":"2024-12-03T08:04:39","guid":{"rendered":"https:\/\/www.vapecigwholesale.com\/?post_type=product&#038;p=1471"},"modified":"2025-09-22T14:04:05","modified_gmt":"2025-09-22T06:04:05","slug":"waspe-fihp-40k-dual-flavor-disposable-vape-free-shipping","status":"publish","type":"product","link":"https:\/\/www.vapecigwholesale.com\/pt\/product\/waspe-fihp-40k-vape-descartavel-de-duplo-sabor-envio-gratuito\/","title":{"rendered":"Vape descart\u00e1vel Waspe Fihp 40K Dual Flavor Envio gratuito"},"content":{"rendered":"<p>A capacidade do Waspe Fihp 40K Dual Flavor 36mL e-liquid garante uma sess\u00e3o de vape de longa dura\u00e7\u00e3o, reduzindo a necessidade de recargas frequentes, enquanto a bateria recarreg\u00e1vel de 850mAh fornece ampla energia para uso prolongado. Gra\u00e7as ao carregamento r\u00e1pido Tipo C, o recarregamento \u00e9 r\u00e1pido e pr\u00e1tico, pelo que estar\u00e1 sempre pronto para o seu pr\u00f3ximo vape. O visor LED inteligente fornece-lhe actualiza\u00e7\u00f5es em tempo real sobre a dura\u00e7\u00e3o da bateria e os n\u00edveis de e-l\u00edquido, mantendo-o sempre informado sobre o estado do seu dispositivo. A funcionalidade de experi\u00eancia de dois sabores permite-lhe alternar entre dois sabores diferentes, proporcionando uma experi\u00eancia de vaporiza\u00e7\u00e3o personaliz\u00e1vel com possibilidades infinitas. Dispon\u00edvel em dosagens de nicotina de 2% e 5%, o WASPE 40K Puffs oferece flexibilidade tanto para vapers casuais como para experientes. Com 16 sabores diferentes \u00e0 escolha, ter\u00e1 muitas op\u00e7\u00f5es para satisfazer as suas prefer\u00eancias de gosto.<\/p>\n<p>A nossa encomenda m\u00ednima \u00e9 de 10 unidades, envio gratuito para pa\u00edses europeus, utilizamos a DHL para entregar \u00e0 sua porta, uma vez paga a sua encomenda, n\u00e3o precisa de pagar mais nada at\u00e9 a encomenda chegar!<\/p>\n<h2><strong>Waspe Fihp 40K Dual Flavor Detalhes:<\/strong><\/h2>\n<ul>\n<li>Puffs: 40000 Puffs<\/li>\n<li>Sabor duplo<\/li>\n<li>E-l\u00edquido:36ml<\/li>\n<li>Bateria:850mah<\/li>\n<li>Bobina de malha: 0,9ohm+0,9ohm<\/li>\n<li>Nicotine:0%\/2%\/5%<\/li>\n<li>Recarreg\u00e1vel:Tipo C<\/li>\n<li>Ecr\u00e3 LED<\/li>\n<li>Tamanho do produto: 61*31*115mm<\/li>\n<\/ul>\n<h2><strong>Waspe Fihp 40K Sabores duplos dispon\u00edveis:<\/strong><\/h2>\n<ol>\n<li>Gelo de melancia e lima-lim\u00e3o<\/li>\n<li>Gelo de cereja com g\u00e1s e algod\u00e3o doce de mirtilo<\/li>\n<li>Morango Melancia e Mirtilo Framboesa<\/li>\n<li>Red Bull Ice &amp; Morango Manga<\/li>\n<li>Gelo de uva e Kiwi de morango<\/li>\n<li>Bagas mistas e gelo duplo de ma\u00e7\u00e3<\/li>\n<li>P\u00eassego Ice &amp; Anan\u00e1s Manga P\u00eassego<\/li>\n<li>Limonada Blue Razz e Pastilha el\u00e1stica de melancia<\/li>\n<li>Morango, framboesa, cereja e amor 666<\/li>\n<li>Gelado de morango, banana e anan\u00e1s com coco<\/li>\n<li>Morango, melancia, pastilha el\u00e1stica e mistura de frutos<\/li>\n<li>P\u00eassego Baga e Melancia Manga P\u00eassego<\/li>\n<li>Gelo Cherry Cola e rebu\u00e7ado de morango e framboesa<\/li>\n<li>Ma\u00e7\u00e3 \u00e1cida, framboesa e morango Big Bang<\/li>\n<li>Gelo de mirtilo e gelo de drag\u00e3o negro<\/li>\n<li>Morango Cereja e Kiwi Maracuj\u00e1<\/li>\n<\/ol>\n<h2><strong>Lista de embalagem:<\/strong><\/h2>\n<p>1 unidade de cada caixa pequena<br \/>\n10 unidades de cada caixa interm\u00e9dia<br \/>\n200 unidades por caixa<\/p>\n<p><img fetchpriority=\"high\" decoding=\"async\" class=\"alignnone wp-image-1452 size-large\" title=\"Waspe Fihp 40K Puffs Duplo Sabor Vape Descart\u00e1vel Frete Gr\u00e1tis 1\" src=\"https:\/\/www.vapecigwholesale.com\/wp-content\/uploads\/2024\/12\/Waspe-Fihp-40K-Puffs-Double-Flavor-Disposable-Vape-Free-Shipping-1-1024x1024.webp\" alt=\"Waspe Fihp 40K Puffs Duplo Sabor Vape Descart\u00e1vel Frete Gr\u00e1tis 1\" width=\"1024\" height=\"1024\" srcset=\"https:\/\/www.vapecigwholesale.com\/wp-content\/uploads\/2024\/12\/Waspe-Fihp-40K-Puffs-Double-Flavor-Disposable-Vape-Free-Shipping-1-1024x1024.webp 1024w, https:\/\/www.vapecigwholesale.com\/wp-content\/uploads\/2024\/12\/Waspe-Fihp-40K-Puffs-Double-Flavor-Disposable-Vape-Free-Shipping-1-300x300.webp 300w, https:\/\/www.vapecigwholesale.com\/wp-content\/uploads\/2024\/12\/Waspe-Fihp-40K-Puffs-Double-Flavor-Disposable-Vape-Free-Shipping-1-150x150.webp 150w, https:\/\/www.vapecigwholesale.com\/wp-content\/uploads\/2024\/12\/Waspe-Fihp-40K-Puffs-Double-Flavor-Disposable-Vape-Free-Shipping-1-768x768.webp 768w, https:\/\/www.vapecigwholesale.com\/wp-content\/uploads\/2024\/12\/Waspe-Fihp-40K-Puffs-Double-Flavor-Disposable-Vape-Free-Shipping-1-12x12.webp 12w, https:\/\/www.vapecigwholesale.com\/wp-content\/uploads\/2024\/12\/Waspe-Fihp-40K-Puffs-Double-Flavor-Disposable-Vape-Free-Shipping-1-1140x1140.webp 1140w, https:\/\/www.vapecigwholesale.com\/wp-content\/uploads\/2024\/12\/Waspe-Fihp-40K-Puffs-Double-Flavor-Disposable-Vape-Free-Shipping-1-920x920.webp 920w, https:\/\/www.vapecigwholesale.com\/wp-content\/uploads\/2024\/12\/Waspe-Fihp-40K-Puffs-Double-Flavor-Disposable-Vape-Free-Shipping-1-575x575.webp 575w, https:\/\/www.vapecigwholesale.com\/wp-content\/uploads\/2024\/12\/Waspe-Fihp-40K-Puffs-Double-Flavor-Disposable-Vape-Free-Shipping-1-380x380.webp 380w, https:\/\/www.vapecigwholesale.com\/wp-content\/uploads\/2024\/12\/Waspe-Fihp-40K-Puffs-Double-Flavor-Disposable-Vape-Free-Shipping-1-50x50.webp 50w, https:\/\/www.vapecigwholesale.com\/wp-content\/uploads\/2024\/12\/Waspe-Fihp-40K-Puffs-Double-Flavor-Disposable-Vape-Free-Shipping-1-26x26.webp 26w, https:\/\/www.vapecigwholesale.com\/wp-content\/uploads\/2024\/12\/Waspe-Fihp-40K-Puffs-Double-Flavor-Disposable-Vape-Free-Shipping-1-420x420.webp 420w, https:\/\/www.vapecigwholesale.com\/wp-content\/uploads\/2024\/12\/Waspe-Fihp-40K-Puffs-Double-Flavor-Disposable-Vape-Free-Shipping-1-800x800.webp 800w, https:\/\/www.vapecigwholesale.com\/wp-content\/uploads\/2024\/12\/Waspe-Fihp-40K-Puffs-Double-Flavor-Disposable-Vape-Free-Shipping-1-100x100.webp 100w, https:\/\/www.vapecigwholesale.com\/wp-content\/uploads\/2024\/12\/Waspe-Fihp-40K-Puffs-Double-Flavor-Disposable-Vape-Free-Shipping-1-80x80.webp 80w, https:\/\/www.vapecigwholesale.com\/wp-content\/uploads\/2024\/12\/Waspe-Fihp-40K-Puffs-Double-Flavor-Disposable-Vape-Free-Shipping-1.webp 1200w\" sizes=\"(max-width: 1024px) 100vw, 1024px\" \/><\/p>\n<p><img decoding=\"async\" class=\"wp-image-1453 size-large\" title=\"Waspe Fihp 40K Puffs Duplo Sabor Vape Descart\u00e1vel Frete Gr\u00e1tis 2\" src=\"https:\/\/www.vapecigwholesale.com\/wp-content\/uploads\/2024\/12\/Waspe-Fihp-40K-Puffs-Double-Flavor-Disposable-Vape-Free-Shipping-2-1024x1024.webp\" alt=\"Waspe Fihp 40K Puffs Duplo Sabor Vape Descart\u00e1vel Frete Gr\u00e1tis 2\" width=\"1024\" height=\"1024\" srcset=\"https:\/\/www.vapecigwholesale.com\/wp-content\/uploads\/2024\/12\/Waspe-Fihp-40K-Puffs-Double-Flavor-Disposable-Vape-Free-Shipping-2-1024x1024.webp 1024w, https:\/\/www.vapecigwholesale.com\/wp-content\/uploads\/2024\/12\/Waspe-Fihp-40K-Puffs-Double-Flavor-Disposable-Vape-Free-Shipping-2-300x300.webp 300w, https:\/\/www.vapecigwholesale.com\/wp-content\/uploads\/2024\/12\/Waspe-Fihp-40K-Puffs-Double-Flavor-Disposable-Vape-Free-Shipping-2-150x150.webp 150w, https:\/\/www.vapecigwholesale.com\/wp-content\/uploads\/2024\/12\/Waspe-Fihp-40K-Puffs-Double-Flavor-Disposable-Vape-Free-Shipping-2-768x768.webp 768w, https:\/\/www.vapecigwholesale.com\/wp-content\/uploads\/2024\/12\/Waspe-Fihp-40K-Puffs-Double-Flavor-Disposable-Vape-Free-Shipping-2-12x12.webp 12w, https:\/\/www.vapecigwholesale.com\/wp-content\/uploads\/2024\/12\/Waspe-Fihp-40K-Puffs-Double-Flavor-Disposable-Vape-Free-Shipping-2-1140x1140.webp 1140w, https:\/\/www.vapecigwholesale.com\/wp-content\/uploads\/2024\/12\/Waspe-Fihp-40K-Puffs-Double-Flavor-Disposable-Vape-Free-Shipping-2-920x920.webp 920w, https:\/\/www.vapecigwholesale.com\/wp-content\/uploads\/2024\/12\/Waspe-Fihp-40K-Puffs-Double-Flavor-Disposable-Vape-Free-Shipping-2-575x575.webp 575w, https:\/\/www.vapecigwholesale.com\/wp-content\/uploads\/2024\/12\/Waspe-Fihp-40K-Puffs-Double-Flavor-Disposable-Vape-Free-Shipping-2-380x380.webp 380w, https:\/\/www.vapecigwholesale.com\/wp-content\/uploads\/2024\/12\/Waspe-Fihp-40K-Puffs-Double-Flavor-Disposable-Vape-Free-Shipping-2-50x50.webp 50w, https:\/\/www.vapecigwholesale.com\/wp-content\/uploads\/2024\/12\/Waspe-Fihp-40K-Puffs-Double-Flavor-Disposable-Vape-Free-Shipping-2-26x26.webp 26w, https:\/\/www.vapecigwholesale.com\/wp-content\/uploads\/2024\/12\/Waspe-Fihp-40K-Puffs-Double-Flavor-Disposable-Vape-Free-Shipping-2-420x420.webp 420w, https:\/\/www.vapecigwholesale.com\/wp-content\/uploads\/2024\/12\/Waspe-Fihp-40K-Puffs-Double-Flavor-Disposable-Vape-Free-Shipping-2-800x800.webp 800w, https:\/\/www.vapecigwholesale.com\/wp-content\/uploads\/2024\/12\/Waspe-Fihp-40K-Puffs-Double-Flavor-Disposable-Vape-Free-Shipping-2-100x100.webp 100w, https:\/\/www.vapecigwholesale.com\/wp-content\/uploads\/2024\/12\/Waspe-Fihp-40K-Puffs-Double-Flavor-Disposable-Vape-Free-Shipping-2-80x80.webp 80w, https:\/\/www.vapecigwholesale.com\/wp-content\/uploads\/2024\/12\/Waspe-Fihp-40K-Puffs-Double-Flavor-Disposable-Vape-Free-Shipping-2.webp 1200w\" sizes=\"(max-width: 1024px) 100vw, 1024px\" \/><\/p>","protected":false},"excerpt":{"rendered":"<p>Pre\u00e7o apenas para 1 unidade Envio gratuito<\/p>\n<p>( <strong>0% 2% 5% Nic<\/strong>) Prazo de expedi\u00e7\u00e3o: 2 semanas<\/p>","protected":false},"featured_media":1491,"comment_status":"open","ping_status":"closed","template":"","meta":{"om_disable_all_campaigns":false,"_monsterinsights_skip_tracking":false,"_monsterinsights_sitenote_active":false,"_monsterinsights_sitenote_note":"","_monsterinsights_sitenote_category":0},"product_brand":[],"product_cat":[15],"product_tag":[],"class_list":{"0":"post-1471","1":"product","2":"type-product","3":"status-publish","4":"has-post-thumbnail","6":"product_cat-disposable-vape","8":"first","9":"instock","10":"shipping-taxable","11":"purchasable","12":"product-type-variable","13":"has-default-attributes"},"aioseo_notices":[],"_links":{"self":[{"href":"https:\/\/www.vapecigwholesale.com\/pt\/wp-json\/wp\/v2\/product\/1471","targetHints":{"allow":["GET"]}}],"collection":[{"href":"https:\/\/www.vapecigwholesale.com\/pt\/wp-json\/wp\/v2\/product"}],"about":[{"href":"https:\/\/www.vapecigwholesale.com\/pt\/wp-json\/wp\/v2\/types\/product"}],"replies":[{"embeddable":true,"href":"https:\/\/www.vapecigwholesale.com\/pt\/wp-json\/wp\/v2\/comments?post=1471"}],"wp:featuredmedia":[{"embeddable":true,"href":"https:\/\/www.vapecigwholesale.com\/pt\/wp-json\/wp\/v2\/media\/1491"}],"wp:attachment":[{"href":"https:\/\/www.vapecigwholesale.com\/pt\/wp-json\/wp\/v2\/media?parent=1471"}],"wp:term":[{"taxonomy":"product_brand","embeddable":true,"href":"https:\/\/www.vapecigwholesale.com\/pt\/wp-json\/wp\/v2\/product_brand?post=1471"},{"taxonomy":"product_cat","embeddable":true,"href":"https:\/\/www.vapecigwholesale.com\/pt\/wp-json\/wp\/v2\/product_cat?post=1471"},{"taxonomy":"product_tag","embeddable":true,"href":"https:\/\/www.vapecigwholesale.com\/pt\/wp-json\/wp\/v2\/product_tag?post=1471"}],"curies":[{"name":"wp","href":"https:\/\/api.w.org\/{rel}","templated":true}]}}