{"id":848,"date":"2024-11-13T14:29:54","date_gmt":"2024-11-13T06:29:54","guid":{"rendered":"https:\/\/www.vapecigwholesale.com\/?post_type=product&#038;p=848"},"modified":"2025-02-19T14:30:36","modified_gmt":"2025-02-19T06:30:36","slug":"fumot-tornado-15000-puffs-disposable-vape-free-shipping","status":"publish","type":"product","link":"https:\/\/www.vapecigwholesale.com\/pt\/product\/fumot-tornado-15000-puffs-vape-descartavel-envio-gratuito\/","title":{"rendered":"Fumot Tornado 15000 Puffs Vape descart\u00e1vel Envio gratuito"},"content":{"rendered":"<p>O Fumot Tornado 15000 Puffs \u00e9 o mais recente vape descart\u00e1vel de alta press\u00e3o introduzido pela Shenzhen Fumot Technology. A Fumot Technology, com o seu dedo no pulso das exig\u00eancias do mercado, tem estado sintonizada com as tend\u00eancias de compra dos consumidores. Os vapes de grande volume, como o 7000 puffs, o 9000 puffs e o 10000 puffs, dominaram o mercado, ganhando popularidade de forma consistente. No entanto, h\u00e1 um subconjunto de entusiastas de vape que deseja capacidades de puff ainda maiores, dando origem ao Tornado 15000 para satisfazer esta procura.<\/p>\n<p>O Fumot Tornado 15000 Puffs mant\u00e9m a ic\u00f3nica forma cil\u00edndrica da s\u00e9rie Tornado, combinando-a com o estilo de design ilustrativo visto noutro best-seller da Fumot, o Digital Box 12000. Com o ecr\u00e3 LED e os efeitos de ilumina\u00e7\u00e3o RGB no corpo cil\u00edndrico, o nosso objetivo \u00e9 fazer com que o Monkey Bro volte a brilhar.<\/p>\n<p>O Fumot Tornado 15000 possui um ecr\u00e3 LED com indicadores de \u00f3leo e de energia, permitindo aos utilizadores alternar sem esfor\u00e7o entre dispositivos com base nos n\u00edveis de \u00f3leo. O indicador de energia tem uma finalidade semelhante, fornecendo verifica\u00e7\u00f5es da bateria em tempo real para uma gest\u00e3o optimizada da utiliza\u00e7\u00e3o.<br \/>\nIntegr\u00e1mos uma bobina de malha de baixa resist\u00eancia de 0,9 ohm no Tornado 15000, maximizando a \u00e1rea da superf\u00edcie de aquecimento para uma extra\u00e7\u00e3o mais suave e uma produ\u00e7\u00e3o de vapor mais rica. O design da bobina em malha assegura um aquecimento consistente e uniforme do e-l\u00edquido, garantindo uma distribui\u00e7\u00e3o uniforme do sabor.<br \/>\nCom uma bateria recarreg\u00e1vel de 850mAh incorporada, o Tornado 15000 oferece uma grande capacidade de bateria, permitindo aos utilizadores desfrutar dele durante dias com um \u00fanico carregamento. A porta de carregamento r\u00e1pido Tipo C garante um recarregamento seguro e r\u00e1pido.<\/p>\n<h2><strong>Fumot Tornado 15000 Puffs Detalhes:<\/strong><\/h2>\n<ul>\n<li>Op\u00e7\u00f5es de teor de nicotina: 0%, 2%, 3% e 5%<\/li>\n<li>At\u00e9 15000 baforadas<\/li>\n<li>Pr\u00e9-cheio com 25 ml de e-l\u00edquido<\/li>\n<li>Bateria recarreg\u00e1vel de 850mAh<\/li>\n<li>0,9\u03a9 Bobina de malha<\/li>\n<li>41 sabores dispon\u00edveis<\/li>\n<\/ul>\n<h2><strong>Fumot Tornado 15000 Puffs Sabores dispon\u00edveis:<\/strong><\/h2>\n<p>1. limonada Blue Razz<br \/>\n2. gelo de p\u00eassego<br \/>\n3. ma\u00e7\u00e3 \u00e1cida<br \/>\n4. gelo de melancia<br \/>\n5. mirtilo no gelo<br \/>\n6. mirtilo framboesa<br \/>\n7. gelo de anan\u00e1s<br \/>\n8.Cereja<br \/>\n9. gelo de morango<br \/>\n10. Vimto<br \/>\n11. gelo de uva<br \/>\n12.Cola Ice<br \/>\n13. melancia com morango<br \/>\n14. limonada cor-de-rosa<br \/>\n15.Baga mista<br \/>\n16. p\u00eassego manga<br \/>\n17. frutos do drag\u00e3o<br \/>\n18. morango uva<br \/>\n19.Sr. Azul<br \/>\n20. gelo exuberante<br \/>\n21. gelado<br \/>\n22. morango Kiwi<br \/>\n23. Kiwi Maracuj\u00e1 Goiaba<br \/>\n24.Triple Berry<br \/>\n25.Banana Ice<br \/>\n26. rebu\u00e7ados de p\u00eassego e mirtilo<br \/>\n27.Ma\u00e7\u00e3 P\u00eassego Pera<br \/>\n28. limonada de bagas<br \/>\n29.Blue Razz Cherry<br \/>\n30. pastilha el\u00e1stica de mirtilo<br \/>\n31. mirtilo cereja arando<br \/>\n32. mirtilo rom\u00e3<br \/>\n33.Bluesour Framboesa<br \/>\n34.Cherry Cola<br \/>\n35. urso de goma<br \/>\n36. lim\u00e3o e lima<br \/>\n37. manga no gelo<br \/>\n38.Red Energy Ice<br \/>\n39.Banana com morango<br \/>\n40.Strawberry Red Bull<br \/>\n41. Limonada de melancia e morango<br \/>\n42.Ice Tea Lim\u00e3o Gelado<br \/>\n43.Ice Tea P\u00eassego Gelado<br \/>\n44. cereja com g\u00e1s<br \/>\n45. gomas<\/p>\n<h2><strong>Lista de embalagem:<\/strong><\/h2>\n<p>1 unidade de cada caixa pequena<br \/>\n10 unidades de cada caixa interm\u00e9dia<br \/>\n200 unidades por caixa<\/p>\n<p><img fetchpriority=\"high\" decoding=\"async\" class=\"alignnone wp-image-802 size-full\" title=\"Fumot Tornado 15000 Puffs Vape descart\u00e1vel Envio gratuito 1\" src=\"https:\/\/www.vapecigwholesale.com\/wp-content\/uploads\/2024\/11\/Fumot-Tornado-15000-Puffs-Disposable-vape-Free-Shipping-1.webp\" alt=\"Fumot Tornado 15000 Puffs Vape descart\u00e1vel Envio gratuito 1\" width=\"800\" height=\"800\" srcset=\"https:\/\/www.vapecigwholesale.com\/wp-content\/uploads\/2024\/11\/Fumot-Tornado-15000-Puffs-Disposable-vape-Free-Shipping-1.webp 800w, https:\/\/www.vapecigwholesale.com\/wp-content\/uploads\/2024\/11\/Fumot-Tornado-15000-Puffs-Disposable-vape-Free-Shipping-1-300x300.webp 300w, https:\/\/www.vapecigwholesale.com\/wp-content\/uploads\/2024\/11\/Fumot-Tornado-15000-Puffs-Disposable-vape-Free-Shipping-1-150x150.webp 150w, https:\/\/www.vapecigwholesale.com\/wp-content\/uploads\/2024\/11\/Fumot-Tornado-15000-Puffs-Disposable-vape-Free-Shipping-1-768x768.webp 768w, https:\/\/www.vapecigwholesale.com\/wp-content\/uploads\/2024\/11\/Fumot-Tornado-15000-Puffs-Disposable-vape-Free-Shipping-1-12x12.webp 12w, https:\/\/www.vapecigwholesale.com\/wp-content\/uploads\/2024\/11\/Fumot-Tornado-15000-Puffs-Disposable-vape-Free-Shipping-1-575x575.webp 575w, https:\/\/www.vapecigwholesale.com\/wp-content\/uploads\/2024\/11\/Fumot-Tornado-15000-Puffs-Disposable-vape-Free-Shipping-1-380x380.webp 380w, https:\/\/www.vapecigwholesale.com\/wp-content\/uploads\/2024\/11\/Fumot-Tornado-15000-Puffs-Disposable-vape-Free-Shipping-1-50x50.webp 50w, https:\/\/www.vapecigwholesale.com\/wp-content\/uploads\/2024\/11\/Fumot-Tornado-15000-Puffs-Disposable-vape-Free-Shipping-1-26x26.webp 26w, https:\/\/www.vapecigwholesale.com\/wp-content\/uploads\/2024\/11\/Fumot-Tornado-15000-Puffs-Disposable-vape-Free-Shipping-1-420x420.webp 420w, https:\/\/www.vapecigwholesale.com\/wp-content\/uploads\/2024\/11\/Fumot-Tornado-15000-Puffs-Disposable-vape-Free-Shipping-1-100x100.webp 100w, https:\/\/www.vapecigwholesale.com\/wp-content\/uploads\/2024\/11\/Fumot-Tornado-15000-Puffs-Disposable-vape-Free-Shipping-1-80x80.webp 80w\" sizes=\"(max-width: 800px) 100vw, 800px\" \/><\/p>\n<p><img decoding=\"async\" class=\"alignnone wp-image-803 size-full\" title=\"Fumot Tornado 15000 Puffs Vape descart\u00e1vel Envio gratuito 2\" src=\"https:\/\/www.vapecigwholesale.com\/wp-content\/uploads\/2024\/11\/Fumot-Tornado-15000-Puffs-Disposable-vape-Free-Shipping-2.webp\" alt=\"Fumot Tornado 15000 Puffs Vape descart\u00e1vel Envio gratuito 2\" width=\"800\" height=\"513\" srcset=\"https:\/\/www.vapecigwholesale.com\/wp-content\/uploads\/2024\/11\/Fumot-Tornado-15000-Puffs-Disposable-vape-Free-Shipping-2.webp 800w, https:\/\/www.vapecigwholesale.com\/wp-content\/uploads\/2024\/11\/Fumot-Tornado-15000-Puffs-Disposable-vape-Free-Shipping-2-300x192.webp 300w, https:\/\/www.vapecigwholesale.com\/wp-content\/uploads\/2024\/11\/Fumot-Tornado-15000-Puffs-Disposable-vape-Free-Shipping-2-768x492.webp 768w, https:\/\/www.vapecigwholesale.com\/wp-content\/uploads\/2024\/11\/Fumot-Tornado-15000-Puffs-Disposable-vape-Free-Shipping-2-18x12.webp 18w, https:\/\/www.vapecigwholesale.com\/wp-content\/uploads\/2024\/11\/Fumot-Tornado-15000-Puffs-Disposable-vape-Free-Shipping-2-575x369.webp 575w, https:\/\/www.vapecigwholesale.com\/wp-content\/uploads\/2024\/11\/Fumot-Tornado-15000-Puffs-Disposable-vape-Free-Shipping-2-380x244.webp 380w, https:\/\/www.vapecigwholesale.com\/wp-content\/uploads\/2024\/11\/Fumot-Tornado-15000-Puffs-Disposable-vape-Free-Shipping-2-80x51.webp 80w\" sizes=\"(max-width: 800px) 100vw, 800px\" \/><\/p>","protected":false},"excerpt":{"rendered":"<p>Pre\u00e7o apenas para 1 unidade Envio gratuito<\/p>\n<p>(<strong>2%\uff0c3%\uff0c5% Nic<\/strong>)\u00a0 <strong>Prazo de expedi\u00e7\u00e3o: 2 semanas<\/strong><\/p>","protected":false},"featured_media":842,"comment_status":"open","ping_status":"closed","template":"","meta":{"om_disable_all_campaigns":false,"_monsterinsights_skip_tracking":false,"_monsterinsights_sitenote_active":false,"_monsterinsights_sitenote_note":"","_monsterinsights_sitenote_category":0},"product_brand":[],"product_cat":[15],"product_tag":[],"class_list":{"0":"post-848","1":"product","2":"type-product","3":"status-publish","4":"has-post-thumbnail","6":"product_cat-disposable-vape","8":"first","9":"instock","10":"featured","11":"shipping-taxable","12":"purchasable","13":"product-type-variable","14":"has-default-attributes"},"aioseo_notices":[],"_links":{"self":[{"href":"https:\/\/www.vapecigwholesale.com\/pt\/wp-json\/wp\/v2\/product\/848","targetHints":{"allow":["GET"]}}],"collection":[{"href":"https:\/\/www.vapecigwholesale.com\/pt\/wp-json\/wp\/v2\/product"}],"about":[{"href":"https:\/\/www.vapecigwholesale.com\/pt\/wp-json\/wp\/v2\/types\/product"}],"replies":[{"embeddable":true,"href":"https:\/\/www.vapecigwholesale.com\/pt\/wp-json\/wp\/v2\/comments?post=848"}],"wp:featuredmedia":[{"embeddable":true,"href":"https:\/\/www.vapecigwholesale.com\/pt\/wp-json\/wp\/v2\/media\/842"}],"wp:attachment":[{"href":"https:\/\/www.vapecigwholesale.com\/pt\/wp-json\/wp\/v2\/media?parent=848"}],"wp:term":[{"taxonomy":"product_brand","embeddable":true,"href":"https:\/\/www.vapecigwholesale.com\/pt\/wp-json\/wp\/v2\/product_brand?post=848"},{"taxonomy":"product_cat","embeddable":true,"href":"https:\/\/www.vapecigwholesale.com\/pt\/wp-json\/wp\/v2\/product_cat?post=848"},{"taxonomy":"product_tag","embeddable":true,"href":"https:\/\/www.vapecigwholesale.com\/pt\/wp-json\/wp\/v2\/product_tag?post=848"}],"curies":[{"name":"wp","href":"https:\/\/api.w.org\/{rel}","templated":true}]}}