{"id":915,"date":"2024-11-13T14:59:56","date_gmt":"2024-11-13T06:59:56","guid":{"rendered":"https:\/\/www.vapecigwholesale.com\/?post_type=product&#038;p=915"},"modified":"2025-02-19T14:29:21","modified_gmt":"2025-02-19T06:29:21","slug":"vapsolo-super-15000-puffs-disposable-vape-free-shipping","status":"publish","type":"product","link":"https:\/\/www.vapecigwholesale.com\/pt\/product\/vapsolo-super-15000-puffs-vape-descartavel-envio-gratuito\/","title":{"rendered":"Vapsolo Super 15000 Puffs Vape descart\u00e1vel Envio gratuito"},"content":{"rendered":"<p>O Vapsolo Super 15000 Puffs \u00e9 de alta capacidade, oferecendo at\u00e9 15.000 baforadas com uma gama diversificada de sabores, tecnologia avan\u00e7ada de bobina de malha e fluxo de ar personaliz\u00e1vel para uma experi\u00eancia de vaporiza\u00e7\u00e3o excecional.<\/p>\n<p>O Vapsolo Super 15000 Puffs foi concebido com a conveni\u00eancia em mente, oferecendo umas impressionantes 15.000 baforadas a partir de um \u00fanico dispositivo. Isto \u00e9 poss\u00edvel gra\u00e7as \u00e0 sua capacidade substancial de 25 ml de e-l\u00edquido, garantindo que os utilizadores podem desfrutar de sess\u00f5es prolongadas sem a necessidade de substitui\u00e7\u00f5es frequentes. A sua bateria recarreg\u00e1vel de 650mAh, com uma porta de carregamento tipo C, melhora a sustentabilidade e a rela\u00e7\u00e3o custo-efic\u00e1cia do dispositivo. A bateria foi concebida para durar toda a vida \u00fatil do e-l\u00edquido, garantindo um desempenho consistente at\u00e9 \u00e0 \u00faltima tragada.<\/p>\n<p>Uma das carater\u00edsticas de destaque do VapSolo Super 15000 Puffs \u00e9 a sua avan\u00e7ada tecnologia de bobina de malha. Com uma resist\u00eancia de 1,0\u03a9, esta bobina proporciona um vapor suave e rico, maximizando o perfil de sabor de cada e-l\u00edquido. O sistema de fluxo de ar ajust\u00e1vel melhora ainda mais a experi\u00eancia de vaporiza\u00e7\u00e3o, permitindo que os utilizadores personalizem as suas extra\u00e7\u00f5es de acordo com as suas prefer\u00eancias, quer prefiram uma inala\u00e7\u00e3o mais apertada ou mais aberta.<\/p>\n<h2><strong>Vapsolo Super 15000 Puffs Detalhes:<\/strong><\/h2>\n<ul>\n<li>Puffs: 15000 Puffs<\/li>\n<li>Capacidade do E-l\u00edquido: 25 ML<\/li>\n<li>Capacidade da bateria: 650MAH<\/li>\n<li>Bobina de malha<\/li>\n<li>Resist\u00eancia da bobina: 1.0\u03a9<\/li>\n<li>Fluxo de ar de 4 n\u00edveis<\/li>\n<li>porta tipo-c, recarreg\u00e1vel<\/li>\n<\/ul>\n<h2><strong>Vapsolo Super 15000 Puffs Sabores dispon\u00edveis:<\/strong><\/h2>\n<ol>\n<li>Azul Razz<\/li>\n<li>Gelo de mirtilo<\/li>\n<li>Ma\u00e7\u00e3 dupla<\/li>\n<li>Gelo de melancia<\/li>\n<li>Baga mista<\/li>\n<li>Morango Kiwi<\/li>\n<li>Mirtilo Cereja Arando<\/li>\n<li>Lima-lim\u00e3o<\/li>\n<li>Skittles<\/li>\n<li>Banana com morango<\/li>\n<li>Melancia com framboesa<\/li>\n<li>Cola de cereja e mirtilo<\/li>\n<li>Black Ice Dragonfruit Morango<\/li>\n<li>Red Bull<\/li>\n<li>Sonho de ver\u00e3o<\/li>\n<\/ol>\n<h2><strong>Lista de embalagem:<\/strong><\/h2>\n<p>1 unidade de cada caixa pequena<br \/>\n10 unidades de cada caixa interm\u00e9dia<br \/>\n200 unidades por caixa<\/p>\n<p><img fetchpriority=\"high\" decoding=\"async\" class=\"wp-image-899 size-full\" title=\"Vapsolo Super 15000 Puffs Vape descart\u00e1vel Envio gratuito 6\" src=\"https:\/\/www.vapecigwholesale.com\/wp-content\/uploads\/2024\/11\/Vapsolo-Super-15000-Puffs-Disposable-Vape-Free-Shipping-6.webp\" alt=\"Vapsolo Super 15000 Puffs Vape descart\u00e1vel Envio gratuito 6\" width=\"800\" height=\"800\" srcset=\"https:\/\/www.vapecigwholesale.com\/wp-content\/uploads\/2024\/11\/Vapsolo-Super-15000-Puffs-Disposable-Vape-Free-Shipping-6.webp 800w, https:\/\/www.vapecigwholesale.com\/wp-content\/uploads\/2024\/11\/Vapsolo-Super-15000-Puffs-Disposable-Vape-Free-Shipping-6-300x300.webp 300w, https:\/\/www.vapecigwholesale.com\/wp-content\/uploads\/2024\/11\/Vapsolo-Super-15000-Puffs-Disposable-Vape-Free-Shipping-6-150x150.webp 150w, https:\/\/www.vapecigwholesale.com\/wp-content\/uploads\/2024\/11\/Vapsolo-Super-15000-Puffs-Disposable-Vape-Free-Shipping-6-768x768.webp 768w, https:\/\/www.vapecigwholesale.com\/wp-content\/uploads\/2024\/11\/Vapsolo-Super-15000-Puffs-Disposable-Vape-Free-Shipping-6-12x12.webp 12w, https:\/\/www.vapecigwholesale.com\/wp-content\/uploads\/2024\/11\/Vapsolo-Super-15000-Puffs-Disposable-Vape-Free-Shipping-6-575x575.webp 575w, https:\/\/www.vapecigwholesale.com\/wp-content\/uploads\/2024\/11\/Vapsolo-Super-15000-Puffs-Disposable-Vape-Free-Shipping-6-380x380.webp 380w, https:\/\/www.vapecigwholesale.com\/wp-content\/uploads\/2024\/11\/Vapsolo-Super-15000-Puffs-Disposable-Vape-Free-Shipping-6-50x50.webp 50w, https:\/\/www.vapecigwholesale.com\/wp-content\/uploads\/2024\/11\/Vapsolo-Super-15000-Puffs-Disposable-Vape-Free-Shipping-6-26x26.webp 26w, https:\/\/www.vapecigwholesale.com\/wp-content\/uploads\/2024\/11\/Vapsolo-Super-15000-Puffs-Disposable-Vape-Free-Shipping-6-420x420.webp 420w, https:\/\/www.vapecigwholesale.com\/wp-content\/uploads\/2024\/11\/Vapsolo-Super-15000-Puffs-Disposable-Vape-Free-Shipping-6-100x100.webp 100w, https:\/\/www.vapecigwholesale.com\/wp-content\/uploads\/2024\/11\/Vapsolo-Super-15000-Puffs-Disposable-Vape-Free-Shipping-6-80x80.webp 80w\" sizes=\"(max-width: 800px) 100vw, 800px\" \/><\/p>\n<p><img decoding=\"async\" class=\"wp-image-897 size-full\" title=\"Vapsolo Super 15000 Puffs Vape descart\u00e1vel Envio gr\u00e1tis 4\" src=\"https:\/\/www.vapecigwholesale.com\/wp-content\/uploads\/2024\/11\/Vapsolo-Super-15000-Puffs-Disposable-Vape-Free-Shipping-4.webp\" alt=\"Vapsolo Super 15000 Puffs Vape descart\u00e1vel Envio gr\u00e1tis 4\" width=\"800\" height=\"800\" srcset=\"https:\/\/www.vapecigwholesale.com\/wp-content\/uploads\/2024\/11\/Vapsolo-Super-15000-Puffs-Disposable-Vape-Free-Shipping-4.webp 800w, https:\/\/www.vapecigwholesale.com\/wp-content\/uploads\/2024\/11\/Vapsolo-Super-15000-Puffs-Disposable-Vape-Free-Shipping-4-300x300.webp 300w, https:\/\/www.vapecigwholesale.com\/wp-content\/uploads\/2024\/11\/Vapsolo-Super-15000-Puffs-Disposable-Vape-Free-Shipping-4-150x150.webp 150w, https:\/\/www.vapecigwholesale.com\/wp-content\/uploads\/2024\/11\/Vapsolo-Super-15000-Puffs-Disposable-Vape-Free-Shipping-4-768x768.webp 768w, https:\/\/www.vapecigwholesale.com\/wp-content\/uploads\/2024\/11\/Vapsolo-Super-15000-Puffs-Disposable-Vape-Free-Shipping-4-12x12.webp 12w, https:\/\/www.vapecigwholesale.com\/wp-content\/uploads\/2024\/11\/Vapsolo-Super-15000-Puffs-Disposable-Vape-Free-Shipping-4-575x575.webp 575w, https:\/\/www.vapecigwholesale.com\/wp-content\/uploads\/2024\/11\/Vapsolo-Super-15000-Puffs-Disposable-Vape-Free-Shipping-4-380x380.webp 380w, https:\/\/www.vapecigwholesale.com\/wp-content\/uploads\/2024\/11\/Vapsolo-Super-15000-Puffs-Disposable-Vape-Free-Shipping-4-50x50.webp 50w, https:\/\/www.vapecigwholesale.com\/wp-content\/uploads\/2024\/11\/Vapsolo-Super-15000-Puffs-Disposable-Vape-Free-Shipping-4-26x26.webp 26w, https:\/\/www.vapecigwholesale.com\/wp-content\/uploads\/2024\/11\/Vapsolo-Super-15000-Puffs-Disposable-Vape-Free-Shipping-4-420x420.webp 420w, https:\/\/www.vapecigwholesale.com\/wp-content\/uploads\/2024\/11\/Vapsolo-Super-15000-Puffs-Disposable-Vape-Free-Shipping-4-100x100.webp 100w, https:\/\/www.vapecigwholesale.com\/wp-content\/uploads\/2024\/11\/Vapsolo-Super-15000-Puffs-Disposable-Vape-Free-Shipping-4-80x80.webp 80w\" sizes=\"(max-width: 800px) 100vw, 800px\" \/><\/p>\n<p><img decoding=\"async\" class=\"alignnone wp-image-896 size-full\" title=\"Vapsolo Super 15000 Puffs Vape descart\u00e1vel Envio gratuito 3\" src=\"https:\/\/www.vapecigwholesale.com\/wp-content\/uploads\/2024\/11\/Vapsolo-Super-15000-Puffs-Disposable-Vape-Free-Shipping-3.webp\" alt=\"Vapsolo Super 15000 Puffs Vape descart\u00e1vel Envio gratuito 3\" width=\"800\" height=\"800\" srcset=\"https:\/\/www.vapecigwholesale.com\/wp-content\/uploads\/2024\/11\/Vapsolo-Super-15000-Puffs-Disposable-Vape-Free-Shipping-3.webp 800w, https:\/\/www.vapecigwholesale.com\/wp-content\/uploads\/2024\/11\/Vapsolo-Super-15000-Puffs-Disposable-Vape-Free-Shipping-3-300x300.webp 300w, https:\/\/www.vapecigwholesale.com\/wp-content\/uploads\/2024\/11\/Vapsolo-Super-15000-Puffs-Disposable-Vape-Free-Shipping-3-150x150.webp 150w, https:\/\/www.vapecigwholesale.com\/wp-content\/uploads\/2024\/11\/Vapsolo-Super-15000-Puffs-Disposable-Vape-Free-Shipping-3-768x768.webp 768w, https:\/\/www.vapecigwholesale.com\/wp-content\/uploads\/2024\/11\/Vapsolo-Super-15000-Puffs-Disposable-Vape-Free-Shipping-3-12x12.webp 12w, https:\/\/www.vapecigwholesale.com\/wp-content\/uploads\/2024\/11\/Vapsolo-Super-15000-Puffs-Disposable-Vape-Free-Shipping-3-575x575.webp 575w, https:\/\/www.vapecigwholesale.com\/wp-content\/uploads\/2024\/11\/Vapsolo-Super-15000-Puffs-Disposable-Vape-Free-Shipping-3-380x380.webp 380w, https:\/\/www.vapecigwholesale.com\/wp-content\/uploads\/2024\/11\/Vapsolo-Super-15000-Puffs-Disposable-Vape-Free-Shipping-3-50x50.webp 50w, https:\/\/www.vapecigwholesale.com\/wp-content\/uploads\/2024\/11\/Vapsolo-Super-15000-Puffs-Disposable-Vape-Free-Shipping-3-26x26.webp 26w, https:\/\/www.vapecigwholesale.com\/wp-content\/uploads\/2024\/11\/Vapsolo-Super-15000-Puffs-Disposable-Vape-Free-Shipping-3-420x420.webp 420w, https:\/\/www.vapecigwholesale.com\/wp-content\/uploads\/2024\/11\/Vapsolo-Super-15000-Puffs-Disposable-Vape-Free-Shipping-3-100x100.webp 100w, https:\/\/www.vapecigwholesale.com\/wp-content\/uploads\/2024\/11\/Vapsolo-Super-15000-Puffs-Disposable-Vape-Free-Shipping-3-80x80.webp 80w\" sizes=\"(max-width: 800px) 100vw, 800px\" \/><\/p>\n<p><img loading=\"lazy\" decoding=\"async\" class=\"alignnone wp-image-894 size-full\" title=\"Vapsolo Super 15000 Puffs Vape descart\u00e1vel Envio gratuito 1\" src=\"https:\/\/www.vapecigwholesale.com\/wp-content\/uploads\/2024\/11\/Vapsolo-Super-15000-Puffs-Disposable-Vape-Free-Shipping-1.webp\" alt=\"Vapsolo Super 15000 Puffs Vape descart\u00e1vel Envio gratuito 1\" width=\"800\" height=\"800\" srcset=\"https:\/\/www.vapecigwholesale.com\/wp-content\/uploads\/2024\/11\/Vapsolo-Super-15000-Puffs-Disposable-Vape-Free-Shipping-1.webp 800w, https:\/\/www.vapecigwholesale.com\/wp-content\/uploads\/2024\/11\/Vapsolo-Super-15000-Puffs-Disposable-Vape-Free-Shipping-1-300x300.webp 300w, https:\/\/www.vapecigwholesale.com\/wp-content\/uploads\/2024\/11\/Vapsolo-Super-15000-Puffs-Disposable-Vape-Free-Shipping-1-150x150.webp 150w, https:\/\/www.vapecigwholesale.com\/wp-content\/uploads\/2024\/11\/Vapsolo-Super-15000-Puffs-Disposable-Vape-Free-Shipping-1-768x768.webp 768w, https:\/\/www.vapecigwholesale.com\/wp-content\/uploads\/2024\/11\/Vapsolo-Super-15000-Puffs-Disposable-Vape-Free-Shipping-1-12x12.webp 12w, https:\/\/www.vapecigwholesale.com\/wp-content\/uploads\/2024\/11\/Vapsolo-Super-15000-Puffs-Disposable-Vape-Free-Shipping-1-575x575.webp 575w, https:\/\/www.vapecigwholesale.com\/wp-content\/uploads\/2024\/11\/Vapsolo-Super-15000-Puffs-Disposable-Vape-Free-Shipping-1-380x380.webp 380w, https:\/\/www.vapecigwholesale.com\/wp-content\/uploads\/2024\/11\/Vapsolo-Super-15000-Puffs-Disposable-Vape-Free-Shipping-1-50x50.webp 50w, https:\/\/www.vapecigwholesale.com\/wp-content\/uploads\/2024\/11\/Vapsolo-Super-15000-Puffs-Disposable-Vape-Free-Shipping-1-26x26.webp 26w, https:\/\/www.vapecigwholesale.com\/wp-content\/uploads\/2024\/11\/Vapsolo-Super-15000-Puffs-Disposable-Vape-Free-Shipping-1-420x420.webp 420w, https:\/\/www.vapecigwholesale.com\/wp-content\/uploads\/2024\/11\/Vapsolo-Super-15000-Puffs-Disposable-Vape-Free-Shipping-1-100x100.webp 100w, https:\/\/www.vapecigwholesale.com\/wp-content\/uploads\/2024\/11\/Vapsolo-Super-15000-Puffs-Disposable-Vape-Free-Shipping-1-80x80.webp 80w\" sizes=\"(max-width: 800px) 100vw, 800px\" \/><\/p>\n<p>&nbsp;<\/p>\n<p>&nbsp;<\/p>\n<p>&nbsp;<\/p>","protected":false},"excerpt":{"rendered":"<p>Pre\u00e7o apenas para 1 unidade Envio gratuito<\/p>\n<p>(<strong>2%, 5% Nic<\/strong>)\u00a0 <strong>Prazo de expedi\u00e7\u00e3o: 2 semanas<\/strong><\/p>","protected":false},"featured_media":932,"comment_status":"open","ping_status":"closed","template":"","meta":{"om_disable_all_campaigns":false,"_monsterinsights_skip_tracking":false,"_monsterinsights_sitenote_active":false,"_monsterinsights_sitenote_note":"","_monsterinsights_sitenote_category":0},"product_brand":[],"product_cat":[15],"product_tag":[],"class_list":{"0":"post-915","1":"product","2":"type-product","3":"status-publish","4":"has-post-thumbnail","6":"product_cat-disposable-vape","8":"first","9":"instock","10":"featured","11":"shipping-taxable","12":"purchasable","13":"product-type-variable","14":"has-default-attributes"},"aioseo_notices":[],"_links":{"self":[{"href":"https:\/\/www.vapecigwholesale.com\/pt\/wp-json\/wp\/v2\/product\/915","targetHints":{"allow":["GET"]}}],"collection":[{"href":"https:\/\/www.vapecigwholesale.com\/pt\/wp-json\/wp\/v2\/product"}],"about":[{"href":"https:\/\/www.vapecigwholesale.com\/pt\/wp-json\/wp\/v2\/types\/product"}],"replies":[{"embeddable":true,"href":"https:\/\/www.vapecigwholesale.com\/pt\/wp-json\/wp\/v2\/comments?post=915"}],"wp:featuredmedia":[{"embeddable":true,"href":"https:\/\/www.vapecigwholesale.com\/pt\/wp-json\/wp\/v2\/media\/932"}],"wp:attachment":[{"href":"https:\/\/www.vapecigwholesale.com\/pt\/wp-json\/wp\/v2\/media?parent=915"}],"wp:term":[{"taxonomy":"product_brand","embeddable":true,"href":"https:\/\/www.vapecigwholesale.com\/pt\/wp-json\/wp\/v2\/product_brand?post=915"},{"taxonomy":"product_cat","embeddable":true,"href":"https:\/\/www.vapecigwholesale.com\/pt\/wp-json\/wp\/v2\/product_cat?post=915"},{"taxonomy":"product_tag","embeddable":true,"href":"https:\/\/www.vapecigwholesale.com\/pt\/wp-json\/wp\/v2\/product_tag?post=915"}],"curies":[{"name":"wp","href":"https:\/\/api.w.org\/{rel}","templated":true}]}}