{"id":947,"date":"2024-11-13T11:08:22","date_gmt":"2024-11-13T03:08:22","guid":{"rendered":"https:\/\/www.vapecigwholesale.com\/?post_type=product&#038;p=947"},"modified":"2025-09-22T14:02:38","modified_gmt":"2025-09-22T06:02:38","slug":"bang-king-25000-puffs-two-pods-disposable-vape-free-shipping","status":"publish","type":"product","link":"https:\/\/www.vapecigwholesale.com\/pt\/product\/bang-king-25000-puffs-dois-pods-descartaveis-vape-envio-gratuito\/","title":{"rendered":"Bang King 25000 Puffs Dois Pods Vape descart\u00e1vel Envio gratuito"},"content":{"rendered":"<p>Bang King 25000 Puffs Vape descart\u00e1vel onde a conveni\u00eancia encontra a inova\u00e7\u00e3o de ponta. Com uma potente bateria de 650mAh e dois reservat\u00f3rios de l\u00edquido de alta capacidade de 23 mililitros, este dispositivo promete uma experi\u00eancia de vaporiza\u00e7\u00e3o robusta e duradoura. Fabricado pela famosa marca Bang King, garante uma viagem excecional ao prazer da vaporiza\u00e7\u00e3o com uma vasta sele\u00e7\u00e3o de sabores tentadores.<\/p>\n<p>Bang King 25000 Puffs Equipado com duas c\u00e2maras de l\u00edquido expans\u00edvel de 23 mililitros, totalizando uns impressionantes 46 mililitros, este vape descart\u00e1vel garante sess\u00f5es de vaporiza\u00e7\u00e3o prolongadas sem o inc\u00f3modo de recargas frequentes. Desfrute de baforadas ininterruptas com uma ampla capacidade, garantindo um prazer cont\u00ednuo e interrup\u00e7\u00f5es m\u00ednimas.<\/p>\n<h2><strong>Bang King 25000 Puffs Detalhes:<\/strong><\/h2>\n<ul>\n<li>Pr\u00e1tico e f\u00e1cil de utilizar com a ativa\u00e7\u00e3o autom\u00e1tica da inala\u00e7\u00e3o<\/li>\n<li>Bateria: 650mah recarreg\u00e1vel<\/li>\n<li>46mL E-liquid pr\u00e9-cheio (2 PODS,23ml+23ml)<\/li>\n<li>Atinge at\u00e9 25000 baforadas<\/li>\n<li>Bobina de malha de 1,0 ohm<\/li>\n<li>0%, 2%, 3%, 5% Intensidade da nicotina<\/li>\n<li>Porta de carregamento tipo C<\/li>\n<\/ul>\n<h2><strong>Bang King 25000 Puffs Sabores dispon\u00edveis\uff1a<\/strong><\/h2>\n<ol>\n<li>Gelo Blue Razz<\/li>\n<li>Gelo de p\u00eassego sumarento<\/li>\n<li>Gelo de melancia<\/li>\n<li>Banana com morango<\/li>\n<li>Melancia com morango<\/li>\n<li>Gelo de ma\u00e7\u00e3 azeda<\/li>\n<li>Gelo triplo de bagas<\/li>\n<li>Frutos tropicais<\/li>\n<li>Gelo de uva<\/li>\n<li>P\u00eassego Manga<\/li>\n<li>Manga com morango<\/li>\n<li>Bomba de cereja<\/li>\n<\/ol>\n<h2><strong>Lista de embalagem:<\/strong><\/h2>\n<p>1 unidade de cada caixa pequena<br \/>\n10 unidades de cada caixa interm\u00e9dia<br \/>\n200 unidades por caixa<\/p>\n<p>&nbsp;<\/p>\n<p><img fetchpriority=\"high\" decoding=\"async\" class=\"alignnone wp-image-933 size-full\" title=\"Bang King 25000 Puffs Double Pods Vape descart\u00e1vel Envio gratuito 1\" src=\"https:\/\/www.vapecigwholesale.com\/wp-content\/uploads\/2024\/11\/Bang-King-25000-Puffs-Double-Pods-Disposable-vape-Free-Shipping-1.webp\" alt=\"Bang King 25000 Puffs Double Pods Vape descart\u00e1vel Envio gratuito 1\" width=\"800\" height=\"800\" srcset=\"https:\/\/www.vapecigwholesale.com\/wp-content\/uploads\/2024\/11\/Bang-King-25000-Puffs-Double-Pods-Disposable-vape-Free-Shipping-1.webp 800w, https:\/\/www.vapecigwholesale.com\/wp-content\/uploads\/2024\/11\/Bang-King-25000-Puffs-Double-Pods-Disposable-vape-Free-Shipping-1-300x300.webp 300w, https:\/\/www.vapecigwholesale.com\/wp-content\/uploads\/2024\/11\/Bang-King-25000-Puffs-Double-Pods-Disposable-vape-Free-Shipping-1-150x150.webp 150w, https:\/\/www.vapecigwholesale.com\/wp-content\/uploads\/2024\/11\/Bang-King-25000-Puffs-Double-Pods-Disposable-vape-Free-Shipping-1-768x768.webp 768w, https:\/\/www.vapecigwholesale.com\/wp-content\/uploads\/2024\/11\/Bang-King-25000-Puffs-Double-Pods-Disposable-vape-Free-Shipping-1-12x12.webp 12w, https:\/\/www.vapecigwholesale.com\/wp-content\/uploads\/2024\/11\/Bang-King-25000-Puffs-Double-Pods-Disposable-vape-Free-Shipping-1-575x575.webp 575w, https:\/\/www.vapecigwholesale.com\/wp-content\/uploads\/2024\/11\/Bang-King-25000-Puffs-Double-Pods-Disposable-vape-Free-Shipping-1-380x380.webp 380w, https:\/\/www.vapecigwholesale.com\/wp-content\/uploads\/2024\/11\/Bang-King-25000-Puffs-Double-Pods-Disposable-vape-Free-Shipping-1-50x50.webp 50w, https:\/\/www.vapecigwholesale.com\/wp-content\/uploads\/2024\/11\/Bang-King-25000-Puffs-Double-Pods-Disposable-vape-Free-Shipping-1-26x26.webp 26w, https:\/\/www.vapecigwholesale.com\/wp-content\/uploads\/2024\/11\/Bang-King-25000-Puffs-Double-Pods-Disposable-vape-Free-Shipping-1-420x420.webp 420w, https:\/\/www.vapecigwholesale.com\/wp-content\/uploads\/2024\/11\/Bang-King-25000-Puffs-Double-Pods-Disposable-vape-Free-Shipping-1-100x100.webp 100w, https:\/\/www.vapecigwholesale.com\/wp-content\/uploads\/2024\/11\/Bang-King-25000-Puffs-Double-Pods-Disposable-vape-Free-Shipping-1-80x80.webp 80w\" sizes=\"(max-width: 800px) 100vw, 800px\" \/><\/p>","protected":false},"excerpt":{"rendered":"<p>Pre\u00e7o apenas para 1 unidade Envio gratuito<\/p>\n<p>(<strong>0%\uff0c2%\uff0c3%\uff0c5% Nic<\/strong>)\u00a0 <strong>Prazo de expedi\u00e7\u00e3o: 2 semanas<\/strong><\/p>","protected":false},"featured_media":1051,"comment_status":"open","ping_status":"closed","template":"","meta":{"om_disable_all_campaigns":false,"_monsterinsights_skip_tracking":false,"_monsterinsights_sitenote_active":false,"_monsterinsights_sitenote_note":"","_monsterinsights_sitenote_category":0},"product_brand":[],"product_cat":[15],"product_tag":[],"class_list":{"0":"post-947","1":"product","2":"type-product","3":"status-publish","4":"has-post-thumbnail","6":"product_cat-disposable-vape","8":"first","9":"instock","10":"sale","11":"featured","12":"shipping-taxable","13":"purchasable","14":"product-type-variable","15":"has-default-attributes"},"aioseo_notices":[],"_links":{"self":[{"href":"https:\/\/www.vapecigwholesale.com\/pt\/wp-json\/wp\/v2\/product\/947","targetHints":{"allow":["GET"]}}],"collection":[{"href":"https:\/\/www.vapecigwholesale.com\/pt\/wp-json\/wp\/v2\/product"}],"about":[{"href":"https:\/\/www.vapecigwholesale.com\/pt\/wp-json\/wp\/v2\/types\/product"}],"replies":[{"embeddable":true,"href":"https:\/\/www.vapecigwholesale.com\/pt\/wp-json\/wp\/v2\/comments?post=947"}],"wp:featuredmedia":[{"embeddable":true,"href":"https:\/\/www.vapecigwholesale.com\/pt\/wp-json\/wp\/v2\/media\/1051"}],"wp:attachment":[{"href":"https:\/\/www.vapecigwholesale.com\/pt\/wp-json\/wp\/v2\/media?parent=947"}],"wp:term":[{"taxonomy":"product_brand","embeddable":true,"href":"https:\/\/www.vapecigwholesale.com\/pt\/wp-json\/wp\/v2\/product_brand?post=947"},{"taxonomy":"product_cat","embeddable":true,"href":"https:\/\/www.vapecigwholesale.com\/pt\/wp-json\/wp\/v2\/product_cat?post=947"},{"taxonomy":"product_tag","embeddable":true,"href":"https:\/\/www.vapecigwholesale.com\/pt\/wp-json\/wp\/v2\/product_tag?post=947"}],"curies":[{"name":"wp","href":"https:\/\/api.w.org\/{rel}","templated":true}]}}