{"id":993,"date":"2024-11-12T12:13:17","date_gmt":"2024-11-12T04:13:17","guid":{"rendered":"https:\/\/www.vapecigwholesale.com\/?post_type=product&#038;p=993"},"modified":"2025-09-22T14:03:28","modified_gmt":"2025-09-22T06:03:28","slug":"elf-box-digital-12000-puffs-disposable-vape-free-shipping","status":"publish","type":"product","link":"https:\/\/www.vapecigwholesale.com\/pt\/product\/elf-box-digital-12000-puffs-vape-descartavel-envio-gratuito\/","title":{"rendered":"ELF Box Digital 12000 Puffs Vape descart\u00e1vel Envio gratuito"},"content":{"rendered":"<p>ELF Box Digital 12000 Puffs Led Display Disposable E-Cigarettes, um dispositivo de alto desempenho concebido para vapers que procuram qualidade e conveni\u00eancia. Com uma impressionante capacidade de 12000 baforadas, este cigarro eletr\u00f3nico descart\u00e1vel garante um prazer prolongado sem necessidade de substitui\u00e7\u00f5es frequentes.<\/p>\n<p>ELF Box Digital 12000 Puffs Equipado com um n\u00facleo de bobina de malha avan\u00e7ada a 0,8ohms, cada baforada proporciona um vapor suave e saboroso. A generosa capacidade de 25 ml de e-l\u00edquido permite sess\u00f5es de vaporiza\u00e7\u00e3o prolongadas, dando-lhe uma ampla oportunidade de saborear os seus sabores favoritos.<\/p>\n<p>ELF Box Digital 12000 Puffs Personalize a sua experi\u00eancia com uma gama de dosagens de nicotina: 2%, 3% e 5%. Esta variedade garante que pode encontrar o equil\u00edbrio perfeito para as suas prefer\u00eancias. Alimentado por uma bateria dur\u00e1vel de 13350-500mAh, o Elf Box DG 12000 oferece um desempenho duradouro, e a porta recarreg\u00e1vel Tipo C garante uma recarga r\u00e1pida e eficiente.<\/p>\n<p>O ecr\u00e3 LED incorporado da ELF Box Digital 12000 Puffs fornece informa\u00e7\u00f5es em tempo real sobre as defini\u00e7\u00f5es de vaporiza\u00e7\u00e3o e a dura\u00e7\u00e3o da bateria, assegurando uma experi\u00eancia de vaporiza\u00e7\u00e3o perfeita e informada. Pesando apenas 82 g, este cigarro eletr\u00f3nico \u00e9 leve e port\u00e1til, o que o torna perfeito para vaporizar durante a viagem.<\/p>\n<h2><strong>Caixa ELF Digital 12000 Puffs Detalhes:<\/strong><\/h2>\n<ul>\n<li>Puffs: 12000 puffs<\/li>\n<li>N\u00facleo: Bobina de malha 0,8 ohm<\/li>\n<li>E-l\u00edquido:25 ml<\/li>\n<li>Bateria:13350-500 mah<\/li>\n<li>Nicotina: 2%\/3%\/5%<\/li>\n<li>Recarreg\u00e1vel:Tipo C<\/li>\n<li>Ecr\u00e3 digital\uff1aEquil\u00edbrio e eletricidade<\/li>\n<li>Tamanho do produto: 30*57*101mm<\/li>\n<li>Tamanho da caixa: 615*223*330mm<\/li>\n<\/ul>\n<h2><strong>ELF Box Digital 12000 Puffs Sabores dispon\u00edveis:<\/strong><\/h2>\n<ol>\n<li>Gelo de amora<\/li>\n<li>Gelo Blue Razz<\/li>\n<li>Mirtilo Framboesa \u00c1cida<\/li>\n<li>Cola de cereja<\/li>\n<li>Mel\u00e3o de coco<\/li>\n<li>Ma\u00e7\u00e3 dupla<\/li>\n<li>Gelo de uva<\/li>\n<li>Kiwi Maracuj\u00e1<\/li>\n<li>Gelo de manga<\/li>\n<li>Frutos mistos<\/li>\n<li>Sr. Blue<\/li>\n<li>Bagas de p\u00eassego<\/li>\n<li>Gelo de p\u00eassego<\/li>\n<li>Banana com morango<\/li>\n<li>Explos\u00e3o de morango<\/li>\n<li>Gelo de morango<\/li>\n<li>Morango Kiwi<\/li>\n<li>Melancia com morango<\/li>\n<li>Pastilha el\u00e1stica de melancia<\/li>\n<li>Gelo de melancia<\/li>\n<\/ol>\n<h2><strong>Lista de embalagem:<\/strong><\/h2>\n<p>1 unidade de cada caixa pequena<br \/>\n10 unidades de cada caixa interm\u00e9dia<br \/>\n200 unidades por caixa<\/p>\n<p><img fetchpriority=\"high\" decoding=\"async\" class=\"alignnone wp-image-966 size-full\" title=\"ELF Box Digital 12000 Puffs Vape descart\u00e1vel Envio gratuito 1\" src=\"https:\/\/www.vapecigwholesale.com\/wp-content\/uploads\/2024\/11\/ELF-Box-Digital-12000-Puffs-Disposable-Vape-Free-Shipping-1.webp\" alt=\"ELF Box Digital 12000 Puffs Vape descart\u00e1vel Envio gratuito 1\" width=\"800\" height=\"451\" srcset=\"https:\/\/www.vapecigwholesale.com\/wp-content\/uploads\/2024\/11\/ELF-Box-Digital-12000-Puffs-Disposable-Vape-Free-Shipping-1.webp 800w, https:\/\/www.vapecigwholesale.com\/wp-content\/uploads\/2024\/11\/ELF-Box-Digital-12000-Puffs-Disposable-Vape-Free-Shipping-1-300x169.webp 300w, https:\/\/www.vapecigwholesale.com\/wp-content\/uploads\/2024\/11\/ELF-Box-Digital-12000-Puffs-Disposable-Vape-Free-Shipping-1-768x433.webp 768w, https:\/\/www.vapecigwholesale.com\/wp-content\/uploads\/2024\/11\/ELF-Box-Digital-12000-Puffs-Disposable-Vape-Free-Shipping-1-18x10.webp 18w, https:\/\/www.vapecigwholesale.com\/wp-content\/uploads\/2024\/11\/ELF-Box-Digital-12000-Puffs-Disposable-Vape-Free-Shipping-1-575x324.webp 575w, https:\/\/www.vapecigwholesale.com\/wp-content\/uploads\/2024\/11\/ELF-Box-Digital-12000-Puffs-Disposable-Vape-Free-Shipping-1-380x214.webp 380w, https:\/\/www.vapecigwholesale.com\/wp-content\/uploads\/2024\/11\/ELF-Box-Digital-12000-Puffs-Disposable-Vape-Free-Shipping-1-80x45.webp 80w\" sizes=\"(max-width: 800px) 100vw, 800px\" \/><\/p>\n<p><img decoding=\"async\" class=\"wp-image-967 size-full\" title=\"ELF Box Digital 12000 Puffs Vape descart\u00e1vel Envio gratuito 2\" src=\"https:\/\/www.vapecigwholesale.com\/wp-content\/uploads\/2024\/11\/ELF-Box-Digital-12000-Puffs-Disposable-Vape-Free-Shipping-2.webp\" alt=\"ELF Box Digital 12000 Puffs Vape descart\u00e1vel Envio gratuito 2\" width=\"800\" height=\"448\" srcset=\"https:\/\/www.vapecigwholesale.com\/wp-content\/uploads\/2024\/11\/ELF-Box-Digital-12000-Puffs-Disposable-Vape-Free-Shipping-2.webp 800w, https:\/\/www.vapecigwholesale.com\/wp-content\/uploads\/2024\/11\/ELF-Box-Digital-12000-Puffs-Disposable-Vape-Free-Shipping-2-300x168.webp 300w, https:\/\/www.vapecigwholesale.com\/wp-content\/uploads\/2024\/11\/ELF-Box-Digital-12000-Puffs-Disposable-Vape-Free-Shipping-2-768x430.webp 768w, https:\/\/www.vapecigwholesale.com\/wp-content\/uploads\/2024\/11\/ELF-Box-Digital-12000-Puffs-Disposable-Vape-Free-Shipping-2-18x10.webp 18w, https:\/\/www.vapecigwholesale.com\/wp-content\/uploads\/2024\/11\/ELF-Box-Digital-12000-Puffs-Disposable-Vape-Free-Shipping-2-575x322.webp 575w, https:\/\/www.vapecigwholesale.com\/wp-content\/uploads\/2024\/11\/ELF-Box-Digital-12000-Puffs-Disposable-Vape-Free-Shipping-2-380x213.webp 380w, https:\/\/www.vapecigwholesale.com\/wp-content\/uploads\/2024\/11\/ELF-Box-Digital-12000-Puffs-Disposable-Vape-Free-Shipping-2-80x45.webp 80w\" sizes=\"(max-width: 800px) 100vw, 800px\" \/><\/p>\n<p><img decoding=\"async\" class=\"wp-image-968 size-full\" title=\"ELF Box Digital 12000 Puffs Vape descart\u00e1vel Envio gratuito 3\" src=\"https:\/\/www.vapecigwholesale.com\/wp-content\/uploads\/2024\/11\/ELF-Box-Digital-12000-Puffs-Disposable-Vape-Free-Shipping-3.webp\" alt=\"ELF Box Digital 12000 Puffs Vape descart\u00e1vel Envio gratuito 3\" width=\"800\" height=\"800\" srcset=\"https:\/\/www.vapecigwholesale.com\/wp-content\/uploads\/2024\/11\/ELF-Box-Digital-12000-Puffs-Disposable-Vape-Free-Shipping-3.webp 800w, https:\/\/www.vapecigwholesale.com\/wp-content\/uploads\/2024\/11\/ELF-Box-Digital-12000-Puffs-Disposable-Vape-Free-Shipping-3-300x300.webp 300w, https:\/\/www.vapecigwholesale.com\/wp-content\/uploads\/2024\/11\/ELF-Box-Digital-12000-Puffs-Disposable-Vape-Free-Shipping-3-150x150.webp 150w, https:\/\/www.vapecigwholesale.com\/wp-content\/uploads\/2024\/11\/ELF-Box-Digital-12000-Puffs-Disposable-Vape-Free-Shipping-3-768x768.webp 768w, https:\/\/www.vapecigwholesale.com\/wp-content\/uploads\/2024\/11\/ELF-Box-Digital-12000-Puffs-Disposable-Vape-Free-Shipping-3-12x12.webp 12w, https:\/\/www.vapecigwholesale.com\/wp-content\/uploads\/2024\/11\/ELF-Box-Digital-12000-Puffs-Disposable-Vape-Free-Shipping-3-575x575.webp 575w, https:\/\/www.vapecigwholesale.com\/wp-content\/uploads\/2024\/11\/ELF-Box-Digital-12000-Puffs-Disposable-Vape-Free-Shipping-3-380x380.webp 380w, https:\/\/www.vapecigwholesale.com\/wp-content\/uploads\/2024\/11\/ELF-Box-Digital-12000-Puffs-Disposable-Vape-Free-Shipping-3-50x50.webp 50w, https:\/\/www.vapecigwholesale.com\/wp-content\/uploads\/2024\/11\/ELF-Box-Digital-12000-Puffs-Disposable-Vape-Free-Shipping-3-26x26.webp 26w, https:\/\/www.vapecigwholesale.com\/wp-content\/uploads\/2024\/11\/ELF-Box-Digital-12000-Puffs-Disposable-Vape-Free-Shipping-3-420x420.webp 420w, https:\/\/www.vapecigwholesale.com\/wp-content\/uploads\/2024\/11\/ELF-Box-Digital-12000-Puffs-Disposable-Vape-Free-Shipping-3-100x100.webp 100w, https:\/\/www.vapecigwholesale.com\/wp-content\/uploads\/2024\/11\/ELF-Box-Digital-12000-Puffs-Disposable-Vape-Free-Shipping-3-80x80.webp 80w\" sizes=\"(max-width: 800px) 100vw, 800px\" \/><\/p>","protected":false},"excerpt":{"rendered":"<p>Pre\u00e7o apenas para 1 unidade Envio gratuito<\/p>\n<p>(2%\uff0c3%\uff0c5% Nic)\u00a0 <strong>Prazo de expedi\u00e7\u00e3o: 2 semanas<\/strong><\/p>","protected":false},"featured_media":972,"comment_status":"open","ping_status":"closed","template":"","meta":{"om_disable_all_campaigns":false,"_monsterinsights_skip_tracking":false,"_monsterinsights_sitenote_active":false,"_monsterinsights_sitenote_note":"","_monsterinsights_sitenote_category":0},"product_brand":[],"product_cat":[15],"product_tag":[],"class_list":{"0":"post-993","1":"product","2":"type-product","3":"status-publish","4":"has-post-thumbnail","6":"product_cat-disposable-vape","8":"first","9":"instock","10":"sale","11":"featured","12":"shipping-taxable","13":"purchasable","14":"product-type-variable","15":"has-default-attributes"},"aioseo_notices":[],"_links":{"self":[{"href":"https:\/\/www.vapecigwholesale.com\/pt\/wp-json\/wp\/v2\/product\/993","targetHints":{"allow":["GET"]}}],"collection":[{"href":"https:\/\/www.vapecigwholesale.com\/pt\/wp-json\/wp\/v2\/product"}],"about":[{"href":"https:\/\/www.vapecigwholesale.com\/pt\/wp-json\/wp\/v2\/types\/product"}],"replies":[{"embeddable":true,"href":"https:\/\/www.vapecigwholesale.com\/pt\/wp-json\/wp\/v2\/comments?post=993"}],"wp:featuredmedia":[{"embeddable":true,"href":"https:\/\/www.vapecigwholesale.com\/pt\/wp-json\/wp\/v2\/media\/972"}],"wp:attachment":[{"href":"https:\/\/www.vapecigwholesale.com\/pt\/wp-json\/wp\/v2\/media?parent=993"}],"wp:term":[{"taxonomy":"product_brand","embeddable":true,"href":"https:\/\/www.vapecigwholesale.com\/pt\/wp-json\/wp\/v2\/product_brand?post=993"},{"taxonomy":"product_cat","embeddable":true,"href":"https:\/\/www.vapecigwholesale.com\/pt\/wp-json\/wp\/v2\/product_cat?post=993"},{"taxonomy":"product_tag","embeddable":true,"href":"https:\/\/www.vapecigwholesale.com\/pt\/wp-json\/wp\/v2\/product_tag?post=993"}],"curies":[{"name":"wp","href":"https:\/\/api.w.org\/{rel}","templated":true}]}}